{"id":1144,"date":"2025-02-21T15:32:59","date_gmt":"2025-02-21T15:32:59","guid":{"rendered":"https:\/\/hyko.pl\/?post_type=product&#038;p=1144"},"modified":"2026-02-17T15:11:43","modified_gmt":"2026-02-17T15:11:43","slug":"silownik-frontowy-do-wywrotu-hyko-hyperlift-ghs-175-x-5-x-7630-c-k1868-gorne-mocowanie-z-uchem","status":"publish","type":"product","link":"https:\/\/hyko.pl\/cs\/product-2\/predni-sklapeci-motor-hyko-hyperlift-ghs-175-x-5-x-7630-c-k1868-horni-montaz-s-okem\/","title":{"rendered":"P\u0159edn\u00ed skl\u00e1p\u011bc\u00ed v\u00e1lec HYKO - HyperLIFT - GHS 175 x 5 x 7630 C K1868 - horn\u00ed mont\u00e1\u017e s okem"},"content":{"rendered":"<h2>Skl\u00e1p\u011bc\u00ed p\u0159edn\u00ed pohon HYKO HyperLIFT - <strong>\ud83d\udcaa S\u00edla v ka\u017ed\u00e9m detailu \ud83d\udcaa<br \/>\n<\/strong><\/h2>\n<h4><strong>Z\u00c1RUKA 3 ROKY!<br \/>\nV\u0160ECHNY STUPN\u011a V\u00c1LC\u016e JSOU CHROMOVAN\u00c9!<br \/>\nNA V\u00ddROBEK SE VZTAHUJE 24HODINOV\u00dd Z\u00c1RU\u010cN\u00cd PROGRAM!<\/strong><\/h4>\n<p>Generace \u010deln\u00edch pohon\u016f HyperLIFT spole\u010dnosti HYKO je volbou, kter\u00e1 nov\u011b definuje standardy v oboru hydraulick\u00fdch pohon\u016f. Byly navr\u017eeny s ohledem na n\u00e1ro\u010dn\u00e9 u\u017eivatele a vyzna\u010duj\u00ed se v\u00fdjime\u010dn\u00fdm v\u00fdkonem, p\u0159esnost\u00ed a spolehlivost\u00ed. Jedn\u00e1 se o v\u00fdrobek, kter\u00fd kombinuje pokro\u010dilou technologii s nejkvalitn\u011bj\u0161\u00edmi materi\u00e1ly a poskytuje \u0159e\u0161en\u00ed sou\u010dasn\u00fdch v\u00fdzev.<\/p>\n<h2><\/h2>\n<h3><strong>\u010celn\u00ed skl\u00e1p\u011bc\u00ed pohon HYKO - odolnost a dlouh\u00e1 \u017eivotnost\u00a0<\/strong><\/h3>\n<ul>\n<li><strong>\ud83d\udd27 Odoln\u00fd design<\/strong>: Pohony HYKO HyperLIFT jsou konstruov\u00e1ny tak, aby fungovaly i v t\u011bch nejn\u00e1ro\u010dn\u011bj\u0161\u00edch podm\u00ednk\u00e1ch.<\/li>\n<li><strong>\ud83d\udee1\ufe0f Odolnost proti korozi<\/strong>: Chromovan\u00fd n\u00e1\u0161lapn\u00fd povrch o tlou\u0161\u0165ce +\/- 50 mikron\u016f zaru\u010duje jedine\u010dnou odolnost proti korozi a opot\u0159eben\u00ed.<\/li>\n<li><strong>\u2699\ufe0f Spolehlivost<\/strong>: Materi\u00e1ly a tvarov\u00fd profil t\u011bsn\u011bn\u00ed v kombinaci s chromovan\u00fdm povrchem stup\u0148\u016f pohonu \u010din\u00ed z generace `HYKO HyperLIFT v\u00fdrobek, kter\u00fd nezklame!<\/li>\n<\/ul>\n<h3><strong>Skl\u00e1p\u011bc\u00ed p\u0159edn\u00ed pohon HYKO - <\/strong><strong>Nep\u0159ekonateln\u00e1 funk\u010dnost<\/strong><\/h3>\n<ul>\n<li><strong>\u23f1\ufe0f Rychl\u00e1 akce<\/strong>: Kr\u00e1tk\u00e9 doby zved\u00e1n\u00ed a spou\u0161t\u011bn\u00ed zaji\u0161\u0165uj\u00ed maxim\u00e1ln\u00ed efektivitu provozu, \u00fasporu \u010dasu a energie.<\/li>\n<li><strong>\ud83d\udd29 Modul\u00e1rn\u00ed konstrukce<\/strong>: Vyrobeno z nejkvalitn\u011bj\u0161\u00edch materi\u00e1l\u016f, jako je vysokopevnostn\u00ed ocel, pro mimo\u0159\u00e1dnou spolehlivost a odolnost.<\/li>\n<li><strong>\ud83d\udee0\ufe0f Stabilizace skl\u00e1p\u011b\u010de<\/strong>: Inovativn\u00ed konstrukce aktu\u00e1toru zlep\u0161uje kinematiku operace, \u010d\u00edm\u017e zvy\u0161uje p\u0159esnost a bezpe\u010dnost operace.<\/li>\n<li>\ud83d\udcaa <strong>Provozn\u00ed tlak 250 bar\u016f: <\/strong>V\u00e1lec kompatibiln\u00ed s nejvy\u0161\u0161\u00edmi provozn\u00edmi normami pro skl\u00e1p\u011bc\u00ed syst\u00e9my n\u00e1kladn\u00edch vozidel.<\/li>\n<\/ul>\n<h3><strong>Skl\u00e1p\u011bc\u00ed p\u0159edn\u00ed pohon HYKO - <\/strong><strong>Lehk\u00e9 a bez\u00fadr\u017ebov\u00e9<\/strong><\/h3>\n<ul>\n<li><strong>\u2696\ufe0f Sn\u00ed\u017een\u00e1 hmotnost<\/strong>: Pohony HYKO HyperLIFT jsou navr\u017eeny tak, aby sni\u017eovaly hmotnost vozidla, co\u017e vede ke zv\u00fd\u0161en\u00ed nosnosti.<\/li>\n<li><strong>\ud83d\udd27 Bez\u00fadr\u017ebov\u00fd charakter<\/strong>: Bez\u00fadr\u017ebovost eliminuje pot\u0159ebu pravideln\u00fdch kontrol a \u00fadr\u017eby, co\u017e d\u00e1le sni\u017euje provozn\u00ed n\u00e1klady.<\/li>\n<\/ul>\n<h3><strong>Skl\u00e1p\u011bc\u00ed p\u0159edn\u00ed pohon HYKO - <\/strong><strong>Spolehlivost ve v\u0161ech situac\u00edch<\/strong><\/h3>\n<ul>\n<li><strong>\ud83d\udd12 Nejvy\u0161\u0161\u00ed t\u011bsnost<\/strong>: Pou\u017eit\u00ed vysoce kvalitn\u00edch t\u011bsn\u011bn\u00ed zaji\u0161\u0165uje t\u011bsnost a spolehlivost i v t\u011bch nejextr\u00e9mn\u011bj\u0161\u00edch provozn\u00edch podm\u00ednk\u00e1ch.<\/li>\n<li><strong>\ud83c\udf21\ufe0f Odolnost v\u016f\u010di podm\u00ednk\u00e1m<\/strong>: Bez ohledu na teplotu, zat\u00ed\u017een\u00ed nebo n\u00e1ro\u010dn\u00e9 prost\u0159ed\u00ed - pohony HYKO HyperLIFT spolehliv\u011b funguj\u00ed.<\/li>\n<\/ul>\n<p><strong>Souhrn<\/strong> Generace \u010deln\u00edch pohon\u016f HyperLIFT spole\u010dnosti HYKO je synonymem dokonalosti, na kterou se m\u016f\u017eete spolehnout v ka\u017ed\u00e9m aspektu sv\u00e9ho provozu. Pokud hled\u00e1te \u0159e\u0161en\u00ed, kter\u00e9 kombinuje v\u00fdkon, p\u0159esnost a dlouhou \u017eivotnost, je volba pohon\u016f HYKO investic\u00ed, kter\u00e1 se v\u00e1m dlouhodob\u011b vyplat\u00ed. Kontaktujte n\u00e1s je\u0161t\u011b dnes a dozv\u00edte se v\u00edce!<\/p>\n<p><strong>P\u0159edn\u00ed pohony HYKO HyperLIFT<\/strong><\/p>\n<p>\u2705\u00a0<strong>Chromov\u00e1n\u00ed ka\u017ed\u00e9 \u010d\u00e1sti - standardn\u011b bez p\u0159\u00edplatku.<\/strong><br \/>\n\u00dapln\u00e9 chromov\u00e1n\u00ed ka\u017ed\u00e9ho stupn\u011b znamen\u00e1\u00a0<strong>v\u00fdrazn\u011b vy\u0161\u0161\u00ed odolnost proti korozi<\/strong>, dokonce\u00a0<strong>4kr\u00e1t tvrd\u0161\u00ed povrch odoln\u00fd proti po\u0161kr\u00e1b\u00e1n\u00ed<\/strong>men\u0161\u00ed opot\u0159eben\u00ed t\u011bsn\u011bn\u00ed a\u00a0<strong>prodlou\u017een\u00e1 \u017eivotnost pohonu<\/strong>. N\u00edzk\u00e1 drsnost chromovan\u00e9ho povrchu zaji\u0161\u0165uje.\u00a0<strong>hladk\u00fd chod a n\u00edzk\u00e9 t\u0159en\u00ed mezi jednotliv\u00fdmi stupni<\/strong>.<\/p>\n<p>\u2705\u00a0<strong>Modul\u00e1rn\u00ed konstrukce se zv\u011bt\u0161enou pracovn\u00ed plochou mezi jednotliv\u00fdmi stupni.<\/strong><br \/>\nTo znamen\u00e1, \u017ee\u00a0<strong>v\u011bt\u0161\u00ed tuhost, lep\u0161\u00ed ovladatelnost a vysok\u00e1 stabilita p\u0159i zat\u00ed\u017een\u00ed.<\/strong>i v t\u011bch nejn\u00e1ro\u010dn\u011bj\u0161\u00edch provozn\u00edch podm\u00ednk\u00e1ch. Zes\u00edlen\u00e1 konstrukce v\u00e1lce.<br \/>\n\u2705\u00a0<strong>Kovan\u00e9 sou\u010d\u00e1sti - oko a spodn\u00ed krou\u017eek s kol\u00edky.<\/strong><br \/>\nV\u00fdkovky maj\u00ed\u00a0<strong>mnohem pevn\u011bj\u0161\u00ed struktura materi\u00e1lu ne\u017e u odlitk\u016f<\/strong>kter\u00fd poskytuje\u00a0<strong>vy\u0161\u0161\u00ed odolnost proti p\u0159et\u00ed\u017een\u00ed, prasknut\u00ed a dlouhodob\u00e9mu nam\u00e1h\u00e1n\u00ed.<\/strong>.<\/p>\n<p>\u2705\u00a0<strong>\u010cepy jsou povrchov\u011b induk\u010dn\u011b kalen\u00e9.<\/strong><br \/>\nTvrzen\u00e1 vn\u011bj\u0161\u00ed vrstva v kombinaci s pru\u017en\u00fdm j\u00e1drem znamen\u00e1.\u00a0<strong>mnohon\u00e1sobn\u011b del\u0161\u00ed \u017eivotnost<\/strong>\u017e\u00e1dn\u00e9 st\u00edr\u00e1n\u00ed povrchu a\u00a0<strong>\u017e\u00e1dn\u00e1 v\u016fle p\u0159i provozu<\/strong>.<\/p>\n<p>\u2705\u00a0<strong>Pr\u016fm\u011br z\u00e1kladny 175 mm.<\/strong><br \/>\nV\u011bt\u0161\u00ed pr\u016fm\u011br je\u00a0<strong>pevn\u011bj\u0161\u00ed a stabiln\u011bj\u0161\u00ed konstrukce<\/strong>\u00a0a\u00a0<strong>vy\u0161\u0161\u00ed nosnost<\/strong>s relativn\u011b mal\u00fdm n\u00e1r\u016fstem hmotnosti pohonu.<\/p>\n<p>\u2705\u00a0<strong>T\u011bsn\u011bn\u00ed HD s nap\u00ednac\u00edm prvkem.<\/strong><br \/>\nObal s dvojit\u00fdm t\u011bsn\u011bn\u00edm zachov\u00e1v\u00e1\u00a0<strong>pevn\u00fd p\u0159\u00edtlak na chromovan\u00e9 zrc\u00e1tko<\/strong>, co\u017e zaru\u010duje\u00a0<strong>maxim\u00e1ln\u00ed t\u011bsnost, men\u0161\u00ed t\u0159en\u00ed, ni\u017e\u0161\u00ed opot\u0159eben\u00ed<\/strong>\u00a0a\u00a0<strong>pln\u00e1 odolnost v\u016f\u010di ne\u010distot\u00e1m a vysok\u00fdm tlak\u016fm.<\/strong>.<\/p>\n<p>\u2705\u00a0<strong>Pracovn\u00ed tlak 250 bar + optimalizovan\u00e1 konstruk\u010dn\u00ed hmotnost.<\/strong><br \/>\n<strong>V\u011bt\u0161\u00ed v\u00fdkon, v\u011bt\u0161\u00ed u\u017eite\u010dn\u00e9 zat\u00ed\u017een\u00ed, m\u00e9n\u011b poruch.<\/strong><\/p>\n<p>\u2705\u00a0<strong>Bez\u00fadr\u017ebovost pr\u00e1ce.<\/strong><br \/>\n<strong>Minim\u00e1ln\u00ed servis - maxim\u00e1ln\u00ed v\u00fdkon.<\/strong><\/p>\n<p>\u2705\u00a0<strong>3let\u00e1 z\u00e1ruka na syst\u00e9my s filtrac\u00ed oleje.<\/strong><br \/>\nP\u0159i spr\u00e1vn\u00e9m filtrov\u00e1n\u00ed je cel\u00fd syst\u00e9m HYKO pokryt\u00fd\u00a0<strong>pln\u00e1 3let\u00e1 z\u00e1ruka<\/strong>.<\/p>\n<h3>HYKO - polsk\u00e1 zna\u010dka pro n\u00e1ro\u010dn\u00e9!<\/h3>\n<p>HYKO je polsk\u00e1 zna\u010dka vytvo\u0159en\u00e1 pro ty, kte\u0159\u00ed hledaj\u00ed nejlep\u0161\u00ed \u0159e\u0161en\u00ed za rozumnou cenu. Na\u0161\u00ed prioritou je spojit kvalitu a funk\u010dnost, kter\u00e1 je standardem, nikoliv luxusem. \ud83d\udca1<br \/>\nD\u00edky v\u00edce ne\u017e 25 let\u016fm zku\u0161enost\u00ed v oboru nab\u00edz\u00edme nejmodern\u011bj\u0161\u00ed produkty, kter\u00e9 spl\u0148uj\u00ed o\u010dek\u00e1v\u00e1n\u00ed i t\u011bch nejn\u00e1ro\u010dn\u011bj\u0161\u00edch z\u00e1kazn\u00edk\u016f. Ka\u017ed\u00fd z na\u0161ich v\u00fdrobk\u016f je v\u00fdsledkem pe\u010dliv\u011b vybran\u00fdch komponent a precizn\u00ed kontroly kvality.<br \/>\n\u010c\u00edm se spole\u010dnost HYKO odli\u0161uje?<br \/>\n\ud83c\udf1f \u0160pi\u010dkov\u00e1 kvalita: Pe\u010dliv\u011b vybran\u00e9 komponenty od nejlep\u0161\u00edch evropsk\u00fdch, indick\u00fdch a \u010d\u00ednsk\u00fdch dodavatel\u016f.<br \/>\n\u2696\ufe0f F\u00e9rov\u00e1 cena: Plat\u00edte za skute\u010dnou kvalitu, ne za zna\u010dku na \u0161t\u00edtku.<br \/>\n\u2705 Spolehlivost: na\u0161e v\u00fdrobky p\u0159ekra\u010duj\u00ed normy a zaji\u0161\u0165uj\u00ed dlouhodob\u00fd a bezprobl\u00e9mov\u00fd provoz.<br \/>\nPro\u010d si vybrat HYKO?<br \/>\nNejv\u011bt\u0161\u00ed a nejrenomovan\u011bj\u0161\u00ed zna\u010dky ji\u017e l\u00e9ta pou\u017e\u00edvaj\u00ed \u0159e\u0161en\u00ed od \u010d\u00ednsk\u00fdch, indick\u00fdch a evropsk\u00fdch v\u00fdrobc\u016f, kter\u00e1 pou\u017e\u00edv\u00e1me i my. D\u00edky kontrolovan\u00fdm v\u00fdrobn\u00edm proces\u016fm jsou na\u0161e komponenty spolehliv\u00e9 i v t\u011bch nejn\u00e1ro\u010dn\u011bj\u0161\u00edch podm\u00ednk\u00e1ch.<br \/>\nV\u00fdroba komponent\u016f z Indie a \u010c\u00edny - spolehliv\u00e1 kvalita za dobrou cenu - neplat\u00edte za zna\u010dku na \u0161t\u00edtku v\u00fdrobku!<br \/>\nNa\u0161e komponenty odeb\u00edr\u00e1me nejen z Evropy, ale tak\u00e9 od renomovan\u00fdch dodavatel\u016f z Indie a \u010c\u00edny. V\u00fdrobn\u00ed procesy v t\u011bchto zem\u00edch jsou pe\u010dliv\u011b sledov\u00e1ny a kvalita komponent \u010dasto p\u0159ekra\u010duje evropsk\u00e9 standardy. Spolupracujeme pouze se spole\u010dnostmi, kter\u00e9 zaru\u010duj\u00ed nejvy\u0161\u0161\u00ed kvalitu a inovativn\u00ed technologie. To n\u00e1m umo\u017e\u0148uje nab\u00edzet v\u00fdrobky za konkurenceschopn\u00e9 ceny p\u0159i zachov\u00e1n\u00ed nejvy\u0161\u0161\u00edch parametr\u016f spolehlivosti a \u017eivotnosti.<br \/>\n\ud83d\udcaa Kvalita a funk\u010dnost za rozumn\u00e9 pen\u00edze!<br \/>\nVe spole\u010dnosti HYKO v\u011b\u0159\u00edme, \u017ee je mo\u017en\u00e9 dod\u00e1vat spolehliv\u00e9 v\u00fdrobky bez kompromis\u016f. Na\u0161e \u0159e\u0161en\u00ed jsou investic\u00ed do v\u00fdkonu, spolehlivosti a spokojenosti na dlouh\u00e1 l\u00e9ta.<br \/>\nKontaktujte n\u00e1s je\u0161t\u011b dnes a zjist\u011bte, jak HYKO m\u016f\u017ee zlep\u0161it va\u0161i pr\u00e1ci! \u2728<\/p>","protected":false},"excerpt":{"rendered":"<p><strong>P\u0159edn\u00ed pohony HYKO HyperLift<\/strong> je z\u00e1rukou spolehlivosti a v\u00fdkonu za v\u0161ech podm\u00ednek. D\u00edky <strong>v\u0161echny chromov\u00e9 kroky<\/strong> a provozn\u00ed tlak <strong>250 bar\u016f<\/strong> poskytuj\u00ed v\u00fdjime\u010dnou trvanlivost a odolnost proti opot\u0159eben\u00ed. Jejich modul\u00e1rn\u00ed konstrukce a stabiliza\u010dn\u00ed syst\u00e9m skl\u00e1p\u011b\u010de umo\u017e\u0148uj\u00ed rychlou, plynulou a bezpe\u010dnou vykl\u00e1dku. HyperLift db\u00e1 tak\u00e9 na u\u017eivatelsk\u00fd komfort - v\u00e1lce jsou. <strong>bez\u00fadr\u017ebov\u00e9<\/strong>a jejich \u017eivotnost je mnohem del\u0161\u00ed ne\u017e u standardn\u00edch \u0159e\u0161en\u00ed. \u0158ada HyperLift nav\u00edc nab\u00edz\u00ed <strong>24hodinov\u00fd z\u00e1ru\u010dn\u00ed program<\/strong>kter\u00e1 poskytuje rychlou servisn\u00ed podporu. Je to technologie, na kterou se m\u016f\u017eete spolehnout.<\/p>","protected":false},"featured_media":1142,"comment_status":"open","ping_status":"closed","template":"","meta":{"_acf_changed":false},"product_brand":[],"product_cat":[21],"product_tag":[],"class_list":{"0":"post-1144","1":"product","2":"type-product","3":"status-publish","4":"has-post-thumbnail","6":"product_cat-silowniki-frontowe-czolowe-z-gornym-mocowaniem-oko","8":"first","9":"instock","10":"taxable","11":"shipping-taxable","12":"purchasable","13":"product-type-simple"},"acf":[],"_links":{"self":[{"href":"https:\/\/hyko.pl\/cs\/wp-json\/wp\/v2\/product\/1144","targetHints":{"allow":["GET"]}}],"collection":[{"href":"https:\/\/hyko.pl\/cs\/wp-json\/wp\/v2\/product"}],"about":[{"href":"https:\/\/hyko.pl\/cs\/wp-json\/wp\/v2\/types\/product"}],"replies":[{"embeddable":true,"href":"https:\/\/hyko.pl\/cs\/wp-json\/wp\/v2\/comments?post=1144"}],"wp:featuredmedia":[{"embeddable":true,"href":"https:\/\/hyko.pl\/cs\/wp-json\/wp\/v2\/media\/1142"}],"wp:attachment":[{"href":"https:\/\/hyko.pl\/cs\/wp-json\/wp\/v2\/media?parent=1144"}],"wp:term":[{"taxonomy":"product_brand","embeddable":true,"href":"https:\/\/hyko.pl\/cs\/wp-json\/wp\/v2\/product_brand?post=1144"},{"taxonomy":"product_cat","embeddable":true,"href":"https:\/\/hyko.pl\/cs\/wp-json\/wp\/v2\/product_cat?post=1144"},{"taxonomy":"product_tag","embeddable":true,"href":"https:\/\/hyko.pl\/cs\/wp-json\/wp\/v2\/product_tag?post=1144"}],"curies":[{"name":"wp","href":"https:\/\/api.w.org\/{rel}","templated":true}]}}