{"id":1178,"date":"2025-02-22T12:41:36","date_gmt":"2025-02-22T12:41:36","guid":{"rendered":"https:\/\/hyko.pl\/?post_type=product&#038;p=1178"},"modified":"2025-03-18T14:44:06","modified_gmt":"2025-03-18T14:44:06","slug":"pompa-zebata-hyko-supreme-82-l-min-dwukierunkowa-porty-podlaczenia-tyl-pompy","status":"publish","type":"product","link":"https:\/\/hyko.pl\/cs\/product-2\/hyko-supreme-82-l-min-obousmerne-cerpadlo-zebra-zadni-pripojovaci-porty\/","title":{"rendered":"Oboustrann\u00e9 zubov\u00e9 \u010derpadlo HYKO Supreme 82 l\/min (zadn\u00ed p\u0159ipojovac\u00ed otvory)"},"content":{"rendered":"<h2 data-start=\"0\" data-end=\"52\">Obousm\u011brn\u00e9 zubov\u00e9 \u010derpadlo HYKO Supreme 82 l\/min (zadn\u00ed p\u0159ipojovac\u00ed otvory). Zm\u011bna ot\u00e1\u010dek \u010derpadla nevy\u017eaduje mechanick\u00fd z\u00e1sah. Sta\u010d\u00ed vym\u011bnit p\u0159ipojovac\u00ed porty.<\/h2>\n<p data-start=\"0\" data-end=\"52\"><strong data-start=\"0\" data-end=\"50\">HYKO Supreme - Zubov\u00e1 \u010derpadla nejvy\u0161\u0161\u00ed kvality<\/strong><\/p>\n<p data-start=\"54\" data-end=\"110\"> <strong data-start=\"57\" data-end=\"105\">Spolehlivost a \u00fa\u010dinnost za v\u0161ech podm\u00ednek<\/strong> <\/p>\n<p data-start=\"112\" data-end=\"475\">Zubov\u00e1 \u010derpadla HYKO Supreme jsou synonymem odolnosti, p\u0159esnosti a vynikaj\u00edc\u00ed kvality proveden\u00ed. Jsou navr\u017eena pro intenzivn\u00ed pou\u017eit\u00ed a zaji\u0161\u0165uj\u00ed spolehlivost i v t\u011bch nejn\u00e1ro\u010dn\u011bj\u0161\u00edch provozn\u00edch podm\u00ednk\u00e1ch. D\u00edky pou\u017eit\u00ed \u0161pi\u010dkov\u00fdch materi\u00e1l\u016f a modern\u00edch v\u00fdrobn\u00edch technologi\u00ed jsou na\u0161e \u010derpadla ide\u00e1ln\u00edm \u0159e\u0161en\u00edm pro jak\u00fdkoli hydraulick\u00fd syst\u00e9m.<\/p>\n<p data-start=\"477\" data-end=\"682\"> <strong data-start=\"480\" data-end=\"516\">Kompatibilita a v\u0161estrannost<\/strong><br data-start=\"516\" data-end=\"519\" \/>\u010cerpadla HYKO Supreme se doporu\u010duj\u00ed pro pou\u017eit\u00ed se v\u0161emi typy v\u00fdvodov\u00fdch h\u0159\u00eddel\u00ed (PTO), co\u017e zaji\u0161\u0165uje \u0161irokou \u0161k\u00e1lu aplikac\u00ed a plnou kompatibilitu.<\/p>\n<p data-start=\"684\" data-end=\"949\"> <strong data-start=\"687\" data-end=\"727\">Odolnost v\u016f\u010di extr\u00e9mn\u00edm teplot\u00e1m<\/strong><br data-start=\"727\" data-end=\"730\" \/>Standardn\u00ed \u010derpadla HYKO Supreme jsou vybavena <strong data-start=\"777\" data-end=\"804\">dva typy t\u011bsn\u011bn\u00ed<\/strong>p\u0159izp\u016fsoben\u00e9 r\u016fzn\u00fdm pracovn\u00edm podm\u00ednk\u00e1m:<br data-start=\"844\" data-end=\"847\" \/>\u2714 <strong data-start=\"849\" data-end=\"870\">T\u011bsn\u011bn\u00ed NBR<\/strong> - odolnost v\u016f\u010di <strong data-start=\"886\" data-end=\"894\">80\u00b0C<\/strong><br data-start=\"894\" data-end=\"897\" \/>\u2714 <strong data-start=\"899\" data-end=\"922\">T\u011bsn\u011bn\u00ed VITON<\/strong> - odolnost v\u016f\u010di <strong data-start=\"938\" data-end=\"947\" data-is-only-node=\"\">220\u00b0C<\/strong><\/p>\n<p data-start=\"951\" data-end=\"1208\">D\u00edky tomu jsou \u010derpadla HYKO Supreme vhodn\u00e1 pro nejr\u016fzn\u011bj\u0161\u00ed aplikace a n\u00e1ro\u010dn\u00e1 provozn\u00ed prost\u0159ed\u00ed. Pokud pot\u0159ebujete \u010derpadlo do specifick\u00fdch podm\u00ednek, obra\u0165te se na na\u0161e technick\u00e9 odd\u011blen\u00ed - vybereme pro v\u00e1s ide\u00e1ln\u00ed \u0159e\u0161en\u00ed!<\/p>\n<p data-start=\"1210\" data-end=\"1567\"> <strong data-start=\"1213\" data-end=\"1251\">Del\u0161\u00ed \u017eivotnost a lep\u0161\u00ed ochrana<\/strong><br data-start=\"1251\" data-end=\"1254\" \/>Pro zaji\u0161t\u011bn\u00ed maxim\u00e1ln\u00ed \u017eivotnosti a v\u00fdkonu \u010derpadel HYKO Supreme doporu\u010dujeme pou\u017e\u00edvat. <strong data-start=\"1337\" data-end=\"1364\">Zp\u011btn\u00e1 filtrace 25 \u03bcm<\/strong>co\u017e v\u00fdrazn\u011b prodlu\u017euje \u017eivotnost jednotky a zlep\u0161uje jej\u00ed v\u00fdkon. Udr\u017eov\u00e1n\u00ed \u010distoty oleje na <strong data-start=\"1476\" data-end=\"1500\">ISO 4406 t\u0159\u00edda 19\/16<\/strong> minimalizuje riziko poruchy a prodlu\u017euje \u017eivotnost \u010derpadla.<\/p>\n<p data-start=\"1569\" data-end=\"1838\"> <strong data-start=\"1572\" data-end=\"1629\">Zkou\u0161ky odolnosti proti korozi - z\u00e1ruka trvanlivosti<\/strong><br data-start=\"1629\" data-end=\"1632\" \/>\u010cerpadla HYKO Supreme proch\u00e1zej\u00ed p\u0159\u00edsn\u00fdmi testy odolnosti proti korozi. <strong data-start=\"1705\" data-end=\"1762\">Zkou\u0161ka solnou mlhou podle normy ASTM B117 po dobu minim\u00e1ln\u011b 300 hodin.<\/strong> zaru\u010duje jejich dlouhou \u017eivotnost i v n\u00e1ro\u010dn\u00fdch pov\u011btrnostn\u00edch podm\u00ednk\u00e1ch.<\/p>\n<p data-start=\"1840\" data-end=\"2096\">\u2699 <strong data-start=\"1842\" data-end=\"1897\">HYKO Supreme - technologie, na kterou se m\u016f\u017eete spolehnout!<\/strong><br data-start=\"1897\" data-end=\"1900\" \/>Kdy\u017e se rozhodnete pro zubov\u00e1 \u010derpadla HYKO Supreme, investujete do osv\u011bd\u010den\u00fdch, odoln\u00fdch a \u00fa\u010dinn\u00fdch \u0159e\u0161en\u00ed. Na\u0161e v\u00fdrobky byly vyvinuty pro u\u017eivatele, kte\u0159\u00ed o\u010dek\u00e1vaj\u00ed nejvy\u0161\u0161\u00ed kvalitu a spolehlivost.<\/p>\n<p data-start=\"2098\" data-end=\"2222\" data-is-last-node=\"\" data-is-only-node=\"\"> <strong data-start=\"2101\" data-end=\"2219\">Pod\u00edvejte se na na\u0161i nab\u00eddku a zjist\u011bte, pro\u010d je HYKO Supreme tou nejlep\u0161\u00ed volbou pro v\u00e1\u0161 hydraulick\u00fd syst\u00e9m!<\/strong> <\/p>\n<h3>HYKO - polsk\u00e1 zna\u010dka pro n\u00e1ro\u010dn\u00e9!<\/h3>\n<p>HYKO je polsk\u00e1 zna\u010dka vytvo\u0159en\u00e1 pro ty, kte\u0159\u00ed hledaj\u00ed nejlep\u0161\u00ed \u0159e\u0161en\u00ed za rozumnou cenu. Na\u0161\u00ed prioritou je kombinace kvality a funk\u010dnosti, kter\u00e1 je sp\u00ed\u0161e standardem ne\u017e luxusem.<br \/>\nD\u00edky v\u00edce ne\u017e 25 let\u016fm zku\u0161enost\u00ed v oboru nab\u00edz\u00edme nejmodern\u011bj\u0161\u00ed produkty, kter\u00e9 spl\u0148uj\u00ed o\u010dek\u00e1v\u00e1n\u00ed i t\u011bch nejn\u00e1ro\u010dn\u011bj\u0161\u00edch z\u00e1kazn\u00edk\u016f. Ka\u017ed\u00fd z na\u0161ich v\u00fdrobk\u016f je v\u00fdsledkem pe\u010dliv\u011b vybran\u00fdch komponent a precizn\u00ed kontroly kvality.<br \/>\n\u010c\u00edm se spole\u010dnost HYKO odli\u0161uje?<br \/>\n \u0160pi\u010dkov\u00e1 kvalita: Pe\u010dliv\u011b vybran\u00e9 komponenty od nejlep\u0161\u00edch evropsk\u00fdch, indick\u00fdch a \u010d\u00ednsk\u00fdch dodavatel\u016f.<br \/>\n\u2696\ufe0f F\u00e9rov\u00e1 cena: Plat\u00edte za skute\u010dnou kvalitu, ne za zna\u010dku na \u0161t\u00edtku.<br \/>\n\u2705 Spolehlivost: na\u0161e v\u00fdrobky p\u0159ekra\u010duj\u00ed normy a zaji\u0161\u0165uj\u00ed dlouhodob\u00fd a bezprobl\u00e9mov\u00fd provoz.<br \/>\nPro\u010d si vybrat HYKO?<br \/>\nNejv\u011bt\u0161\u00ed a nejrenomovan\u011bj\u0161\u00ed zna\u010dky ji\u017e l\u00e9ta pou\u017e\u00edvaj\u00ed \u0159e\u0161en\u00ed od \u010d\u00ednsk\u00fdch, indick\u00fdch a evropsk\u00fdch v\u00fdrobc\u016f, kter\u00e1 pou\u017e\u00edv\u00e1me i my. D\u00edky kontrolovan\u00fdm v\u00fdrobn\u00edm proces\u016fm jsou na\u0161e komponenty spolehliv\u00e9 i v t\u011bch nejn\u00e1ro\u010dn\u011bj\u0161\u00edch podm\u00ednk\u00e1ch.<br \/>\nV\u00fdroba komponent\u016f z Indie a \u010c\u00edny - spolehliv\u00e1 kvalita za dobrou cenu - neplat\u00edte za zna\u010dku na \u0161t\u00edtku v\u00fdrobku!<br \/>\nNa\u0161e komponenty odeb\u00edr\u00e1me nejen z Evropy, ale tak\u00e9 od renomovan\u00fdch dodavatel\u016f z Indie a \u010c\u00edny. V\u00fdrobn\u00ed procesy v t\u011bchto zem\u00edch jsou pe\u010dliv\u011b sledov\u00e1ny a kvalita komponent \u010dasto p\u0159ekra\u010duje evropsk\u00e9 standardy. Spolupracujeme pouze se spole\u010dnostmi, kter\u00e9 zaru\u010duj\u00ed nejvy\u0161\u0161\u00ed kvalitu a inovativn\u00ed technologie. To n\u00e1m umo\u017e\u0148uje nab\u00edzet v\u00fdrobky za konkurenceschopn\u00e9 ceny p\u0159i zachov\u00e1n\u00ed nejvy\u0161\u0161\u00edch parametr\u016f spolehlivosti a \u017eivotnosti.<br \/>\n Kvalita a funk\u010dnost za rozumn\u00e9 pen\u00edze!<br \/>\nVe spole\u010dnosti HYKO v\u011b\u0159\u00edme, \u017ee je mo\u017en\u00e9 dod\u00e1vat spolehliv\u00e9 v\u00fdrobky bez kompromis\u016f. Na\u0161e \u0159e\u0161en\u00ed jsou investic\u00ed do v\u00fdkonu, spolehlivosti a spokojenosti na dlouh\u00e1 l\u00e9ta.<br \/>\nKontaktujte n\u00e1s je\u0161t\u011b dnes a zjist\u011bte, jak HYKO m\u016f\u017ee zlep\u0161it va\u0161i pr\u00e1ci! \u2728<\/p>","protected":false},"excerpt":{"rendered":"<p data-start=\"0\" data-end=\"52\"><strong data-start=\"0\" data-end=\"50\">HYKO Supreme - Zubov\u00e1 \u010derpadla nejvy\u0161\u0161\u00ed kvality<\/strong> <strong data-start=\"57\" data-end=\"105\">Spolehlivost a \u00fa\u010dinnost za v\u0161ech podm\u00ednek<\/strong> Zubov\u00e1 \u010derpadla HYKO Supreme jsou synonymem odolnosti, p\u0159esnosti a vynikaj\u00edc\u00ed kvality proveden\u00ed. Jsou navr\u017eena pro intenzivn\u00ed pou\u017eit\u00ed a zaji\u0161\u0165uj\u00ed spolehlivost i v t\u011bch nejn\u00e1ro\u010dn\u011bj\u0161\u00edch provozn\u00edch podm\u00ednk\u00e1ch. D\u00edky pou\u017eit\u00ed \u0161pi\u010dkov\u00fdch materi\u00e1l\u016f a modern\u00edch v\u00fdrobn\u00edch technologi\u00ed jsou na\u0161e \u010derpadla ide\u00e1ln\u00edm \u0159e\u0161en\u00edm pro jak\u00fdkoli hydraulick\u00fd syst\u00e9m.<\/p>","protected":false},"featured_media":1175,"comment_status":"open","ping_status":"closed","template":"","meta":{"_acf_changed":false},"product_brand":[],"product_cat":[32],"product_tag":[],"class_list":{"0":"post-1178","1":"product","2":"type-product","3":"status-publish","4":"has-post-thumbnail","6":"product_cat-pompy-zebate","8":"first","9":"instock","10":"taxable","11":"shipping-taxable","12":"purchasable","13":"product-type-simple"},"acf":[],"_links":{"self":[{"href":"https:\/\/hyko.pl\/cs\/wp-json\/wp\/v2\/product\/1178","targetHints":{"allow":["GET"]}}],"collection":[{"href":"https:\/\/hyko.pl\/cs\/wp-json\/wp\/v2\/product"}],"about":[{"href":"https:\/\/hyko.pl\/cs\/wp-json\/wp\/v2\/types\/product"}],"replies":[{"embeddable":true,"href":"https:\/\/hyko.pl\/cs\/wp-json\/wp\/v2\/comments?post=1178"}],"wp:featuredmedia":[{"embeddable":true,"href":"https:\/\/hyko.pl\/cs\/wp-json\/wp\/v2\/media\/1175"}],"wp:attachment":[{"href":"https:\/\/hyko.pl\/cs\/wp-json\/wp\/v2\/media?parent=1178"}],"wp:term":[{"taxonomy":"product_brand","embeddable":true,"href":"https:\/\/hyko.pl\/cs\/wp-json\/wp\/v2\/product_brand?post=1178"},{"taxonomy":"product_cat","embeddable":true,"href":"https:\/\/hyko.pl\/cs\/wp-json\/wp\/v2\/product_cat?post=1178"},{"taxonomy":"product_tag","embeddable":true,"href":"https:\/\/hyko.pl\/cs\/wp-json\/wp\/v2\/product_tag?post=1178"}],"curies":[{"name":"wp","href":"https:\/\/api.w.org\/{rel}","templated":true}]}}