{"id":1186,"date":"2025-02-23T11:05:36","date_gmt":"2025-02-23T11:05:36","guid":{"rendered":"https:\/\/hyko.pl\/?post_type=product&#038;p=1186"},"modified":"2025-03-01T07:23:42","modified_gmt":"2025-03-01T07:23:42","slug":"pompa-zebata-hyko-supreme-eco-82-l-min-dwukierunkowa-porty-podlaczenia-tyl-pompy","status":"publish","type":"product","link":"https:\/\/hyko.pl\/cs\/product-2\/cerpadlo-zebra-hyko-supreme-eco-82-l-min-obousmerny-zadni-pripojovaci-port\/","title":{"rendered":"HYKO Supreme ECO 82 l\/min obousm\u011brn\u00e9 zubov\u00e9 \u010derpadlo (zadn\u00ed p\u0159ipojovac\u00ed otvory)"},"content":{"rendered":"<h2 data-start=\"0\" data-end=\"52\">Obousm\u011brn\u00e9 zubov\u00e9 \u010derpadlo HYKO Supreme ECO 82 l\/min (zadn\u00ed p\u0159ipojovac\u00ed otvory). Zm\u011bna ot\u00e1\u010dek \u010derpadla nevy\u017eaduje mechanick\u00fd z\u00e1sah. Sta\u010d\u00ed vym\u011bnit p\u0159ipojovac\u00ed porty.<\/h2>\n<p data-start=\"0\" data-end=\"62\"><strong data-start=\"0\" data-end=\"60\">HYKO Supreme - zubov\u00e1 \u010derpadla pro nejn\u00e1ro\u010dn\u011bj\u0161\u00ed z\u00e1kazn\u00edky<\/strong><\/p>\n<p data-start=\"64\" data-end=\"107\">\ud83d\udd27 <strong data-start=\"67\" data-end=\"102\">Maxim\u00e1ln\u00ed v\u00fdkon a \u017eivotnost<\/strong> \ud83d\udd27<\/p>\n<p data-start=\"109\" data-end=\"453\">Zubov\u00e1 \u010derpadla HYKO Supreme jsou synonymem spolehlivosti a \u0161pi\u010dkov\u00e9 kvality zpracov\u00e1n\u00ed. Jsou navr\u017eena pro dlouh\u00fd a bezprobl\u00e9mov\u00fd provoz a funguj\u00ed i v t\u011bch nejn\u00e1ro\u010dn\u011bj\u0161\u00edch provozn\u00edch podm\u00ednk\u00e1ch. D\u00edky modern\u00edm technologick\u00fdm \u0159e\u0161en\u00edm zaji\u0161\u0165uj\u00ed maxim\u00e1ln\u00ed \u00fa\u010dinnost a bezprobl\u00e9mov\u00fd provoz v hydraulick\u00fdch syst\u00e9mech.<\/p>\n<p data-start=\"455\" data-end=\"682\">\ud83d\udcaa <strong data-start=\"458\" data-end=\"500\">Kompatibilita a \u0161irok\u00e1 \u0161k\u00e1la aplikac\u00ed<\/strong><\/p>\n<p data-start=\"0\" data-end=\"245\">\u010cerpadla HYKO Supreme \u0159ady ECO se doporu\u010duj\u00ed pro pou\u017eit\u00ed s koaxi\u00e1ln\u00edmi lo\u017eisky PTO (Co-Axial PTO), co\u017e zaru\u010duje jejich v\u00fdjime\u010dnou \u00fa\u010dinnost a spolehlivost v nejr\u016fzn\u011bj\u0161\u00edch aplikac\u00edch. \u0158ada ECO tak\u00e9 znamen\u00e1 \u00faspory ji\u017e od f\u00e1ze n\u00e1kupu! P\u0159i v\u00fdb\u011bru spr\u00e1vn\u00e9ho \u0159e\u0161en\u00ed je t\u0159eba v\u011bnovat zvl\u00e1\u0161tn\u00ed pozornost kroutic\u00edmu momentu p\u0159\u00eddavn\u00e9ho za\u0159\u00edzen\u00ed a jeho konstrukci. \u010cerpadla t\u00e9to \u0159ady jsou obvykle kompatibiln\u00ed s p\u0159\u00eddavn\u00fdmi za\u0159\u00edzen\u00edmi s vysok\u00fdm to\u010div\u00fdm momentem, co\u017e zaji\u0161\u0165uje optim\u00e1ln\u00ed v\u00fdkon a odolnost v n\u00e1ro\u010dn\u00fdch provozn\u00edch podm\u00ednk\u00e1ch.<\/p>\n<p data-start=\"684\" data-end=\"976\">\ud83d\udd25 <strong data-start=\"687\" data-end=\"727\">Odolnost v\u016f\u010di extr\u00e9mn\u00edm teplot\u00e1m<\/strong><br data-start=\"727\" data-end=\"730\" \/>Standardn\u00ed \u010derpadla HYKO Supreme jsou vybavena <strong data-start=\"782\" data-end=\"809\">dva typy t\u011bsn\u011bn\u00ed<\/strong>kter\u00e9 zaru\u010duj\u00ed vynikaj\u00edc\u00ed v\u00fdkon v \u0161irok\u00e9m spektru podm\u00ednek:<br data-start=\"871\" data-end=\"874\" \/>\u2714 <strong data-start=\"876\" data-end=\"897\">T\u011bsn\u011bn\u00ed NBR<\/strong> - odolnost v\u016f\u010di <strong data-start=\"913\" data-end=\"921\">80\u00b0C<\/strong><br data-start=\"921\" data-end=\"924\" \/>\u2714 <strong data-start=\"926\" data-end=\"949\">T\u011bsn\u011bn\u00ed VITON<\/strong> - odolnost v\u016f\u010di <strong data-start=\"965\" data-end=\"974\" data-is-only-node=\"\">220\u00b0C<\/strong><\/p>\n<p data-start=\"978\" data-end=\"1131\">Pokud m\u00e1te specifick\u00e9 po\u017eadavky na pr\u00e1ci v jin\u00fdch podm\u00ednk\u00e1ch, obra\u0165te se na na\u0161e technick\u00e9 odd\u011blen\u00ed - pom\u016f\u017eeme v\u00e1m naj\u00edt ide\u00e1ln\u00ed \u0159e\u0161en\u00ed!<\/p>\n<p data-start=\"1133\" data-end=\"1510\">\ud83d\udee0 <strong data-start=\"1136\" data-end=\"1178\">Del\u0161\u00ed \u017eivotnost a spolehliv\u00e1 ochrana<\/strong><br data-start=\"1178\" data-end=\"1181\" \/>Pro zaji\u0161t\u011bn\u00ed maxim\u00e1ln\u00ed \u017eivotnosti a v\u00fdkonu \u010derpadel HYKO Supreme doporu\u010dujeme pou\u017e\u00edvat. <strong data-start=\"1265\" data-end=\"1292\">Zp\u011btn\u00e1 filtrace 25 \u03bcm<\/strong>co\u017e v\u00fdrazn\u011b prodlu\u017euje \u017eivotnost jednotky a zvy\u0161uje jej\u00ed \u00fa\u010dinnost. Udr\u017eov\u00e1n\u00ed \u010distoty oleje na <strong data-start=\"1406\" data-end=\"1430\">ISO 4406 t\u0159\u00edda 19\/16<\/strong> minimalizuje riziko poruchy a zaji\u0161\u0165uje del\u0161\u00ed \u017eivotnost \u010derpadla.<\/p>\n<p data-start=\"1512\" data-end=\"1784\">\ud83c\udf0a <strong data-start=\"1515\" data-end=\"1567\">Odolnost proti korozi - z\u00e1ruka dlouh\u00e9 \u017eivotnosti<\/strong><br data-start=\"1567\" data-end=\"1570\" \/>\u010cerpadla HYKO Supreme proch\u00e1zej\u00ed p\u0159\u00edsn\u00fdmi testy odolnosti proti korozi. <strong data-start=\"1643\" data-end=\"1700\">Zkou\u0161ka solnou mlhou podle normy ASTM B117 po dobu minim\u00e1ln\u011b 300 hodin.<\/strong> zaji\u0161\u0165uje jejich odolnost v\u016f\u010di nep\u0159\u00edzniv\u00fdm pov\u011btrnostn\u00edm podm\u00ednk\u00e1m a prodlu\u017euje jejich \u017eivotnost.<\/p>\n<p data-start=\"1786\" data-end=\"2097\">\u2699 <strong data-start=\"1788\" data-end=\"1843\">HYKO Supreme - technologie, na kterou se m\u016f\u017eete spolehnout!<\/strong><br data-start=\"1843\" data-end=\"1846\" \/>Kdy\u017e si vyberete zubov\u00e1 \u010derpadla HYKO Supreme, vyb\u00edr\u00e1te si v\u00fdrobky vytvo\u0159en\u00e9 pro profesion\u00e1ly, kte\u0159\u00ed o\u010dek\u00e1vaj\u00ed nejvy\u0161\u0161\u00ed kvalitu a spolehlivost. Jsou to inovativn\u00ed \u0159e\u0161en\u00ed, kter\u00e1 zaru\u010duj\u00ed stabiln\u00ed a efektivn\u00ed provoz v jak\u00e9mkoli hydraulick\u00e9m syst\u00e9mu.<\/p>\n<p data-start=\"2099\" data-end=\"2222\" data-is-last-node=\"\" data-is-only-node=\"\">\ud83d\udc49 <strong data-start=\"2102\" data-end=\"2219\">Prohl\u00e9dn\u011bte si na\u0161i nab\u00eddku a zjist\u011bte, pro\u010d je HYKO Supreme tou nejlep\u0161\u00ed volbou pro v\u00e1\u0161 hydraulick\u00fd syst\u00e9m!<\/strong> \ud83d\udcaf<\/p>\n<h3>HYKO - polsk\u00e1 zna\u010dka pro n\u00e1ro\u010dn\u00e9!<\/h3>\n<p>HYKO je polsk\u00e1 zna\u010dka vytvo\u0159en\u00e1 pro ty, kte\u0159\u00ed hledaj\u00ed nejlep\u0161\u00ed \u0159e\u0161en\u00ed za rozumnou cenu. Na\u0161\u00ed prioritou je spojit kvalitu a funk\u010dnost, kter\u00e1 je standardem, nikoliv luxusem. \ud83d\udca1<br \/>\nD\u00edky v\u00edce ne\u017e 25 let\u016fm zku\u0161enost\u00ed v oboru nab\u00edz\u00edme nejmodern\u011bj\u0161\u00ed produkty, kter\u00e9 spl\u0148uj\u00ed o\u010dek\u00e1v\u00e1n\u00ed i t\u011bch nejn\u00e1ro\u010dn\u011bj\u0161\u00edch z\u00e1kazn\u00edk\u016f. Ka\u017ed\u00fd z na\u0161ich v\u00fdrobk\u016f je v\u00fdsledkem pe\u010dliv\u011b vybran\u00fdch komponent a precizn\u00ed kontroly kvality.<br \/>\n\u010c\u00edm se spole\u010dnost HYKO odli\u0161uje?<br \/>\n\ud83c\udf1f \u0160pi\u010dkov\u00e1 kvalita: Pe\u010dliv\u011b vybran\u00e9 komponenty od nejlep\u0161\u00edch evropsk\u00fdch, indick\u00fdch a \u010d\u00ednsk\u00fdch dodavatel\u016f.<br \/>\n\u2696\ufe0f F\u00e9rov\u00e1 cena: Plat\u00edte za skute\u010dnou kvalitu, ne za zna\u010dku na \u0161t\u00edtku.<br \/>\n\u2705 Spolehlivost: na\u0161e v\u00fdrobky p\u0159ekra\u010duj\u00ed normy a zaji\u0161\u0165uj\u00ed dlouhodob\u00fd a bezprobl\u00e9mov\u00fd provoz.<br \/>\nPro\u010d si vybrat HYKO?<br \/>\nNejv\u011bt\u0161\u00ed a nejrenomovan\u011bj\u0161\u00ed zna\u010dky ji\u017e l\u00e9ta pou\u017e\u00edvaj\u00ed \u0159e\u0161en\u00ed od \u010d\u00ednsk\u00fdch, indick\u00fdch a evropsk\u00fdch v\u00fdrobc\u016f, kter\u00e1 pou\u017e\u00edv\u00e1me i my. D\u00edky kontrolovan\u00fdm v\u00fdrobn\u00edm proces\u016fm jsou na\u0161e komponenty spolehliv\u00e9 i v t\u011bch nejn\u00e1ro\u010dn\u011bj\u0161\u00edch podm\u00ednk\u00e1ch.<br \/>\nV\u00fdroba komponent\u016f z Indie a \u010c\u00edny - spolehliv\u00e1 kvalita za dobrou cenu - neplat\u00edte za zna\u010dku na \u0161t\u00edtku v\u00fdrobku!<br \/>\nNa\u0161e komponenty odeb\u00edr\u00e1me nejen z Evropy, ale tak\u00e9 od renomovan\u00fdch dodavatel\u016f z Indie a \u010c\u00edny. V\u00fdrobn\u00ed procesy v t\u011bchto zem\u00edch jsou pe\u010dliv\u011b sledov\u00e1ny a kvalita komponent \u010dasto p\u0159ekra\u010duje evropsk\u00e9 standardy. Spolupracujeme pouze se spole\u010dnostmi, kter\u00e9 zaru\u010duj\u00ed nejvy\u0161\u0161\u00ed kvalitu a inovativn\u00ed technologie. To n\u00e1m umo\u017e\u0148uje nab\u00edzet v\u00fdrobky za konkurenceschopn\u00e9 ceny p\u0159i zachov\u00e1n\u00ed nejvy\u0161\u0161\u00edch parametr\u016f spolehlivosti a \u017eivotnosti.<br \/>\n\ud83d\udcaa Kvalita a funk\u010dnost za rozumn\u00e9 pen\u00edze!<br \/>\nVe spole\u010dnosti HYKO v\u011b\u0159\u00edme, \u017ee je mo\u017en\u00e9 dod\u00e1vat spolehliv\u00e9 v\u00fdrobky bez kompromis\u016f. Na\u0161e \u0159e\u0161en\u00ed jsou investic\u00ed do v\u00fdkonu, spolehlivosti a spokojenosti na dlouh\u00e1 l\u00e9ta.<br \/>\nKontaktujte n\u00e1s je\u0161t\u011b dnes a zjist\u011bte, jak HYKO m\u016f\u017ee zlep\u0161it va\u0161i pr\u00e1ci! \u2728<\/p>","protected":false},"excerpt":{"rendered":"<p data-start=\"0\" data-end=\"52\"><strong data-start=\"0\" data-end=\"50\">HYKO Supreme - Zubov\u00e1 \u010derpadla nejvy\u0161\u0161\u00ed kvality<\/strong>\ud83d\udd27 <strong data-start=\"57\" data-end=\"105\">Spolehlivost a \u00fa\u010dinnost za v\u0161ech podm\u00ednek<\/strong> \ud83d\udd27 Zubov\u00e1 \u010derpadla HYKO Supreme jsou synonymem odolnosti, p\u0159esnosti a vynikaj\u00edc\u00ed kvality proveden\u00ed. Jsou navr\u017eena pro intenzivn\u00ed provoz a zaji\u0161\u0165uj\u00ed spolehlivost i v t\u011bch nejn\u00e1ro\u010dn\u011bj\u0161\u00edch provozn\u00edch podm\u00ednk\u00e1ch. D\u00edky pou\u017eit\u00ed \u0161pi\u010dkov\u00fdch materi\u00e1l\u016f a modern\u00edch v\u00fdrobn\u00edch technologi\u00ed jsou na\u0161e \u010derpadla ide\u00e1ln\u00edm \u0159e\u0161en\u00edm pro jak\u00fdkoli hydraulick\u00fd syst\u00e9m.<\/p>","protected":false},"featured_media":1175,"comment_status":"open","ping_status":"closed","template":"","meta":{"_acf_changed":false},"product_brand":[],"product_cat":[32],"product_tag":[],"class_list":{"0":"post-1186","1":"product","2":"type-product","3":"status-publish","4":"has-post-thumbnail","6":"product_cat-pompy-zebate","8":"first","9":"instock","10":"taxable","11":"shipping-taxable","12":"purchasable","13":"product-type-simple"},"acf":[],"_links":{"self":[{"href":"https:\/\/hyko.pl\/cs\/wp-json\/wp\/v2\/product\/1186","targetHints":{"allow":["GET"]}}],"collection":[{"href":"https:\/\/hyko.pl\/cs\/wp-json\/wp\/v2\/product"}],"about":[{"href":"https:\/\/hyko.pl\/cs\/wp-json\/wp\/v2\/types\/product"}],"replies":[{"embeddable":true,"href":"https:\/\/hyko.pl\/cs\/wp-json\/wp\/v2\/comments?post=1186"}],"wp:featuredmedia":[{"embeddable":true,"href":"https:\/\/hyko.pl\/cs\/wp-json\/wp\/v2\/media\/1175"}],"wp:attachment":[{"href":"https:\/\/hyko.pl\/cs\/wp-json\/wp\/v2\/media?parent=1186"}],"wp:term":[{"taxonomy":"product_brand","embeddable":true,"href":"https:\/\/hyko.pl\/cs\/wp-json\/wp\/v2\/product_brand?post=1186"},{"taxonomy":"product_cat","embeddable":true,"href":"https:\/\/hyko.pl\/cs\/wp-json\/wp\/v2\/product_cat?post=1186"},{"taxonomy":"product_tag","embeddable":true,"href":"https:\/\/hyko.pl\/cs\/wp-json\/wp\/v2\/product_tag?post=1186"}],"curies":[{"name":"wp","href":"https:\/\/api.w.org\/{rel}","templated":true}]}}