{"id":1195,"date":"2025-02-23T15:25:26","date_gmt":"2025-02-23T15:25:26","guid":{"rendered":"https:\/\/hyko.pl\/?post_type=product&#038;p=1195"},"modified":"2025-03-01T07:20:27","modified_gmt":"2025-03-01T07:20:27","slug":"zawor-hydrauliczny-do-wywrotu-hyko-supreme-dcv-4b-140l-140-l-min-do-montazu-na-silowniku","status":"publish","type":"product","link":"https:\/\/hyko.pl\/cs\/product-2\/hydraulicky-sklapeci-ventil-hyko-supreme-dcv-4b-140l-140l-min-pro-montaz-na-motor\/","title":{"rendered":"Hydraulick\u00fd skl\u00e1p\u011bc\u00ed ventil HYKO Supreme DCV 4B-140L 140 l\/min pro mont\u00e1\u017e na v\u00e1lec"},"content":{"rendered":"<h2 data-start=\"0\" data-end=\"71\">Hydraulick\u00fd skl\u00e1p\u011bc\u00ed ventil HYKO Supreme DCV 4B-140L 140 l\/min pro mont\u00e1\u017e na v\u00e1lec<\/h2>\n<p data-start=\"73\" data-end=\"119\">\ud83d\udd27 <strong data-start=\"76\" data-end=\"114\">P\u0159esnost, efektivita a spolehlivost<\/strong> \ud83d\udd27<\/p>\n<p data-start=\"121\" data-end=\"457\">Hydraulick\u00fd ventil pro vykl\u00e1p\u011bn\u00ed <strong data-start=\"139\" data-end=\"155\">HYKO Supreme<\/strong> jsou ide\u00e1ln\u00edm \u0159e\u0161en\u00edm pro hydraulick\u00e9 syst\u00e9my skl\u00e1p\u011b\u010d\u016f, n\u00e1kladn\u00edch automobil\u016f, p\u0159\u00edv\u011bs\u016f a dal\u0161\u00edch aplikac\u00ed vy\u017eaduj\u00edc\u00edch p\u0159esnou regulaci pr\u016ftoku. Jsou navr\u017eeny pro vynikaj\u00edc\u00ed v\u00fdkon a zaru\u010duj\u00ed hladk\u00fd a bezprobl\u00e9mov\u00fd provoz i v t\u011bch nejn\u00e1ro\u010dn\u011bj\u0161\u00edch podm\u00ednk\u00e1ch.<\/p>\n<p data-start=\"459\" data-end=\"708\">\ud83d\udcaa <strong data-start=\"462\" data-end=\"492\">Maxim\u00e1ln\u00ed v\u00fdkon a \u00fa\u010dinnost<\/strong><br data-start=\"492\" data-end=\"495\" \/>\u2714 Pracovn\u00ed tok do <strong data-start=\"517\" data-end=\"541\">140 litr\u016f za minutu<\/strong><br data-start=\"541\" data-end=\"544\" \/>\u2714 Pr\u00e1ce pod <strong data-start=\"556\" data-end=\"597\">pracovn\u00ed tlak od 170 do 220 bar\u016f<\/strong>, s maxim\u00e1ln\u00edm \u0161pi\u010dkov\u00fdm tlakem <strong data-start=\"635\" data-end=\"646\">250 bar\u016f<\/strong><br data-start=\"646\" data-end=\"649\" \/>\u2714 Spolehliv\u00fd servis d\u00edky <strong data-start=\"677\" data-end=\"706\">pneumatick\u00e9 ovl\u00e1d\u00e1n\u00ed<\/strong><\/p>\n<p data-start=\"710\" data-end=\"947\">\u2699 <strong data-start=\"712\" data-end=\"748\">Snadn\u00e1 instalace a v\u0161estrannost<\/strong><br data-start=\"748\" data-end=\"751\" \/>Ventil HYKO Supreme lze d\u00edky modul\u00e1rn\u00ed konstrukci nainstalovat <strong data-start=\"819\" data-end=\"862\">p\u0159\u00edmo na n\u00e1dr\u017ei nebo lahvi<\/strong>, co\u017e zjednodu\u0161uje instalaci a zaji\u0161\u0165uje optim\u00e1ln\u00ed \u0159\u00edzen\u00ed hydraulick\u00e9ho syst\u00e9mu.<\/p>\n<p data-start=\"949\" data-end=\"1284\">\ud83d\udee1 <strong data-start=\"952\" data-end=\"975\">Odolnost a p\u0159esnost<\/strong><br data-start=\"975\" data-end=\"978\" \/>Hydraulick\u00e9 ventily HYKO Supreme se vyr\u00e1b\u011bj\u00ed z t\u011bchto materi\u00e1l\u016f <strong data-start=\"1015\" data-end=\"1046\">vysoce kvalitn\u00ed materi\u00e1ly<\/strong>, co\u017e zaji\u0161\u0165uje jejich dlouhou \u017eivotnost a odolnost v\u016f\u010di intenzivn\u00edmu pou\u017e\u00edv\u00e1n\u00ed. Ka\u017ed\u00e1 jednotka proch\u00e1z\u00ed p\u0159\u00edsn\u00fdm testov\u00e1n\u00edm kvality, kter\u00e9 spl\u0148uje normy pro <strong data-start=\"1193\" data-end=\"1216\">Filtrace ISO 18\/13<\/strong>, co\u017e zaru\u010duje spolehlivost i ve vysokotlak\u00fdch syst\u00e9mech.<\/p>\n<p data-start=\"1286\" data-end=\"1571\">\ud83d\udd29 <strong data-start=\"1289\" data-end=\"1329\">Technologie, na kterou se m\u016f\u017eete spolehnout!<\/strong><br data-start=\"1329\" data-end=\"1332\" \/>Zvolte \u0159e\u0161en\u00ed HYKO Supreme a vyberte si ventily, kter\u00e9 poskytuj\u00ed <strong data-start=\"1400\" data-end=\"1441\">maxim\u00e1ln\u00ed \u00fa\u010dinnost a pln\u00e1 kontrola<\/strong> nad procesem vykl\u00e1p\u011bn\u00ed. Jedn\u00e1 se o v\u00fdrobky ur\u010den\u00e9 pro profesion\u00e1ly, kte\u0159\u00ed vy\u017eaduj\u00ed nejvy\u0161\u0161\u00ed kvalitu za nejlep\u0161\u00ed cenu.<\/p>\n<p data-start=\"1573\" data-end=\"1696\" data-is-last-node=\"\" data-is-only-node=\"\">\ud83d\udc49 <strong data-start=\"1576\" data-end=\"1693\">Prohl\u00e9dn\u011bte si na\u0161i nab\u00eddku a zjist\u011bte, pro\u010d je HYKO Supreme tou nejlep\u0161\u00ed volbou pro v\u00e1\u0161 hydraulick\u00fd syst\u00e9m!<\/strong> \ud83d\udcaf<\/p>\n<h3>HYKO - polsk\u00e1 zna\u010dka pro n\u00e1ro\u010dn\u00e9!<\/h3>\n<p>HYKO je polsk\u00e1 zna\u010dka vytvo\u0159en\u00e1 pro ty, kte\u0159\u00ed hledaj\u00ed nejlep\u0161\u00ed \u0159e\u0161en\u00ed za rozumnou cenu. Na\u0161\u00ed prioritou je spojit kvalitu a funk\u010dnost, kter\u00e1 je standardem, nikoliv luxusem. \ud83d\udca1<br \/>\nD\u00edky v\u00edce ne\u017e 25 let\u016fm zku\u0161enost\u00ed v oboru nab\u00edz\u00edme nejmodern\u011bj\u0161\u00ed produkty, kter\u00e9 spl\u0148uj\u00ed o\u010dek\u00e1v\u00e1n\u00ed i t\u011bch nejn\u00e1ro\u010dn\u011bj\u0161\u00edch z\u00e1kazn\u00edk\u016f. Ka\u017ed\u00fd z na\u0161ich v\u00fdrobk\u016f je v\u00fdsledkem pe\u010dliv\u011b vybran\u00fdch komponent a precizn\u00ed kontroly kvality.<br \/>\n\u010c\u00edm se spole\u010dnost HYKO odli\u0161uje?<br \/>\n\ud83c\udf1f \u0160pi\u010dkov\u00e1 kvalita: Pe\u010dliv\u011b vybran\u00e9 komponenty od nejlep\u0161\u00edch evropsk\u00fdch, indick\u00fdch a \u010d\u00ednsk\u00fdch dodavatel\u016f.<br \/>\n\u2696\ufe0f F\u00e9rov\u00e1 cena: Plat\u00edte za skute\u010dnou kvalitu, ne za zna\u010dku na \u0161t\u00edtku.<br \/>\n\u2705 Spolehlivost: na\u0161e v\u00fdrobky p\u0159ekra\u010duj\u00ed normy a zaji\u0161\u0165uj\u00ed dlouhodob\u00fd a bezprobl\u00e9mov\u00fd provoz.<br \/>\nPro\u010d si vybrat HYKO?<br \/>\nNejv\u011bt\u0161\u00ed a nejrenomovan\u011bj\u0161\u00ed zna\u010dky ji\u017e l\u00e9ta pou\u017e\u00edvaj\u00ed \u0159e\u0161en\u00ed od \u010d\u00ednsk\u00fdch, indick\u00fdch a evropsk\u00fdch v\u00fdrobc\u016f, kter\u00e1 pou\u017e\u00edv\u00e1me i my. D\u00edky kontrolovan\u00fdm v\u00fdrobn\u00edm proces\u016fm jsou na\u0161e komponenty spolehliv\u00e9 i v t\u011bch nejn\u00e1ro\u010dn\u011bj\u0161\u00edch podm\u00ednk\u00e1ch.<br \/>\nV\u00fdroba komponent\u016f z Indie a \u010c\u00edny - spolehliv\u00e1 kvalita za dobrou cenu - neplat\u00edte za zna\u010dku na \u0161t\u00edtku v\u00fdrobku!<br \/>\nNa\u0161e komponenty odeb\u00edr\u00e1me nejen z Evropy, ale tak\u00e9 od renomovan\u00fdch dodavatel\u016f z Indie a \u010c\u00edny. V\u00fdrobn\u00ed procesy v t\u011bchto zem\u00edch jsou pe\u010dliv\u011b sledov\u00e1ny a kvalita komponent \u010dasto p\u0159ekra\u010duje evropsk\u00e9 standardy. Spolupracujeme pouze se spole\u010dnostmi, kter\u00e9 zaru\u010duj\u00ed nejvy\u0161\u0161\u00ed kvalitu a inovativn\u00ed technologie. To n\u00e1m umo\u017e\u0148uje nab\u00edzet v\u00fdrobky za konkurenceschopn\u00e9 ceny p\u0159i zachov\u00e1n\u00ed nejvy\u0161\u0161\u00edch parametr\u016f spolehlivosti a \u017eivotnosti.<br \/>\n\ud83d\udcaa Kvalita a funk\u010dnost za rozumn\u00e9 pen\u00edze!<br \/>\nVe spole\u010dnosti HYKO v\u011b\u0159\u00edme, \u017ee je mo\u017en\u00e9 dod\u00e1vat spolehliv\u00e9 v\u00fdrobky bez kompromis\u016f. Na\u0161e \u0159e\u0161en\u00ed jsou investic\u00ed do v\u00fdkonu, spolehlivosti a spokojenosti na dlouh\u00e1 l\u00e9ta.<br \/>\nKontaktujte n\u00e1s je\u0161t\u011b dnes a zjist\u011bte, jak HYKO m\u016f\u017ee zlep\u0161it va\u0161i pr\u00e1ci! \u2728<\/p>","protected":false},"excerpt":{"rendered":"<h2 data-start=\"0\" data-end=\"71\">HYKO Supreme - skl\u00e1p\u011bc\u00ed ventily pro nejn\u00e1ro\u010dn\u011bj\u0161\u00ed pou\u017eit\u00ed<\/h2>\n<p data-start=\"0\" data-end=\"71\">\ud83d\udd27 <strong data-start=\"76\" data-end=\"114\">P\u0159esnost, efektivita a spolehlivost<\/strong> \ud83d\udd27 Hydraulick\u00fd ventil pro vykl\u00e1p\u011bn\u00ed <strong data-start=\"139\" data-end=\"155\">HYKO Supreme<\/strong> jsou ide\u00e1ln\u00edm \u0159e\u0161en\u00edm pro hydraulick\u00e9 syst\u00e9my skl\u00e1p\u011b\u010d\u016f, n\u00e1kladn\u00edch automobil\u016f, p\u0159\u00edv\u011bs\u016f a dal\u0161\u00edch aplikac\u00ed vy\u017eaduj\u00edc\u00edch p\u0159esnou regulaci pr\u016ftoku. Jsou navr\u017eeny pro vynikaj\u00edc\u00ed v\u00fdkon a zaru\u010duj\u00ed hladk\u00fd a bezprobl\u00e9mov\u00fd provoz i v t\u011bch nejn\u00e1ro\u010dn\u011bj\u0161\u00edch podm\u00ednk\u00e1ch.<\/p>","protected":false},"featured_media":1198,"comment_status":"open","ping_status":"closed","template":"","meta":{"_acf_changed":false},"product_brand":[],"product_cat":[28],"product_tag":[],"class_list":{"0":"post-1195","1":"product","2":"type-product","3":"status-publish","4":"has-post-thumbnail","6":"product_cat-zawory-do-wywrotu","8":"first","9":"instock","10":"taxable","11":"shipping-taxable","12":"purchasable","13":"product-type-simple"},"acf":[],"_links":{"self":[{"href":"https:\/\/hyko.pl\/cs\/wp-json\/wp\/v2\/product\/1195","targetHints":{"allow":["GET"]}}],"collection":[{"href":"https:\/\/hyko.pl\/cs\/wp-json\/wp\/v2\/product"}],"about":[{"href":"https:\/\/hyko.pl\/cs\/wp-json\/wp\/v2\/types\/product"}],"replies":[{"embeddable":true,"href":"https:\/\/hyko.pl\/cs\/wp-json\/wp\/v2\/comments?post=1195"}],"wp:featuredmedia":[{"embeddable":true,"href":"https:\/\/hyko.pl\/cs\/wp-json\/wp\/v2\/media\/1198"}],"wp:attachment":[{"href":"https:\/\/hyko.pl\/cs\/wp-json\/wp\/v2\/media?parent=1195"}],"wp:term":[{"taxonomy":"product_brand","embeddable":true,"href":"https:\/\/hyko.pl\/cs\/wp-json\/wp\/v2\/product_brand?post=1195"},{"taxonomy":"product_cat","embeddable":true,"href":"https:\/\/hyko.pl\/cs\/wp-json\/wp\/v2\/product_cat?post=1195"},{"taxonomy":"product_tag","embeddable":true,"href":"https:\/\/hyko.pl\/cs\/wp-json\/wp\/v2\/product_tag?post=1195"}],"curies":[{"name":"wp","href":"https:\/\/api.w.org\/{rel}","templated":true}]}}