{"id":1448,"date":"2025-03-02T10:04:35","date_gmt":"2025-03-02T10:04:35","guid":{"rendered":"https:\/\/hyko.pl\/?post_type=product&#038;p=1448"},"modified":"2025-07-07T05:16:40","modified_gmt":"2025-07-07T05:16:40","slug":"zbiornik-oleju-hydraulicznego-207-litrow-aluminiowy-do-montazu-na-boku","status":"publish","type":"product","link":"https:\/\/hyko.pl\/cs\/product-2\/207litrova-hlinikova-nadrz-na-hydraulicky-olej-pro-bocni-montaz\/","title":{"rendered":"N\u00e1dr\u017e na hydraulick\u00fd olej 207 litr\u016f hlin\u00edkov\u00e1 pro bo\u010dn\u00ed mont\u00e1\u017e"},"content":{"rendered":"<h2 data-start=\"0\" data-end=\"70\">N\u00e1dr\u017e na hydraulick\u00fd olej 207 litr\u016f hlin\u00edkov\u00e1 pro bo\u010dn\u00ed mont\u00e1\u017e<\/h2>\n<h3 data-start=\"0\" data-end=\"70\"><strong data-start=\"4\" data-end=\"68\">HYKO Supreme - N\u00e1dr\u017ee na hydraulick\u00fd olej pro n\u00e1kladn\u00ed vozidla<\/strong><\/h3>\n<p data-start=\"72\" data-end=\"153\"><strong data-start=\"75\" data-end=\"148\">Trvanlivost a spolehlivost - n\u00e1dr\u017ee na hydraulick\u00fd olej HYKO Supreme<\/strong><\/p>\n<p data-start=\"155\" data-end=\"545\">N\u00e1dr\u017ee na hydraulick\u00fd olej <strong data-start=\"186\" data-end=\"202\">HYKO Supreme<\/strong> p\u0159edstavuj\u00ed robustn\u00ed a odoln\u00e9 \u0159e\u0161en\u00ed pro t\u011b\u017ek\u00e1 vozidla, kter\u00e1 vy\u017eaduj\u00ed spolehliv\u00e9 hydraulick\u00e9 komponenty. Jsou vyrobeny z hlin\u00edku nebo oceli a poskytuj\u00ed dlouhou \u017eivotnost a odolnost v\u016f\u010di n\u00e1ro\u010dn\u00fdm provozn\u00edm podm\u00ednk\u00e1m. D\u00edky \u0161irok\u00e9 \u0161k\u00e1le kapacit a rozm\u011br\u016f je lze p\u0159izp\u016fsobit individu\u00e1ln\u00edm pot\u0159eb\u00e1m u\u017eivatele.<\/p>\n<p data-start=\"547\" data-end=\"848\"><strong data-start=\"550\" data-end=\"587\">P\u0159izp\u016fsobeno r\u016fzn\u00fdm aplikac\u00edm<\/strong><br data-start=\"587\" data-end=\"590\" \/>\u2714 Schopnost vyr\u00e1b\u011bt n\u00e1dr\u017ee s <strong data-start=\"625\" data-end=\"660\">jak\u00e1koli kapacita a rozm\u011bry<\/strong><br data-start=\"660\" data-end=\"663\" \/>\u2714 <strong data-start=\"665\" data-end=\"696\">Vysok\u00e1 v\u00fdrobn\u00ed kapacita<\/strong>umo\u017e\u0148uje zpracov\u00e1vat velk\u00e9 objemy objedn\u00e1vek<br data-start=\"750\" data-end=\"753\" \/>\u2714 Ka\u017ed\u00e1 n\u00e1dr\u017e je dod\u00e1v\u00e1na s <strong data-start=\"789\" data-end=\"846\">kompletn\u00ed mont\u00e1\u017en\u00ed sada a n\u00e1hradn\u00ed d\u00edly<\/strong><\/p>\n<h3 data-start=\"850\" data-end=\"926\"><strong data-start=\"854\" data-end=\"924\">Pro\u010d si vybrat hydraulick\u00e9 olejov\u00e9 n\u00e1dr\u017ee HYKO Supreme?<\/strong><\/h3>\n<p data-start=\"928\" data-end=\"1219\">\u2699 <strong data-start=\"930\" data-end=\"987\">Lehk\u00e9 a odoln\u00e9 proti korozi - hlin\u00edkov\u00e9 n\u00e1dr\u017ee<\/strong><br data-start=\"987\" data-end=\"990\" \/>\u2714 <strong data-start=\"992\" data-end=\"1070\">Doporu\u010deno pro vozidla provozovan\u00e1 za nep\u0159\u00edzniv\u00fdch pov\u011btrnostn\u00edch podm\u00ednek<\/strong>kde je rozhoduj\u00edc\u00ed odolnost proti korozi<br data-start=\"1120\" data-end=\"1123\" \/>\u2714 <strong data-start=\"1125\" data-end=\"1148\">Leh\u010d\u00ed design<\/strong>co\u017e sni\u017euje hmotnost vozidla a zlep\u0161uje jeho palivovou \u00fa\u010dinnost.<\/p>\n<p data-start=\"1221\" data-end=\"1470\"><strong data-start=\"1224\" data-end=\"1272\">Odolnost a robustnost - ocelov\u00e9 n\u00e1dr\u017ee<\/strong><br data-start=\"1272\" data-end=\"1275\" \/>\u2714 <strong data-start=\"1277\" data-end=\"1358\">Ide\u00e1ln\u00ed pro vozidla provozovan\u00e1 na \u0161t\u011brkov\u00fdch cest\u00e1ch a v horsk\u00e9m ter\u00e9nu.<\/strong><br data-start=\"1358\" data-end=\"1361\" \/>\u2714 Vyrobeno z <strong data-start=\"1374\" data-end=\"1406\">vysoce kvalitn\u00ed ocel ST-37<\/strong>co\u017e zvy\u0161uje odolnost proti n\u00e1raz\u016fm a intenzivn\u00edmu pou\u017e\u00edv\u00e1n\u00ed<\/p>\n<p data-start=\"1472\" data-end=\"1757\"><strong data-start=\"1475\" data-end=\"1510\">Maxim\u00e1ln\u00ed \u017eivotnost komponent<\/strong><br data-start=\"1510\" data-end=\"1513\" \/>\u2714 <strong data-start=\"1515\" data-end=\"1562\">Upev\u0148ovac\u00ed p\u00e1sky z nerezov\u00e9 nebo fosf\u00e1tovan\u00e9 oceli a lakovan\u00e9.<\/strong>co\u017e zaji\u0161\u0165uje jejich dlouhou \u017eivotnost a odolnost v\u016f\u010di vn\u011bj\u0161\u00edm vliv\u016fm.<br data-start=\"1629\" data-end=\"1632\" \/>\u2714 <strong data-start=\"1634\" data-end=\"1666\">Zes\u00edlen\u00e9 mont\u00e1\u017en\u00ed dr\u017e\u00e1ky<\/strong> vyrobeno z oceli ST-37, kter\u00e1 zaru\u010duje stabilitu n\u00e1dr\u017ee a jej\u00ed bezpe\u010dn\u00e9 pou\u017e\u00edv\u00e1n\u00ed.<\/p>\n<p data-start=\"2057\" data-end=\"2383\" data-is-last-node=\"\" data-is-only-node=\"\"><strong data-start=\"2060\" data-end=\"2116\">HYKO Supreme - trvanlivost a kvalita, kter\u00e1 se vyplat\u00ed<\/strong><br data-start=\"2116\" data-end=\"2119\" \/>N\u00e1dr\u017ee na hydraulick\u00fd olej HYKO Supreme jsou synonymem pro <strong data-start=\"2174\" data-end=\"2219\">robustnost, pevnost a spolehlivost<\/strong>. D\u00edky pe\u010dliv\u011b vybran\u00fdm materi\u00e1l\u016fm a precizn\u00edmu zpracov\u00e1n\u00ed jsou ide\u00e1ln\u00edm \u0159e\u0161en\u00edm pro profesion\u00e1ln\u00ed hydraulick\u00e9 syst\u00e9my n\u00e1kladn\u00edch vozidel.<\/p>\n<h3>HYKO - polsk\u00e1 zna\u010dka pro n\u00e1ro\u010dn\u00e9!<\/h3>\n<p>HYKO je polsk\u00e1 zna\u010dka vytvo\u0159en\u00e1 pro ty, kte\u0159\u00ed hledaj\u00ed nejlep\u0161\u00ed \u0159e\u0161en\u00ed za rozumnou cenu. Na\u0161\u00ed prioritou je kombinace kvality a funk\u010dnosti, kter\u00e1 je sp\u00ed\u0161e standardem ne\u017e luxusem.<br \/>\nD\u00edky v\u00edce ne\u017e 25 let\u016fm zku\u0161enost\u00ed v oboru nab\u00edz\u00edme nejmodern\u011bj\u0161\u00ed produkty, kter\u00e9 spl\u0148uj\u00ed o\u010dek\u00e1v\u00e1n\u00ed i t\u011bch nejn\u00e1ro\u010dn\u011bj\u0161\u00edch z\u00e1kazn\u00edk\u016f. Ka\u017ed\u00fd z na\u0161ich v\u00fdrobk\u016f je v\u00fdsledkem pe\u010dliv\u011b vybran\u00fdch komponent a precizn\u00ed kontroly kvality.<br \/>\n\u010c\u00edm se spole\u010dnost HYKO odli\u0161uje?<br \/>\n\u0160pi\u010dkov\u00e1 kvalita: Pe\u010dliv\u011b vybran\u00e9 komponenty od nejlep\u0161\u00edch evropsk\u00fdch, indick\u00fdch a \u010d\u00ednsk\u00fdch dodavatel\u016f.<br \/>\n\u2696\ufe0f F\u00e9rov\u00e1 cena: Plat\u00edte za skute\u010dnou kvalitu, ne za zna\u010dku na \u0161t\u00edtku.<br \/>\n\u2705 Spolehlivost: na\u0161e v\u00fdrobky p\u0159ekra\u010duj\u00ed normy a zaji\u0161\u0165uj\u00ed dlouhodob\u00fd a bezprobl\u00e9mov\u00fd provoz.<br \/>\nPro\u010d si vybrat HYKO?<br \/>\nNejv\u011bt\u0161\u00ed a nejrenomovan\u011bj\u0161\u00ed zna\u010dky ji\u017e l\u00e9ta pou\u017e\u00edvaj\u00ed \u0159e\u0161en\u00ed od \u010d\u00ednsk\u00fdch, indick\u00fdch a evropsk\u00fdch v\u00fdrobc\u016f, kter\u00e1 pou\u017e\u00edv\u00e1me i my. D\u00edky kontrolovan\u00fdm v\u00fdrobn\u00edm proces\u016fm jsou na\u0161e komponenty spolehliv\u00e9 i v t\u011bch nejn\u00e1ro\u010dn\u011bj\u0161\u00edch podm\u00ednk\u00e1ch.<br \/>\nV\u00fdroba komponent\u016f z Indie a \u010c\u00edny - spolehliv\u00e1 kvalita za dobrou cenu - neplat\u00edte za zna\u010dku na \u0161t\u00edtku v\u00fdrobku!<br \/>\nNa\u0161e komponenty odeb\u00edr\u00e1me nejen z Evropy, ale tak\u00e9 od renomovan\u00fdch dodavatel\u016f z Indie a \u010c\u00edny. V\u00fdrobn\u00ed procesy v t\u011bchto zem\u00edch jsou pe\u010dliv\u011b sledov\u00e1ny a kvalita komponent \u010dasto p\u0159ekra\u010duje evropsk\u00e9 standardy. Spolupracujeme pouze se spole\u010dnostmi, kter\u00e9 zaru\u010duj\u00ed nejvy\u0161\u0161\u00ed kvalitu a inovativn\u00ed technologie. To n\u00e1m umo\u017e\u0148uje nab\u00edzet v\u00fdrobky za konkurenceschopn\u00e9 ceny p\u0159i zachov\u00e1n\u00ed nejvy\u0161\u0161\u00edch parametr\u016f spolehlivosti a \u017eivotnosti.<br \/>\nKvalita a funk\u010dnost za rozumn\u00e9 pen\u00edze!<br \/>\nVe spole\u010dnosti HYKO v\u011b\u0159\u00edme, \u017ee je mo\u017en\u00e9 dod\u00e1vat spolehliv\u00e9 v\u00fdrobky bez kompromis\u016f. Na\u0161e \u0159e\u0161en\u00ed jsou investic\u00ed do v\u00fdkonu, spolehlivosti a spokojenosti na dlouh\u00e1 l\u00e9ta.<br \/>\nKontaktujte n\u00e1s je\u0161t\u011b dnes a zjist\u011bte, jak HYKO m\u016f\u017ee zlep\u0161it va\u0161i pr\u00e1ci! \u2728<\/p>","protected":false},"excerpt":{"rendered":"<h2 data-start=\"0\" data-end=\"70\"><strong data-start=\"4\" data-end=\"68\">HYKO Supreme - N\u00e1dr\u017ee na hydraulick\u00fd olej pro n\u00e1kladn\u00ed vozidla<\/strong> <strong data-start=\"75\" data-end=\"148\">Trvanlivost a spolehlivost - n\u00e1dr\u017ee na hydraulick\u00fd olej HYKO Supreme<\/strong><\/h2>\n<p data-start=\"0\" data-end=\"70\">N\u00e1dr\u017ee na hydraulick\u00fd olej <strong data-start=\"186\" data-end=\"202\">HYKO Supreme<\/strong> p\u0159edstavuj\u00ed robustn\u00ed a odoln\u00e9 \u0159e\u0161en\u00ed pro t\u011b\u017ek\u00e1 vozidla, kter\u00e1 vy\u017eaduj\u00ed spolehliv\u00e9 hydraulick\u00e9 komponenty. Jsou vyrobeny z hlin\u00edku nebo oceli a poskytuj\u00ed dlouhou \u017eivotnost a odolnost v\u016f\u010di n\u00e1ro\u010dn\u00fdm provozn\u00edm podm\u00ednk\u00e1m. D\u00edky \u0161irok\u00e9 \u0161k\u00e1le kapacit a rozm\u011br\u016f je lze p\u0159izp\u016fsobit individu\u00e1ln\u00edm pot\u0159eb\u00e1m u\u017eivatele.<\/p>","protected":false},"featured_media":1444,"comment_status":"open","ping_status":"closed","template":"","meta":{"_acf_changed":false},"product_brand":[],"product_cat":[27],"product_tag":[],"class_list":{"0":"post-1448","1":"product","2":"type-product","3":"status-publish","4":"has-post-thumbnail","6":"product_cat-zbiorniki-oleju-hydraulicznego","8":"first","9":"instock","10":"taxable","11":"shipping-taxable","12":"purchasable","13":"product-type-simple"},"acf":[],"_links":{"self":[{"href":"https:\/\/hyko.pl\/cs\/wp-json\/wp\/v2\/product\/1448","targetHints":{"allow":["GET"]}}],"collection":[{"href":"https:\/\/hyko.pl\/cs\/wp-json\/wp\/v2\/product"}],"about":[{"href":"https:\/\/hyko.pl\/cs\/wp-json\/wp\/v2\/types\/product"}],"replies":[{"embeddable":true,"href":"https:\/\/hyko.pl\/cs\/wp-json\/wp\/v2\/comments?post=1448"}],"wp:featuredmedia":[{"embeddable":true,"href":"https:\/\/hyko.pl\/cs\/wp-json\/wp\/v2\/media\/1444"}],"wp:attachment":[{"href":"https:\/\/hyko.pl\/cs\/wp-json\/wp\/v2\/media?parent=1448"}],"wp:term":[{"taxonomy":"product_brand","embeddable":true,"href":"https:\/\/hyko.pl\/cs\/wp-json\/wp\/v2\/product_brand?post=1448"},{"taxonomy":"product_cat","embeddable":true,"href":"https:\/\/hyko.pl\/cs\/wp-json\/wp\/v2\/product_cat?post=1448"},{"taxonomy":"product_tag","embeddable":true,"href":"https:\/\/hyko.pl\/cs\/wp-json\/wp\/v2\/product_tag?post=1448"}],"curies":[{"name":"wp","href":"https:\/\/api.w.org\/{rel}","templated":true}]}}