{"id":1458,"date":"2025-03-02T10:54:53","date_gmt":"2025-03-02T10:54:53","guid":{"rendered":"https:\/\/hyko.pl\/?post_type=product&#038;p=1458"},"modified":"2026-02-17T17:40:51","modified_gmt":"2026-02-17T17:40:51","slug":"zbiornik-oleju-hydraulicznego-93-litrow-stalowy-do-montazu-za-kabina-kopia","status":"publish","type":"product","link":"https:\/\/hyko.pl\/cs\/product-2\/nadrz-na-hydraulicky-olej-93-litru-ocelova-pro-montaz-za-kabinu-kopie\/","title":{"rendered":"P\u0159\u00edm\u00fd adapt\u00e9r BSP 1 1\/4\u2033, 1\u2033, 3\/4\u2033, 1\/2\u2033 - vsuvka, vsuvka"},"content":{"rendered":"<h2 data-start=\"0\" data-end=\"58\"><strong data-start=\"4\" data-end=\"56\">P\u0159\u00edm\u00fd adapt\u00e9r BSP - Spolehliv\u00e1 spojen\u00ed v hydraulice - \u0160rouben\u00ed, vsuvka\/adapt\u00e9r p\u0159\u00edm\u00fd BSP 1 1\/4\u2033, 1\u2033, 3\/4\u2033, 1\/2\u2033<\/strong><\/h2>\n<p data-start=\"60\" data-end=\"119\"><strong data-start=\"63\" data-end=\"114\">P\u0159\u00edm\u00e9 adapt\u00e9ry BSP - robustn\u00ed a univerz\u00e1ln\u00ed<\/strong><\/p>\n<p data-start=\"121\" data-end=\"396\">P\u0159\u00edm\u00e9 adapt\u00e9ry BSP (spojky, konektory) jsou kl\u00ed\u010dov\u00fdmi sou\u010d\u00e1stmi hydraulick\u00fdch syst\u00e9m\u016f, kter\u00e9 poskytuj\u00ed odoln\u00e1 a spolehliv\u00e1 spojen\u00ed. Jsou vybaveny t\u011bsnic\u00ed podlo\u017ekou a ku\u017eelov\u00fdm sedlem. <strong data-start=\"319\" data-end=\"326\">60\u00b0<\/strong>, zaru\u010duj\u00ed maxim\u00e1ln\u00ed t\u011bsnost a odolnost v\u016f\u010di vysok\u00fdm tlak\u016fm.<\/p>\n<p data-start=\"398\" data-end=\"657\"><strong data-start=\"401\" data-end=\"429\">Technick\u00e9 specifikace:<\/strong><br data-start=\"429\" data-end=\"432\" \/>\u2714 <strong data-start=\"434\" data-end=\"456\">Dostupn\u00e9 velikosti:<\/strong> <strong data-start=\"457\" data-end=\"487\">BSP 1 1\/4\", 1\", 3\/4\", 1\/2<\/strong><br data-start=\"487\" data-end=\"490\" \/>\u2714 <strong data-start=\"492\" data-end=\"505\">Materi\u00e1l:<\/strong> Ocel <strong data-start=\"511\" data-end=\"524\">11SMn30Pb<\/strong> - pro trvanlivost a odolnost proti opot\u0159eben\u00ed<br data-start=\"575\" data-end=\"578\" \/>\u2714 <strong data-start=\"580\" data-end=\"596\">Standard BSP<\/strong> - kompatibilita se \u0161irokou \u0161k\u00e1lou hydraulick\u00fdch komponent\u016f.<\/p>\n<p data-start=\"659\" data-end=\"996\">\u2699 <strong data-start=\"661\" data-end=\"698\">Nej\u010dast\u011bj\u0161\u00ed volba v pr\u016fmyslu<\/strong><br data-start=\"698\" data-end=\"701\" \/>\u0160rouben\u00ed BSP pat\u0159\u00ed k nej\u010dast\u011bji pou\u017e\u00edvan\u00fdm sou\u010d\u00e1stem hydraulick\u00fdch syst\u00e9m\u016f, a proto jsou jejich \u0161rouben\u00ed <strong data-start=\"808\" data-end=\"830\">v\u00fdb\u011br a integrace<\/strong> s ostatn\u00edmi komponenty jsou velmi jednoduch\u00e9. D\u00edky jejich obl\u00edbenosti lze snadno naj\u00edt kompatibiln\u00ed komponenty, co\u017e v\u00fdrazn\u011b zkracuje dobu n\u00e1vrhu a instalace.<\/p>\n<p data-start=\"998\" data-end=\"1318\"><strong data-start=\"1001\" data-end=\"1038\">Rychl\u00e1 instalace - maxim\u00e1ln\u00ed pohodl\u00ed<\/strong><br data-start=\"1038\" data-end=\"1041\" \/>\u2714 <strong data-start=\"1043\" data-end=\"1086\">Nen\u00ed nutn\u00e9 sva\u0159ov\u00e1n\u00ed ani z\u00e1vitov\u00e1n\u00ed<\/strong> - rychl\u00e1 instalace a demont\u00e1\u017e<br data-start=\"1117\" data-end=\"1120\" \/>\u2714 <strong data-start=\"1122\" data-end=\"1139\">Snadn\u00e9 ovl\u00e1d\u00e1n\u00ed<\/strong> - ide\u00e1ln\u00ed pro nov\u00e9 instalace i modernizaci st\u00e1vaj\u00edc\u00edch syst\u00e9m\u016f.<br data-start=\"1232\" data-end=\"1235\" \/>\u2714 <strong data-start=\"1237\" data-end=\"1260\">Trvanlivost spojen\u00ed<\/strong> - op\u011btovn\u00e1 instalace nem\u00e1 vliv na kvalitu t\u011bsn\u011bn\u00ed.<\/p>\n<p data-start=\"1320\" data-end=\"1526\"><strong data-start=\"1323\" data-end=\"1357\">Vsa\u010fte na kvalitu HYKO Supreme!<\/strong><br data-start=\"1357\" data-end=\"1360\" \/>\u0160rouben\u00ed BSP jsou osv\u011bd\u010denou volbou v hydraulick\u00fdch syst\u00e9mech. D\u00edky sv\u00e9 robustn\u00ed konstrukci a univerz\u00e1lnosti se pou\u017e\u00edvaj\u00ed v \u0161irok\u00e9 \u0161k\u00e1le pr\u016fmyslov\u00fdch aplikac\u00ed.<\/p>\n<p data-start=\"1528\" data-end=\"1622\" data-is-last-node=\"\" data-is-only-node=\"\"><strong data-start=\"1531\" data-end=\"1619\">Prohl\u00e9dn\u011bte si nab\u00eddku a vyberte si spolehliv\u00e9 \u0159e\u0161en\u00ed pro sv\u016fj vodovodn\u00ed syst\u00e9m!<\/strong><\/p>\n<h3>HYKO - polsk\u00e1 zna\u010dka pro n\u00e1ro\u010dn\u00e9!<\/h3>\n<p>HYKO je polsk\u00e1 zna\u010dka vytvo\u0159en\u00e1 pro ty, kte\u0159\u00ed hledaj\u00ed nejlep\u0161\u00ed \u0159e\u0161en\u00ed za rozumnou cenu. Na\u0161\u00ed prioritou je kombinace kvality a funk\u010dnosti, kter\u00e1 je sp\u00ed\u0161e standardem ne\u017e luxusem.<br \/>\nD\u00edky v\u00edce ne\u017e 25 let\u016fm zku\u0161enost\u00ed v oboru nab\u00edz\u00edme nejmodern\u011bj\u0161\u00ed produkty, kter\u00e9 spl\u0148uj\u00ed o\u010dek\u00e1v\u00e1n\u00ed i t\u011bch nejn\u00e1ro\u010dn\u011bj\u0161\u00edch z\u00e1kazn\u00edk\u016f. Ka\u017ed\u00fd z na\u0161ich v\u00fdrobk\u016f je v\u00fdsledkem pe\u010dliv\u011b vybran\u00fdch komponent a precizn\u00ed kontroly kvality.<br \/>\n\u010c\u00edm se spole\u010dnost HYKO odli\u0161uje?<br \/>\n\u0160pi\u010dkov\u00e1 kvalita: Pe\u010dliv\u011b vybran\u00e9 komponenty od nejlep\u0161\u00edch evropsk\u00fdch, indick\u00fdch a \u010d\u00ednsk\u00fdch dodavatel\u016f.<br \/>\n\u2696\ufe0f F\u00e9rov\u00e1 cena: Plat\u00edte za skute\u010dnou kvalitu, ne za zna\u010dku na \u0161t\u00edtku.<br \/>\n\u2705 Spolehlivost: na\u0161e v\u00fdrobky p\u0159ekra\u010duj\u00ed normy a zaji\u0161\u0165uj\u00ed dlouhodob\u00fd a bezprobl\u00e9mov\u00fd provoz.<br \/>\nPro\u010d si vybrat HYKO?<br \/>\nNejv\u011bt\u0161\u00ed a nejrenomovan\u011bj\u0161\u00ed zna\u010dky ji\u017e l\u00e9ta pou\u017e\u00edvaj\u00ed \u0159e\u0161en\u00ed od \u010d\u00ednsk\u00fdch, indick\u00fdch a evropsk\u00fdch v\u00fdrobc\u016f, kter\u00e1 pou\u017e\u00edv\u00e1me i my. D\u00edky kontrolovan\u00fdm v\u00fdrobn\u00edm proces\u016fm jsou na\u0161e komponenty spolehliv\u00e9 i v t\u011bch nejn\u00e1ro\u010dn\u011bj\u0161\u00edch podm\u00ednk\u00e1ch.<br \/>\nV\u00fdroba komponent\u016f z Indie a \u010c\u00edny - spolehliv\u00e1 kvalita za dobrou cenu - neplat\u00edte za zna\u010dku na \u0161t\u00edtku v\u00fdrobku!<br \/>\nNa\u0161e komponenty odeb\u00edr\u00e1me nejen z Evropy, ale tak\u00e9 od renomovan\u00fdch dodavatel\u016f z Indie a \u010c\u00edny. V\u00fdrobn\u00ed procesy v t\u011bchto zem\u00edch jsou pe\u010dliv\u011b sledov\u00e1ny a kvalita komponent \u010dasto p\u0159ekra\u010duje evropsk\u00e9 standardy. Spolupracujeme pouze se spole\u010dnostmi, kter\u00e9 zaru\u010duj\u00ed nejvy\u0161\u0161\u00ed kvalitu a inovativn\u00ed technologie. To n\u00e1m umo\u017e\u0148uje nab\u00edzet v\u00fdrobky za konkurenceschopn\u00e9 ceny p\u0159i zachov\u00e1n\u00ed nejvy\u0161\u0161\u00edch parametr\u016f spolehlivosti a \u017eivotnosti.<br \/>\nKvalita a funk\u010dnost za rozumn\u00e9 pen\u00edze!<br \/>\nVe spole\u010dnosti HYKO v\u011b\u0159\u00edme, \u017ee je mo\u017en\u00e9 dod\u00e1vat spolehliv\u00e9 v\u00fdrobky bez kompromis\u016f. Na\u0161e \u0159e\u0161en\u00ed jsou investic\u00ed do v\u00fdkonu, spolehlivosti a spokojenosti na dlouh\u00e1 l\u00e9ta.<br \/>\nKontaktujte n\u00e1s je\u0161t\u011b dnes a zjist\u011bte, jak HYKO m\u016f\u017ee zlep\u0161it va\u0161i pr\u00e1ci! \u2728<\/p>","protected":false},"excerpt":{"rendered":"<p data-start=\"60\" data-end=\"119\"><strong data-start=\"63\" data-end=\"114\">P\u0159\u00edm\u00e9 adapt\u00e9ry BSP - robustn\u00ed a univerz\u00e1ln\u00ed<\/strong><\/p>\n<p data-start=\"121\" data-end=\"396\">P\u0159\u00edm\u00e9 adapt\u00e9ry BSP (spojky, konektory) jsou kl\u00ed\u010dov\u00fdmi sou\u010d\u00e1stmi hydraulick\u00fdch syst\u00e9m\u016f, kter\u00e9 poskytuj\u00ed odoln\u00e1 a spolehliv\u00e1 spojen\u00ed. Jsou vybaveny t\u011bsnic\u00ed podlo\u017ekou a ku\u017eelov\u00fdm sedlem. <strong data-start=\"319\" data-end=\"326\">60\u00b0<\/strong>, zaru\u010duj\u00ed maxim\u00e1ln\u00ed t\u011bsnost a odolnost v\u016f\u010di vysok\u00fdm tlak\u016fm.<\/p>","protected":false},"featured_media":1459,"comment_status":"open","ping_status":"closed","template":"","meta":{"_acf_changed":false},"product_brand":[],"product_cat":[34],"product_tag":[],"class_list":{"0":"post-1458","1":"product","2":"type-product","3":"status-publish","4":"has-post-thumbnail","6":"product_cat-weze-przewody-adaptery","8":"first","9":"instock","10":"taxable","11":"shipping-taxable","12":"product-type-variable"},"acf":[],"_links":{"self":[{"href":"https:\/\/hyko.pl\/cs\/wp-json\/wp\/v2\/product\/1458","targetHints":{"allow":["GET"]}}],"collection":[{"href":"https:\/\/hyko.pl\/cs\/wp-json\/wp\/v2\/product"}],"about":[{"href":"https:\/\/hyko.pl\/cs\/wp-json\/wp\/v2\/types\/product"}],"replies":[{"embeddable":true,"href":"https:\/\/hyko.pl\/cs\/wp-json\/wp\/v2\/comments?post=1458"}],"wp:featuredmedia":[{"embeddable":true,"href":"https:\/\/hyko.pl\/cs\/wp-json\/wp\/v2\/media\/1459"}],"wp:attachment":[{"href":"https:\/\/hyko.pl\/cs\/wp-json\/wp\/v2\/media?parent=1458"}],"wp:term":[{"taxonomy":"product_brand","embeddable":true,"href":"https:\/\/hyko.pl\/cs\/wp-json\/wp\/v2\/product_brand?post=1458"},{"taxonomy":"product_cat","embeddable":true,"href":"https:\/\/hyko.pl\/cs\/wp-json\/wp\/v2\/product_cat?post=1458"},{"taxonomy":"product_tag","embeddable":true,"href":"https:\/\/hyko.pl\/cs\/wp-json\/wp\/v2\/product_tag?post=1458"}],"curies":[{"name":"wp","href":"https:\/\/api.w.org\/{rel}","templated":true}]}}