{"id":1475,"date":"2025-03-02T15:46:34","date_gmt":"2025-03-02T15:46:34","guid":{"rendered":"https:\/\/hyko.pl\/?post_type=product&#038;p=1475"},"modified":"2025-03-02T16:06:59","modified_gmt":"2025-03-02T16:06:59","slug":"silownik-podskrzyniowy-hyko-neoforce-ghs116-4-1720k","status":"publish","type":"product","link":"https:\/\/hyko.pl\/cs\/product-2\/hyko-neoforce-ghs116-4-1720k-dilci-motor-skrine\/","title":{"rendered":"Podsk\u0159\u00ed\u0148ov\u00fd v\u00e1lec HYKO NeoFORCE GHS116-4-1720K"},"content":{"rendered":"<h2 data-start=\"0\" data-end=\"77\"><strong data-start=\"4\" data-end=\"75\">Podsk\u0159\u00ed\u0148ov\u00fd v\u00e1lec HYKO NeoFORCE GHS116-4-1720K<\/strong><\/h2>\n<h3 data-start=\"0\" data-end=\"77\"><strong data-start=\"4\" data-end=\"75\">Podko\u017en\u00ed aktu\u00e1tor HYKO NeoFORCE - v\u00fdkon, odolnost a spolehlivost<\/strong><\/h3>\n<p data-start=\"79\" data-end=\"133\"><strong data-start=\"82\" data-end=\"128\">Maxim\u00e1ln\u00ed zvedac\u00ed v\u00fdkon a s\u00edla<\/strong><\/p>\n<p data-start=\"135\" data-end=\"426\">Podlahov\u00fd pohon <strong data-start=\"158\" data-end=\"175\">HYKO NeoFORCE<\/strong> je nejmodern\u011bj\u0161\u00edm \u0159e\u0161en\u00edm pro n\u00e1ro\u010dn\u00e9 skl\u00e1p\u011bc\u00ed syst\u00e9my u\u017eitkov\u00fdch vozidel. Navr\u017eeno pro <strong data-start=\"285\" data-end=\"323\">maxim\u00e1ln\u00ed v\u00fdkon a odolnost<\/strong>, poskytnout <strong data-start=\"336\" data-end=\"367\">bezkonkuren\u010dn\u00ed zvedac\u00ed s\u00edla<\/strong> a dlouhou \u017eivotnost v nejn\u00e1ro\u010dn\u011bj\u0161\u00edch provozn\u00edch podm\u00ednk\u00e1ch.<\/p>\n<p data-start=\"428\" data-end=\"756\"><strong data-start=\"431\" data-end=\"464\">Nejd\u016fle\u017eit\u011bj\u0161\u00ed vlastnosti produktu:<\/strong><br data-start=\"464\" data-end=\"467\" \/>\u2714 <strong data-start=\"469\" data-end=\"505\">Kompaktn\u00ed a robustn\u00ed konstrukce<\/strong> - umo\u017e\u0148uje instalaci do r\u016fzn\u00fdch typ\u016f vozidel<br data-start=\"550\" data-end=\"553\" \/>\u2714 <strong data-start=\"555\" data-end=\"580\">Maxim\u00e1ln\u00ed stabilita<\/strong> - sni\u017euje riziko po\u0161kozen\u00ed vozidla p\u0159i vykl\u00e1p\u011bn\u00ed.<br data-start=\"641\" data-end=\"644\" \/>\u2714 <strong data-start=\"646\" data-end=\"685\">Odolnost proti extr\u00e9mn\u00edmu zat\u00ed\u017een\u00ed<\/strong> - zaru\u010duje spolehliv\u00fd provoz i v t\u011bch nejn\u00e1ro\u010dn\u011bj\u0161\u00edch podm\u00ednk\u00e1ch.<\/p>\n<p data-start=\"758\" data-end=\"1071\">\u2699 <strong data-start=\"760\" data-end=\"811\">Dlouh\u00e1 \u017eivotnost a minim\u00e1ln\u00ed \u00fadr\u017eba<\/strong><br data-start=\"811\" data-end=\"814\" \/>Aktu\u00e1tory <strong data-start=\"824\" data-end=\"841\">HYKO NeoFORCE<\/strong> jsou navr\u017eeny tak, aby poskytovaly <strong data-start=\"884\" data-end=\"939\">maxim\u00e1ln\u00ed \u017eivotnost a minim\u00e1ln\u00ed po\u017eadavky na \u00fadr\u017ebu<\/strong>. D\u00edky pou\u017eit\u00ed vysoce kvalitn\u00edch materi\u00e1l\u016f a precizn\u00edmu technick\u00e9mu zpracov\u00e1n\u00ed je jejich provoz. <strong data-start=\"1037\" data-end=\"1068\">\u00fasporn\u00e9 a bezprobl\u00e9mov\u00e9<\/strong>.<\/p>\n<p data-start=\"1073\" data-end=\"1436\"><strong data-start=\"1076\" data-end=\"1114\">V\u0161estrannost a snadn\u00e1 instalace<\/strong><br data-start=\"1114\" data-end=\"1117\" \/>\u2714 <strong data-start=\"1119\" data-end=\"1161\">P\u0159izp\u016fsoben\u00ed r\u016fzn\u00fdm typ\u016fm vozidel<\/strong> - Pohony HYKO NeoFORCE jsou vhodn\u00e9 pro \u0161irokou \u0161k\u00e1lu konstrukc\u00ed skl\u00e1p\u011bc\u00edch voz\u016f<br data-start=\"1233\" data-end=\"1236\" \/>\u2714 <strong data-start=\"1238\" data-end=\"1291\">Bezprobl\u00e9mov\u00e1 integrace do hydraulick\u00e9ho syst\u00e9mu<\/strong> - rychl\u00e1 instalace a vysok\u00e1 kompatibilita<br data-start=\"1331\" data-end=\"1334\" \/>\u2714 <strong data-start=\"1336\" data-end=\"1360\">Odoln\u00e1 t\u011bsn\u011bn\u00ed<\/strong> - zaji\u0161\u0165uj\u00ed maxim\u00e1ln\u00ed t\u011bsnost a odolnost proti intenzivn\u00edmu pou\u017e\u00edv\u00e1n\u00ed.<\/p>\n<p data-start=\"1438\" data-end=\"1784\"><strong data-start=\"1441\" data-end=\"1497\">HYKO NeoFORCE - technologie, na kterou se m\u016f\u017eete spolehnout!<\/strong><br data-start=\"1497\" data-end=\"1500\" \/>Podsk\u0159\u00ed\u0148ov\u00e9 pohony <strong data-start=\"1523\" data-end=\"1540\">HYKO NeoFORCE<\/strong> je osv\u011bd\u010den\u00fdm \u0159e\u0161en\u00edm pro ty, kte\u0159\u00ed cht\u011bj\u00ed <strong data-start=\"1593\" data-end=\"1634\">spolehlivost, pevnost a dlouh\u00e1 \u017eivotnost<\/strong>. D\u00edky jejich robustn\u00ed konstrukci, vysok\u00e9 stabilit\u011b a n\u00edzk\u00fdm n\u00e1rok\u016fm na \u00fadr\u017ebu je mo\u017en\u00e9 je <strong data-start=\"1725\" data-end=\"1781\">nejlep\u0161\u00ed volba pro modern\u00ed skl\u00e1p\u011bc\u00ed syst\u00e9my<\/strong>.<\/p>\n<p data-start=\"1786\" data-end=\"1865\" data-is-last-node=\"\" data-is-only-node=\"\"><strong data-start=\"1789\" data-end=\"1862\">Prohl\u00e9dn\u011bte si nab\u00eddku a vyberte si pohony HYKO NeoFORCE pro sv\u00e9 vozidlo!<\/strong><\/p>\n<p data-start=\"78\" data-end=\"137\"><span style=\"font-family: -apple-system, BlinkMacSystemFont, 'Segoe UI', Roboto, 'Helvetica Neue', Arial, 'Noto Sans', sans-serif, 'Apple Color Emoji', 'Segoe UI Emoji', 'Segoe UI Symbol', 'Noto Color Emoji';\">HYKO - polsk\u00e1 zna\u010dka pro n\u00e1ro\u010dn\u00e9!<\/span><\/p>\n<p>HYKO je polsk\u00e1 zna\u010dka vytvo\u0159en\u00e1 pro ty, kte\u0159\u00ed hledaj\u00ed nejlep\u0161\u00ed \u0159e\u0161en\u00ed za rozumnou cenu. Na\u0161\u00ed prioritou je kombinace kvality a funk\u010dnosti, kter\u00e1 je sp\u00ed\u0161e standardem ne\u017e luxusem.<br \/>\nD\u00edky v\u00edce ne\u017e 25 let\u016fm zku\u0161enost\u00ed v oboru nab\u00edz\u00edme nejmodern\u011bj\u0161\u00ed produkty, kter\u00e9 spl\u0148uj\u00ed o\u010dek\u00e1v\u00e1n\u00ed i t\u011bch nejn\u00e1ro\u010dn\u011bj\u0161\u00edch z\u00e1kazn\u00edk\u016f. Ka\u017ed\u00fd z na\u0161ich v\u00fdrobk\u016f je v\u00fdsledkem pe\u010dliv\u011b vybran\u00fdch komponent a precizn\u00ed kontroly kvality.<br \/>\n\u010c\u00edm se spole\u010dnost HYKO odli\u0161uje?<br \/>\n\u0160pi\u010dkov\u00e1 kvalita: Pe\u010dliv\u011b vybran\u00e9 komponenty od nejlep\u0161\u00edch evropsk\u00fdch, indick\u00fdch a \u010d\u00ednsk\u00fdch dodavatel\u016f.<br \/>\n\u2696\ufe0f F\u00e9rov\u00e1 cena: Plat\u00edte za skute\u010dnou kvalitu, ne za zna\u010dku na \u0161t\u00edtku.<br \/>\n\u2705 Spolehlivost: na\u0161e v\u00fdrobky p\u0159ekra\u010duj\u00ed normy a zaji\u0161\u0165uj\u00ed dlouhodob\u00fd a bezprobl\u00e9mov\u00fd provoz.<br \/>\nPro\u010d si vybrat HYKO?<br \/>\nNejv\u011bt\u0161\u00ed a nejrenomovan\u011bj\u0161\u00ed zna\u010dky ji\u017e l\u00e9ta pou\u017e\u00edvaj\u00ed \u0159e\u0161en\u00ed od \u010d\u00ednsk\u00fdch, indick\u00fdch a evropsk\u00fdch v\u00fdrobc\u016f, kter\u00e1 pou\u017e\u00edv\u00e1me i my. D\u00edky kontrolovan\u00fdm v\u00fdrobn\u00edm proces\u016fm jsou na\u0161e komponenty spolehliv\u00e9 i v t\u011bch nejn\u00e1ro\u010dn\u011bj\u0161\u00edch podm\u00ednk\u00e1ch.<br \/>\nV\u00fdroba komponent\u016f z Indie a \u010c\u00edny - spolehliv\u00e1 kvalita za dobrou cenu - neplat\u00edte za zna\u010dku na \u0161t\u00edtku v\u00fdrobku!<br \/>\nNa\u0161e komponenty odeb\u00edr\u00e1me nejen z Evropy, ale tak\u00e9 od renomovan\u00fdch dodavatel\u016f z Indie a \u010c\u00edny. V\u00fdrobn\u00ed procesy v t\u011bchto zem\u00edch jsou pe\u010dliv\u011b sledov\u00e1ny a kvalita komponent \u010dasto p\u0159ekra\u010duje evropsk\u00e9 standardy. Spolupracujeme pouze se spole\u010dnostmi, kter\u00e9 zaru\u010duj\u00ed nejvy\u0161\u0161\u00ed kvalitu a inovativn\u00ed technologie. To n\u00e1m umo\u017e\u0148uje nab\u00edzet v\u00fdrobky za konkurenceschopn\u00e9 ceny p\u0159i zachov\u00e1n\u00ed nejvy\u0161\u0161\u00edch parametr\u016f spolehlivosti a \u017eivotnosti.<br \/>\nKvalita a funk\u010dnost za rozumn\u00e9 pen\u00edze!<br \/>\nVe spole\u010dnosti HYKO v\u011b\u0159\u00edme, \u017ee je mo\u017en\u00e9 dod\u00e1vat spolehliv\u00e9 v\u00fdrobky bez kompromis\u016f. Na\u0161e \u0159e\u0161en\u00ed jsou investic\u00ed do v\u00fdkonu, spolehlivosti a spokojenosti na dlouh\u00e1 l\u00e9ta.<br \/>\nKontaktujte n\u00e1s je\u0161t\u011b dnes a zjist\u011bte, jak HYKO m\u016f\u017ee zlep\u0161it va\u0161i pr\u00e1ci! \u2728<\/p>","protected":false},"excerpt":{"rendered":"<h3 data-start=\"0\" data-end=\"77\"><strong data-start=\"4\" data-end=\"75\">Podko\u017en\u00ed aktu\u00e1tor HYKO NeoFORCE - v\u00fdkon, odolnost a spolehlivost<\/strong><\/h3>\n<p data-start=\"79\" data-end=\"133\"><strong data-start=\"82\" data-end=\"128\">Maxim\u00e1ln\u00ed zvedac\u00ed v\u00fdkon a s\u00edla<\/strong><\/p>\n<p data-start=\"135\" data-end=\"426\">Podlahov\u00fd pohon <strong data-start=\"158\" data-end=\"175\">HYKO NeoFORCE<\/strong> je nejmodern\u011bj\u0161\u00edm \u0159e\u0161en\u00edm pro n\u00e1ro\u010dn\u00e9 skl\u00e1p\u011bc\u00ed syst\u00e9my u\u017eitkov\u00fdch vozidel. Navr\u017eeno pro <strong data-start=\"285\" data-end=\"323\">maxim\u00e1ln\u00ed v\u00fdkon a odolnost<\/strong>, poskytnout <strong data-start=\"336\" data-end=\"367\">bezkonkuren\u010dn\u00ed zvedac\u00ed s\u00edla<\/strong> a dlouhou \u017eivotnost v nejn\u00e1ro\u010dn\u011bj\u0161\u00edch provozn\u00edch podm\u00ednk\u00e1ch.<\/p>\n<p data-start=\"462\" data-end=\"785\">","protected":false},"featured_media":1476,"comment_status":"open","ping_status":"closed","template":"","meta":{"_acf_changed":false},"product_brand":[],"product_cat":[23],"product_tag":[],"class_list":{"0":"post-1475","1":"product","2":"type-product","3":"status-publish","4":"has-post-thumbnail","6":"product_cat-silowniki-pod-skrzyniowe","8":"first","9":"instock","10":"taxable","11":"shipping-taxable","12":"purchasable","13":"product-type-simple"},"acf":[],"_links":{"self":[{"href":"https:\/\/hyko.pl\/cs\/wp-json\/wp\/v2\/product\/1475","targetHints":{"allow":["GET"]}}],"collection":[{"href":"https:\/\/hyko.pl\/cs\/wp-json\/wp\/v2\/product"}],"about":[{"href":"https:\/\/hyko.pl\/cs\/wp-json\/wp\/v2\/types\/product"}],"replies":[{"embeddable":true,"href":"https:\/\/hyko.pl\/cs\/wp-json\/wp\/v2\/comments?post=1475"}],"wp:featuredmedia":[{"embeddable":true,"href":"https:\/\/hyko.pl\/cs\/wp-json\/wp\/v2\/media\/1476"}],"wp:attachment":[{"href":"https:\/\/hyko.pl\/cs\/wp-json\/wp\/v2\/media?parent=1475"}],"wp:term":[{"taxonomy":"product_brand","embeddable":true,"href":"https:\/\/hyko.pl\/cs\/wp-json\/wp\/v2\/product_brand?post=1475"},{"taxonomy":"product_cat","embeddable":true,"href":"https:\/\/hyko.pl\/cs\/wp-json\/wp\/v2\/product_cat?post=1475"},{"taxonomy":"product_tag","embeddable":true,"href":"https:\/\/hyko.pl\/cs\/wp-json\/wp\/v2\/product_tag?post=1475"}],"curies":[{"name":"wp","href":"https:\/\/api.w.org\/{rel}","templated":true}]}}