{"id":1482,"date":"2025-03-02T16:24:03","date_gmt":"2025-03-02T16:24:03","guid":{"rendered":"https:\/\/hyko.pl\/?post_type=product&#038;p=1482"},"modified":"2025-03-31T13:36:47","modified_gmt":"2025-03-31T13:36:47","slug":"zestaw-hydrauliki-do-wywrotu-hyko-ultraforce-uniwersalny-na-kazdy-ciagnik-siodlowy","status":"publish","type":"product","link":"https:\/\/hyko.pl\/cs\/product-2\/sada-hydrauliky-sklapeni-hyko-ultraforce-univerzalni-pro-vsechny-traktory\/","title":{"rendered":"Sada hydrauliky HYKO UltraFORCE pro skl\u00e1p\u011bn\u00ed - univerz\u00e1ln\u00ed pro jak\u00fdkoli traktor - HLIN\u00cdKOV\u00c1 N\u00c1DR\u017d"},"content":{"rendered":"<h2 data-start=\"0\" data-end=\"93\"><strong data-start=\"4\" data-end=\"91\">Hydraulick\u00e1 sada HYKO UltraFORCE - maxim\u00e1ln\u00ed v\u00fdkon a spolehlivost<\/strong><\/h2>\n<p data-start=\"95\" data-end=\"148\"><strong data-start=\"98\" data-end=\"143\">Kompletn\u00ed \u0159e\u0161en\u00ed pro va\u0161e vozidlo<\/strong><\/p>\n<p data-start=\"150\" data-end=\"450\">Hydraulick\u00e9 sady <strong data-start=\"169\" data-end=\"188\">HYKO UltraFORCE<\/strong> jsou pokro\u010dil\u00e9 syst\u00e9my ur\u010den\u00e9 pro <strong data-start=\"227\" data-end=\"278\">maxim\u00e1ln\u00ed \u00fa\u010dinnost a bezprobl\u00e9mov\u00fd provoz<\/strong> v u\u017eitkov\u00fdch vozidlech. Ka\u017ed\u00e1 sada je navr\u017eena tak, aby <strong data-start=\"348\" data-end=\"392\">pln\u00e1 kompatibilita se syst\u00e9mem skl\u00e1p\u011bn\u00ed<\/strong>kter\u00e1 zaru\u010duje <strong data-start=\"408\" data-end=\"447\">snadn\u00e1 instalace a spolehliv\u00fd provoz<\/strong>.<\/p>\n<p data-start=\"452\" data-end=\"791\"><strong data-start=\"455\" data-end=\"505\">Pro\u010d si vybrat sady HYKO UltraFORCE?<\/strong><br data-start=\"505\" data-end=\"508\" \/>\u2714 <strong data-start=\"510\" data-end=\"535\">Testovan\u00e9 sou\u010d\u00e1sti<\/strong> - vybran\u00e9 komponenty nejvy\u0161\u0161\u00ed kvality<br data-start=\"582\" data-end=\"585\" \/>\u2714 <strong data-start=\"587\" data-end=\"610\">Perfektn\u011b sed\u00ed<\/strong> - kompatibilita se \u0161irokou \u0161k\u00e1lou vozidel\u00a0<br data-start=\"710\" data-end=\"713\" \/>\u2714 <strong data-start=\"715\" data-end=\"740\">Kompletn\u00ed \u0159e\u0161en\u00ed<\/strong> - v\u0161e, co pot\u0159ebujete, v jedn\u00e9 sad\u011b<\/p>\n<p data-start=\"793\" data-end=\"1390\">\u2699 <strong data-start=\"795\" data-end=\"842\">\u00dapln\u00e9 specifikace sady HYKO UltraFORCE:<\/strong><br data-start=\"842\" data-end=\"845\" \/>\u2714 <strong data-start=\"847\" data-end=\"868\">Ozuben\u00e9 \u010derpadlo<\/strong>\u00a0- v\u00fdkonnost <strong data-start=\"881\" data-end=\"893\">82 l\/min<\/strong> pro plynul\u00fd a rychl\u00fd provoz syst\u00e9mu<br data-start=\"935\" data-end=\"938\" \/>\u2714 <strong data-start=\"940\" data-end=\"992\">Hlin\u00edkov\u00e1 n\u00e1dr\u017e na hydraulick\u00fd olej (150 l)<\/strong> - lehk\u00e1 a robustn\u00ed konstrukce zabra\u0148uj\u00edc\u00ed korozi<br data-start=\"1045\" data-end=\"1048\" data-is-only-node=\"\" \/>\u2714 <strong data-start=\"1050\" data-end=\"1083\">Hydraulick\u00fd ventil pro vykl\u00e1p\u011bn\u00ed<\/strong> - p\u0159esn\u00e9 \u0159\u00edzen\u00ed a provozn\u00ed bezpe\u010dnost<br data-start=\"1128\" data-end=\"1131\" \/>\u2714 <strong data-start=\"1133\" data-end=\"1189\">Rychlospojky, vysokotlak\u00e9 hadice a sac\u00ed hadice<\/strong> - maxim\u00e1ln\u00ed t\u011bsnost a trvanlivost syst\u00e9mu.<br data-start=\"1232\" data-end=\"1235\" \/>\u2714 <strong data-start=\"1237\" data-end=\"1261\">Ovl\u00e1d\u00e1n\u00ed kabiny<\/strong> - pohodln\u00e9 ovl\u00e1d\u00e1n\u00ed pro obsluhu<br data-start=\"1293\" data-end=\"1296\" \/>\u2714 <strong data-start=\"1298\" data-end=\"1343\">Adapt\u00e9ry, t\u011bsn\u011bn\u00ed a mont\u00e1\u017en\u00ed p\u0159\u00edslu\u0161enstv\u00ed<\/strong> - v\u0161echny sou\u010d\u00e1sti pot\u0159ebn\u00e9 k instalaci<\/p>\n<p data-start=\"1392\" data-end=\"1713\"><strong data-start=\"1395\" data-end=\"1453\">Snadn\u00e1 instalace - hotov\u00e9 \u0159e\u0161en\u00ed pro profesion\u00e1ly<\/strong><br data-start=\"1453\" data-end=\"1456\" \/>\u2714 <strong data-start=\"1458\" data-end=\"1483\">Optimalizovan\u00fd design<\/strong> - rychl\u00e1 a snadn\u00e1 instalace bez nutnosti dal\u0161\u00edch \u00faprav.<br data-start=\"1545\" data-end=\"1548\" \/>\u2714 <strong data-start=\"1550\" data-end=\"1577\">Trvanlivost a spolehlivost<\/strong> - sada ur\u010den\u00e1 pro intenzivn\u00ed pou\u017eit\u00ed<br data-start=\"1629\" data-end=\"1632\" \/>\u2714 <strong data-start=\"1634\" data-end=\"1663\">Maxim\u00e1ln\u00ed kompatibilita<\/strong> - Vhodn\u00e9 pro \u0161irokou \u0161k\u00e1lu n\u00e1kladn\u00edch vozidel<\/p>\n<p data-start=\"1715\" data-end=\"2066\"><strong data-start=\"1718\" data-end=\"1775\">HYKO UltraFORCE - spolehlivost, kter\u00e9 m\u016f\u017eete v\u011b\u0159it!<\/strong><br data-start=\"1775\" data-end=\"1778\" \/>Hydraulick\u00e9 sady <strong data-start=\"1797\" data-end=\"1816\">HYKO UltraFORCE<\/strong> je z\u00e1rukou <strong data-start=\"1830\" data-end=\"1877\">stabiln\u00ed a efektivn\u00ed provoz skl\u00e1p\u011bc\u00edho syst\u00e9mu<\/strong>i v t\u011bch nejn\u00e1ro\u010dn\u011bj\u0161\u00edch provozn\u00edch podm\u00ednk\u00e1ch. D\u00edky pou\u017eit\u00ed vysoce kvalitn\u00edch komponent\u016f poskytuj\u00ed <strong data-start=\"1994\" data-end=\"2063\">bezkonkuren\u010dn\u00ed odolnost, plynul\u00fd provoz a bezpe\u010dnost provozu.<\/strong>.<\/p>\n<p data-start=\"2068\" data-end=\"2157\" data-is-last-node=\"\" data-is-only-node=\"\"><strong data-start=\"2071\" data-end=\"2154\">Prohl\u00e9dn\u011bte si nab\u00eddku a vyberte si sadu HYKO UltraFORCE, kter\u00e1 bude vyhovovat va\u0161emu vozidlu!<\/strong><\/p>\n<p data-start=\"78\" data-end=\"137\"><span style=\"font-family: -apple-system, BlinkMacSystemFont, 'Segoe UI', Roboto, 'Helvetica Neue', Arial, 'Noto Sans', sans-serif, 'Apple Color Emoji', 'Segoe UI Emoji', 'Segoe UI Symbol', 'Noto Color Emoji';\">HYKO - polsk\u00e1 zna\u010dka pro n\u00e1ro\u010dn\u00e9!<\/span><\/p>\n<p>HYKO je polsk\u00e1 zna\u010dka vytvo\u0159en\u00e1 pro ty, kte\u0159\u00ed hledaj\u00ed nejlep\u0161\u00ed \u0159e\u0161en\u00ed za rozumnou cenu. Na\u0161\u00ed prioritou je kombinace kvality a funk\u010dnosti, kter\u00e1 je sp\u00ed\u0161e standardem ne\u017e luxusem.<br \/>\nD\u00edky v\u00edce ne\u017e 25 let\u016fm zku\u0161enost\u00ed v oboru nab\u00edz\u00edme nejmodern\u011bj\u0161\u00ed produkty, kter\u00e9 spl\u0148uj\u00ed o\u010dek\u00e1v\u00e1n\u00ed i t\u011bch nejn\u00e1ro\u010dn\u011bj\u0161\u00edch z\u00e1kazn\u00edk\u016f. Ka\u017ed\u00fd z na\u0161ich v\u00fdrobk\u016f je v\u00fdsledkem pe\u010dliv\u011b vybran\u00fdch komponent a precizn\u00ed kontroly kvality.<br \/>\n\u010c\u00edm se spole\u010dnost HYKO odli\u0161uje?<br \/>\n\u0160pi\u010dkov\u00e1 kvalita: Pe\u010dliv\u011b vybran\u00e9 komponenty od nejlep\u0161\u00edch evropsk\u00fdch, indick\u00fdch a \u010d\u00ednsk\u00fdch dodavatel\u016f.<br \/>\n\u2696\ufe0f F\u00e9rov\u00e1 cena: Plat\u00edte za skute\u010dnou kvalitu, ne za zna\u010dku na \u0161t\u00edtku.<br \/>\n\u2705 Spolehlivost: na\u0161e v\u00fdrobky p\u0159ekra\u010duj\u00ed normy a zaji\u0161\u0165uj\u00ed dlouhodob\u00fd a bezprobl\u00e9mov\u00fd provoz.<br \/>\nPro\u010d si vybrat HYKO?<br \/>\nNejv\u011bt\u0161\u00ed a nejrenomovan\u011bj\u0161\u00ed zna\u010dky ji\u017e l\u00e9ta pou\u017e\u00edvaj\u00ed \u0159e\u0161en\u00ed od \u010d\u00ednsk\u00fdch, indick\u00fdch a evropsk\u00fdch v\u00fdrobc\u016f, kter\u00e1 pou\u017e\u00edv\u00e1me i my. D\u00edky kontrolovan\u00fdm v\u00fdrobn\u00edm proces\u016fm jsou na\u0161e komponenty spolehliv\u00e9 i v t\u011bch nejn\u00e1ro\u010dn\u011bj\u0161\u00edch podm\u00ednk\u00e1ch.<br \/>\nV\u00fdroba komponent\u016f z Indie a \u010c\u00edny - spolehliv\u00e1 kvalita za dobrou cenu - neplat\u00edte za zna\u010dku na \u0161t\u00edtku v\u00fdrobku!<br \/>\nNa\u0161e komponenty odeb\u00edr\u00e1me nejen z Evropy, ale tak\u00e9 od renomovan\u00fdch dodavatel\u016f z Indie a \u010c\u00edny. V\u00fdrobn\u00ed procesy v t\u011bchto zem\u00edch jsou pe\u010dliv\u011b sledov\u00e1ny a kvalita komponent \u010dasto p\u0159ekra\u010duje evropsk\u00e9 standardy. Spolupracujeme pouze se spole\u010dnostmi, kter\u00e9 zaru\u010duj\u00ed nejvy\u0161\u0161\u00ed kvalitu a inovativn\u00ed technologie. To n\u00e1m umo\u017e\u0148uje nab\u00edzet v\u00fdrobky za konkurenceschopn\u00e9 ceny p\u0159i zachov\u00e1n\u00ed nejvy\u0161\u0161\u00edch parametr\u016f spolehlivosti a \u017eivotnosti.<br \/>\nKvalita a funk\u010dnost za rozumn\u00e9 pen\u00edze!<br \/>\nVe spole\u010dnosti HYKO v\u011b\u0159\u00edme, \u017ee je mo\u017en\u00e9 dod\u00e1vat spolehliv\u00e9 v\u00fdrobky bez kompromis\u016f. Na\u0161e \u0159e\u0161en\u00ed jsou investic\u00ed do v\u00fdkonu, spolehlivosti a spokojenosti na dlouh\u00e1 l\u00e9ta.<br \/>\nKontaktujte n\u00e1s je\u0161t\u011b dnes a zjist\u011bte, jak HYKO m\u016f\u017ee zlep\u0161it va\u0161i pr\u00e1ci! \u2728<\/p>","protected":false},"excerpt":{"rendered":"<h2 data-start=\"0\" data-end=\"93\"><strong data-start=\"4\" data-end=\"91\">Hydraulick\u00e1 sada HYKO UltraFORCE - maxim\u00e1ln\u00ed v\u00fdkon a spolehlivost<\/strong><\/h2>\n<p data-start=\"95\" data-end=\"148\"><strong data-start=\"98\" data-end=\"143\">Kompletn\u00ed \u0159e\u0161en\u00ed pro va\u0161e vozidlo<\/strong><\/p>\n<p data-start=\"150\" data-end=\"450\">Hydraulick\u00e9 sady <strong data-start=\"169\" data-end=\"188\">HYKO UltraFORCE<\/strong> jsou pokro\u010dil\u00e9 syst\u00e9my ur\u010den\u00e9 pro <strong data-start=\"227\" data-end=\"278\">maxim\u00e1ln\u00ed \u00fa\u010dinnost a bezprobl\u00e9mov\u00fd provoz<\/strong> v u\u017eitkov\u00fdch vozidlech. Ka\u017ed\u00e1 sada je navr\u017eena tak, aby <strong data-start=\"348\" data-end=\"392\">pln\u00e1 kompatibilita se syst\u00e9mem skl\u00e1p\u011bn\u00ed<\/strong>kter\u00e1 zaru\u010duje <strong data-start=\"408\" data-end=\"447\">snadn\u00e1 instalace a spolehliv\u00fd provoz<\/strong>.<\/p>\n<p data-start=\"462\" data-end=\"785\">","protected":false},"featured_media":1483,"comment_status":"open","ping_status":"closed","template":"","meta":{"_acf_changed":false},"product_brand":[],"product_cat":[25],"product_tag":[],"class_list":{"0":"post-1482","1":"product","2":"type-product","3":"status-publish","4":"has-post-thumbnail","6":"product_cat-zestawy-do-wywrotu-na-ciagnik","8":"first","9":"instock","10":"taxable","11":"shipping-taxable","12":"purchasable","13":"product-type-simple"},"acf":[],"_links":{"self":[{"href":"https:\/\/hyko.pl\/cs\/wp-json\/wp\/v2\/product\/1482","targetHints":{"allow":["GET"]}}],"collection":[{"href":"https:\/\/hyko.pl\/cs\/wp-json\/wp\/v2\/product"}],"about":[{"href":"https:\/\/hyko.pl\/cs\/wp-json\/wp\/v2\/types\/product"}],"replies":[{"embeddable":true,"href":"https:\/\/hyko.pl\/cs\/wp-json\/wp\/v2\/comments?post=1482"}],"wp:featuredmedia":[{"embeddable":true,"href":"https:\/\/hyko.pl\/cs\/wp-json\/wp\/v2\/media\/1483"}],"wp:attachment":[{"href":"https:\/\/hyko.pl\/cs\/wp-json\/wp\/v2\/media?parent=1482"}],"wp:term":[{"taxonomy":"product_brand","embeddable":true,"href":"https:\/\/hyko.pl\/cs\/wp-json\/wp\/v2\/product_brand?post=1482"},{"taxonomy":"product_cat","embeddable":true,"href":"https:\/\/hyko.pl\/cs\/wp-json\/wp\/v2\/product_cat?post=1482"},{"taxonomy":"product_tag","embeddable":true,"href":"https:\/\/hyko.pl\/cs\/wp-json\/wp\/v2\/product_tag?post=1482"}],"curies":[{"name":"wp","href":"https:\/\/api.w.org\/{rel}","templated":true}]}}