{"id":1927,"date":"2026-02-17T13:32:58","date_gmt":"2026-02-17T13:32:58","guid":{"rendered":"https:\/\/hyko.pl\/?post_type=product&#038;p=1927"},"modified":"2026-02-17T13:32:58","modified_gmt":"2026-02-17T13:32:58","slug":"czapka-z-daszkiem-siatka-hyko","status":"publish","type":"product","link":"https:\/\/hyko.pl\/cs\/product-2\/sitovana-baseballova-cepice-hyko\/","title":{"rendered":"S\u00ed\u0165ovan\u00e1 baseballov\u00e1 \u010depice - HYKO"},"content":{"rendered":"<p>Tento v\u00fdrobek je firemn\u00ed pom\u016fcka a nen\u00ed v prodeji. Na dostupnost se zeptejte v\u00fdrobce.<\/p>","protected":false},"excerpt":{"rendered":"<p>Tento v\u00fdrobek je firemn\u00ed pom\u016fcka a nen\u00ed v prodeji. Na dostupnost se zeptejte v\u00fdrobce.<\/p>","protected":false},"featured_media":1915,"comment_status":"open","ping_status":"closed","template":"","meta":{"_acf_changed":false},"product_brand":[],"product_cat":[43],"product_tag":[],"class_list":{"0":"post-1927","1":"product","2":"type-product","3":"status-publish","4":"has-post-thumbnail","6":"product_cat-inne","8":"first","9":"onbackorder","10":"taxable","11":"shipping-taxable","12":"product-type-simple"},"acf":[],"_links":{"self":[{"href":"https:\/\/hyko.pl\/cs\/wp-json\/wp\/v2\/product\/1927","targetHints":{"allow":["GET"]}}],"collection":[{"href":"https:\/\/hyko.pl\/cs\/wp-json\/wp\/v2\/product"}],"about":[{"href":"https:\/\/hyko.pl\/cs\/wp-json\/wp\/v2\/types\/product"}],"replies":[{"embeddable":true,"href":"https:\/\/hyko.pl\/cs\/wp-json\/wp\/v2\/comments?post=1927"}],"wp:featuredmedia":[{"embeddable":true,"href":"https:\/\/hyko.pl\/cs\/wp-json\/wp\/v2\/media\/1915"}],"wp:attachment":[{"href":"https:\/\/hyko.pl\/cs\/wp-json\/wp\/v2\/media?parent=1927"}],"wp:term":[{"taxonomy":"product_brand","embeddable":true,"href":"https:\/\/hyko.pl\/cs\/wp-json\/wp\/v2\/product_brand?post=1927"},{"taxonomy":"product_cat","embeddable":true,"href":"https:\/\/hyko.pl\/cs\/wp-json\/wp\/v2\/product_cat?post=1927"},{"taxonomy":"product_tag","embeddable":true,"href":"https:\/\/hyko.pl\/cs\/wp-json\/wp\/v2\/product_tag?post=1927"}],"curies":[{"name":"wp","href":"https:\/\/api.w.org\/{rel}","templated":true}]}}