{"id":1937,"date":"2026-02-17T15:32:43","date_gmt":"2026-02-17T15:32:43","guid":{"rendered":"https:\/\/hyko.pl\/?post_type=product&#038;p=1937"},"modified":"2026-02-17T15:32:44","modified_gmt":"2026-02-17T15:32:44","slug":"notatnik-hyko","status":"publish","type":"product","link":"https:\/\/hyko.pl\/cs\/product-2\/poznamkovy-blok-hyko\/","title":{"rendered":"Notebook HYKO"},"content":{"rendered":"<p>Tento v\u00fdrobek je firemn\u00ed pom\u016fcka a nen\u00ed v prodeji. Na dostupnost se zeptejte v\u00fdrobce.<\/p>","protected":false},"excerpt":{"rendered":"<p>Tento v\u00fdrobek je firemn\u00ed pom\u016fcka a nen\u00ed v prodeji. Na dostupnost se zeptejte v\u00fdrobce.<\/p>","protected":false},"featured_media":1911,"comment_status":"open","ping_status":"closed","template":"","meta":{"_acf_changed":false},"product_brand":[],"product_cat":[43],"product_tag":[],"class_list":{"0":"post-1937","1":"product","2":"type-product","3":"status-publish","4":"has-post-thumbnail","6":"product_cat-inne","8":"first","9":"onbackorder","10":"taxable","11":"shipping-taxable","12":"product-type-simple"},"acf":[],"_links":{"self":[{"href":"https:\/\/hyko.pl\/cs\/wp-json\/wp\/v2\/product\/1937","targetHints":{"allow":["GET"]}}],"collection":[{"href":"https:\/\/hyko.pl\/cs\/wp-json\/wp\/v2\/product"}],"about":[{"href":"https:\/\/hyko.pl\/cs\/wp-json\/wp\/v2\/types\/product"}],"replies":[{"embeddable":true,"href":"https:\/\/hyko.pl\/cs\/wp-json\/wp\/v2\/comments?post=1937"}],"wp:featuredmedia":[{"embeddable":true,"href":"https:\/\/hyko.pl\/cs\/wp-json\/wp\/v2\/media\/1911"}],"wp:attachment":[{"href":"https:\/\/hyko.pl\/cs\/wp-json\/wp\/v2\/media?parent=1937"}],"wp:term":[{"taxonomy":"product_brand","embeddable":true,"href":"https:\/\/hyko.pl\/cs\/wp-json\/wp\/v2\/product_brand?post=1937"},{"taxonomy":"product_cat","embeddable":true,"href":"https:\/\/hyko.pl\/cs\/wp-json\/wp\/v2\/product_cat?post=1937"},{"taxonomy":"product_tag","embeddable":true,"href":"https:\/\/hyko.pl\/cs\/wp-json\/wp\/v2\/product_tag?post=1937"}],"curies":[{"name":"wp","href":"https:\/\/api.w.org\/{rel}","templated":true}]}}