{"id":1157,"date":"2025-02-22T10:15:58","date_gmt":"2025-02-22T10:15:58","guid":{"rendered":"https:\/\/hyko.pl\/?post_type=product&#038;p=1157"},"modified":"2026-02-17T15:09:23","modified_gmt":"2026-02-17T15:09:23","slug":"silownik-frontowy-do-wywrotu-hyko-hyperlift-ghs-155-x-4-x-5180-h-k343-dolne-mocowanie-z-kielichem","status":"publish","type":"product","link":"https:\/\/hyko.pl\/de\/product-2\/frontkippmotor-hyko-hyperlift-ghs-155-x-4-x-5180-h-k343-tretlager-mit-sockel\/","title":{"rendered":"HYKO Frontkippzylinder - HyperLIFT - GHS 155 x 4 x 5180 H K343 - Bodenbefestigung mit Steckdose"},"content":{"rendered":"<h2>Kippbarer Frontantrieb HYKO HyperLIFT - <strong>\ud83d\udcaa St\u00e4rke in jedem Detail \ud83d\udcaa<br \/>\n<\/strong><\/h2>\n<h4><strong>3 JAHRE GARANTIE!<br \/>\nALLE ZYLINDERSTUFEN VERCHROMT!<br \/>\nPRODUKT MIT 24H-GARANTIEPROGRAMM!<\/strong><\/h4>\n<p>HYKOs HyperLIFT-Generation von Frontantrieben setzt neue Ma\u00dfst\u00e4be in der hydraulischen Bet\u00e4tigungsindustrie. Sie wurden mit Blick auf anspruchsvolle Anwender entwickelt und zeichnen sich durch au\u00dfergew\u00f6hnliche Kraft, Pr\u00e4zision und Zuverl\u00e4ssigkeit aus. Es handelt sich um ein Produkt, das fortschrittliche Technologie mit den hochwertigsten Materialien kombiniert und L\u00f6sungen f\u00fcr die Herausforderungen von heute bietet.<\/p>\n<h2><\/h2>\n<h3><strong>HYKO Kippfrontantrieb - Robustheit und Langlebigkeit\u00a0<\/strong><\/h3>\n<ul>\n<li><strong>\ud83d\udd27 Langlebiges Design<\/strong>: HYKO HyperLIFT Antriebe sind f\u00fcr die anspruchsvollsten Bedingungen gebaut.<\/li>\n<li><strong>\ud83d\udee1\ufe0f Korrosionsbest\u00e4ndigkeit<\/strong>: Die verchromte Stufenoberfl\u00e4che mit einer Dicke von +\/- 50 Mikrometern garantiert eine unvergleichliche Korrosions- und Verschlei\u00dffestigkeit.<\/li>\n<li><strong>\u2699\ufe0f Verl\u00e4sslichkeit<\/strong>Die Materialien und die Form der Dichtungen in Kombination mit der verchromten Oberfl\u00e4che der Antriebsstufen machen die `HYKO HyperLIFT Generation zu einem Produkt, das nicht entt\u00e4uscht!<\/li>\n<\/ul>\n<h3><strong>Kippfrontantrieb HYKO - <\/strong><strong>Un\u00fcbertroffene Funktionalit\u00e4t<\/strong><\/h3>\n<ul>\n<li><strong>\u23f1\ufe0f Schnelles Handeln<\/strong>: Kurze Hebe- und Senkzeiten sorgen f\u00fcr maximale betriebliche Effizienz, Zeit- und Energieeinsparungen.<\/li>\n<li><strong>\ud83d\udd29 Modularer Aufbau<\/strong>: Hergestellt aus den besten Materialien, wie z. B. hochfestem Stahl, f\u00fcr au\u00dfergew\u00f6hnliche Zuverl\u00e4ssigkeit und Haltbarkeit.<\/li>\n<li><strong>\ud83d\udee0\ufe0f Kipper-Stabilisierung<\/strong>Das innovative Design des Aktuators verbessert die Kinematik des Vorgangs und erh\u00f6ht die Pr\u00e4zision und Sicherheit des Vorgangs.<\/li>\n<li>\ud83d\udcaa <strong>Betriebsdruck 250 bar: <\/strong>Der Zylinder ist mit den h\u00f6chsten Betriebsstandards f\u00fcr Kippsysteme auf Lastwagen kompatibel.<\/li>\n<\/ul>\n<h3><strong>Kippfrontantrieb HYKO - <\/strong><strong>Geringes Gewicht und Wartungsfreiheit<\/strong><\/h3>\n<ul>\n<li><strong>\u2696\ufe0f Geringeres Gewicht<\/strong>: HYKO HyperLIFT Antriebe wurden entwickelt, um das Fahrzeuggewicht zu reduzieren, was zu einer erh\u00f6hten Nutzlastkapazit\u00e4t f\u00fchrt.<\/li>\n<li><strong>\ud83d\udd27 Wartungsfreier Charakter<\/strong>Die Wartungsfreiheit macht regelm\u00e4\u00dfige Inspektionen und Wartungen \u00fcberfl\u00fcssig, was die Betriebskosten weiter senkt.<\/li>\n<\/ul>\n<h3><strong>Kippfrontantrieb HYKO - <\/strong><strong>Verl\u00e4sslichkeit in allen Situationen<\/strong><\/h3>\n<ul>\n<li><strong>\ud83d\udd12 H\u00f6chste Dichtheit<\/strong>Die Verwendung von hochwertigen Dichtungen gew\u00e4hrleistet Dichtheit und Zuverl\u00e4ssigkeit auch unter extremsten Betriebsbedingungen.<\/li>\n<li><strong>\ud83c\udf21\ufe0f Resistenz gegen Bedingungen<\/strong>Unabh\u00e4ngig von Temperatur, Belastung oder rauer Umgebung - HYKO HyperLIFT Antriebe arbeiten zuverl\u00e4ssig.<\/li>\n<\/ul>\n<p><strong>Zusammenfassung<\/strong> HYKOs HyperLIFT-Generation von Frontantrieben ist ein Synonym f\u00fcr Spitzenleistungen, auf die Sie in jedem Aspekt Ihres Betriebs z\u00e4hlen k\u00f6nnen. Wenn Sie nach einer L\u00f6sung suchen, die Kraft, Pr\u00e4zision und Langlebigkeit vereint, ist die Entscheidung f\u00fcr HYKO-Antriebe eine Investition, die sich langfristig auszahlt. Kontaktieren Sie uns noch heute und erfahren Sie mehr!<\/p>\n<p><strong>HYKO HyperLIFT Frontantriebe<\/strong><\/p>\n<p>\u2705\u00a0<strong>Verchromung jedes Teils - serienm\u00e4\u00dfig und ohne Aufpreis.<\/strong><br \/>\nVollverchromung jeder Stufe bedeutet\u00a0<strong>deutlich h\u00f6here Korrosionsbest\u00e4ndigkeit<\/strong>sogar\u00a0<strong>4 Mal h\u00e4rtere, kratzfeste Oberfl\u00e4che<\/strong>weniger Verschlei\u00df an Dichtungen und\u00a0<strong>verl\u00e4ngerte Lebensdauer des Antriebs<\/strong>. Die geringe Rauhigkeit der verchromten Oberfl\u00e4che gew\u00e4hrleistet\u00a0<strong>reibungsloser Betrieb und geringe Reibung zwischen den Stufen<\/strong>.<\/p>\n<p>\u2705\u00a0<strong>Modularer Aufbau mit vergr\u00f6\u00dfertem Arbeitsbereich zwischen den Stufen.<\/strong><br \/>\nDies bedeutet, dass\u00a0<strong>h\u00f6here Steifigkeit, bessere Handhabung und hohe Stabilit\u00e4t unter Last<\/strong>auch unter h\u00e4rtesten Einsatzbedingungen. Verst\u00e4rkte Zylinderkonstruktion.<br \/>\n\u2705\u00a0<strong>Geschmiedete Komponenten - Auge und unterer Ring mit Stiften.<\/strong><br \/>\nDie Schmiedest\u00fccke haben\u00a0<strong>viel st\u00e4rkere Materialstruktur als Gussteile<\/strong>die Folgendes vorsieht\u00a0<strong>h\u00f6here Widerstandsf\u00e4higkeit gegen \u00dcberlastung, Bruch und anhaltende Belastung<\/strong>.<\/p>\n<p>\u2705\u00a0<strong>Stifte oberfl\u00e4cheninduktiv geh\u00e4rtet.<\/strong><br \/>\nEine geh\u00e4rtete Au\u00dfenschicht in Kombination mit einem flexiblen Kern bedeutet\u00a0<strong>um ein Vielfaches haltbarer<\/strong>kein Abwischen der Oberfl\u00e4che und\u00a0<strong>kein Spiel im Betrieb<\/strong>.<\/p>\n<p>\u2705\u00a0<strong>Durchmesser der Basis 175 mm.<\/strong><br \/>\nDer gr\u00f6\u00dfere Durchmesser ist\u00a0<strong>steifere und stabilere Konstruktion<\/strong>\u00a0und\u00a0<strong>h\u00f6here Hubkapazit\u00e4t<\/strong>mit einem relativ geringen Anstieg des Antriebsgewichts.<\/p>\n<p>\u2705\u00a0<strong>HD-Dichtungen mit Spannelement.<\/strong><br \/>\nDas Paket mit doppelter Versiegelung bewahrt\u00a0<strong>fester Druck auf einen Chromspiegel<\/strong>und garantiert\u00a0<strong>maximale Dichtheit, weniger Reibung, geringerer Verschlei\u00df<\/strong>\u00a0und\u00a0<strong>volle Widerstandsf\u00e4higkeit gegen Schmutz und hohe Dr\u00fccke<\/strong>.<\/p>\n<p>\u2705\u00a0<strong>Betriebsdruck 250 bar + optimiertes Konstruktionsgewicht.<\/strong><br \/>\n<strong>Mehr Leistung, mehr Nutzlast, weniger Pannen.<\/strong><\/p>\n<p>\u2705\u00a0<strong>Wartungsfreiheit der Arbeiten.<\/strong><br \/>\n<strong>Minimaler Service - maximale Leistung.<\/strong><\/p>\n<p>\u2705\u00a0<strong>3 Jahre Garantie f\u00fcr Systeme mit \u00d6lfilterung.<\/strong><br \/>\nBei ordnungsgem\u00e4\u00dfer Filterung ist das gesamte HYKO-System durch\u00a0<strong>volle 3-Jahres-Garantie<\/strong>.<\/p>\n<h3>HYKO - Die polnische Marke f\u00fcr Anspruchsvolle!<\/h3>\n<p>HYKO ist eine polnische Marke, die f\u00fcr diejenigen geschaffen wurde, die nach den besten L\u00f6sungen zu einem vern\u00fcnftigen Preis suchen. Unsere Priorit\u00e4t ist es, Qualit\u00e4t und Funktionalit\u00e4t zu kombinieren, die ein Standard ist, kein Luxus. \ud83d\udca1<br \/>\nMit \u00fcber 25 Jahren Erfahrung in der Branche bieten wir hochmoderne Produkte an, die auch die Erwartungen der anspruchsvollsten Kunden erf\u00fcllen. Jedes unserer Produkte ist das Ergebnis sorgf\u00e4ltig ausgew\u00e4hlter Komponenten und pr\u00e4ziser Qualit\u00e4tskontrollen.<br \/>\nWas zeichnet HYKO aus?<br \/>\n\ud83c\udf1f Spitzenqualit\u00e4t: Sorgf\u00e4ltig ausgew\u00e4hlte Komponenten von den besten europ\u00e4ischen, indischen und chinesischen Lieferanten.<br \/>\n\u2696\ufe0f Fairer Preis: Sie zahlen f\u00fcr echte Qualit\u00e4t, nicht f\u00fcr die Marke auf dem Typenschild.<br \/>\n\u2705 Zuverl\u00e4ssigkeit: Unsere Produkte \u00fcbertreffen die Normen und gew\u00e4hrleisten einen lang anhaltenden und st\u00f6rungsfreien Betrieb.<br \/>\nWarum HYKO w\u00e4hlen?<br \/>\nDie gr\u00f6\u00dften und renommiertesten Marken verwenden seit Jahren L\u00f6sungen chinesischer, indischer und europ\u00e4ischer Hersteller, die auch wir einsetzen. Kontrollierte Produktionsprozesse machen unsere Komponenten auch unter schwierigsten Bedingungen zuverl\u00e4ssig.<br \/>\nKomponentenherstellung aus Indien und China - zuverl\u00e4ssige Qualit\u00e4t zu einem guten Preis - zahlen Sie nicht f\u00fcr den Markennamen auf dem Produktschild!<br \/>\nWir beziehen unsere Komponenten nicht nur aus Europa, sondern auch von renommierten Lieferanten in Indien und China. Die Produktionsprozesse in diesen L\u00e4ndern werden sorgf\u00e4ltig \u00fcberwacht, und die Qualit\u00e4t der Bauteile \u00fcbertrifft h\u00e4ufig die europ\u00e4ischen Standards. Wir arbeiten nur mit Unternehmen zusammen, die h\u00f6chste Qualit\u00e4t und innovative Technologie garantieren. Dies erm\u00f6glicht es uns, Produkte zu wettbewerbsf\u00e4higen Preisen anzubieten und gleichzeitig die h\u00f6chsten Parameter f\u00fcr Zuverl\u00e4ssigkeit und Langlebigkeit einzuhalten.<br \/>\n\ud83d\udcaa Qualit\u00e4t und Funktionalit\u00e4t f\u00fcr faires Geld!<br \/>\nWir bei HYKO glauben, dass es m\u00f6glich ist, zuverl\u00e4ssige Produkte ohne Kompromisse zu liefern. Unsere L\u00f6sungen sind eine Investition in Leistung, Zuverl\u00e4ssigkeit und Zufriedenheit f\u00fcr die kommenden Jahre.<br \/>\nKontaktieren Sie uns noch heute und sehen Sie, wie HYKO Ihre Arbeit verbessern kann! \u2728<\/p>","protected":false},"excerpt":{"rendered":"<p><strong>HYKO HyperLift Frontantriebe<\/strong> ist eine Garantie f\u00fcr Zuverl\u00e4ssigkeit und Leistung unter allen Bedingungen. Dank <strong>alle Chromstufen<\/strong> und Betriebsdruck <strong>250 bar<\/strong> bieten eine au\u00dfergew\u00f6hnliche Langlebigkeit und Widerstandsf\u00e4higkeit gegen Verschlei\u00df. Das modulare Design und das Kippstabilisierungssystem sorgen f\u00fcr einen schnellen, reibungslosen und sicheren Entladevorgang. Bei HyperLift geht es auch um Benutzerkomfort - die Zylinder sind <strong>wartungsfrei<\/strong>und ihre Lebensdauer \u00fcbertrifft die von Standardl\u00f6sungen bei weitem. Dar\u00fcber hinaus bietet die HyperLift-Linie <strong>24-Stunden-Garantieprogramm<\/strong>die eine schnelle Serviceunterst\u00fctzung bietet. Das ist Technologie, auf die Sie sich verlassen k\u00f6nnen.<\/p>","protected":false},"featured_media":1030,"comment_status":"open","ping_status":"closed","template":"","meta":{"_acf_changed":false},"product_brand":[],"product_cat":[22],"product_tag":[],"class_list":{"0":"post-1157","1":"product","2":"type-product","3":"status-publish","4":"has-post-thumbnail","6":"product_cat-silowniki-frontowe-czolowe-z-dolnym-mocowaniem-pokrywa","8":"first","9":"instock","10":"taxable","11":"shipping-taxable","12":"purchasable","13":"product-type-simple"},"acf":[],"_links":{"self":[{"href":"https:\/\/hyko.pl\/de\/wp-json\/wp\/v2\/product\/1157","targetHints":{"allow":["GET"]}}],"collection":[{"href":"https:\/\/hyko.pl\/de\/wp-json\/wp\/v2\/product"}],"about":[{"href":"https:\/\/hyko.pl\/de\/wp-json\/wp\/v2\/types\/product"}],"replies":[{"embeddable":true,"href":"https:\/\/hyko.pl\/de\/wp-json\/wp\/v2\/comments?post=1157"}],"wp:featuredmedia":[{"embeddable":true,"href":"https:\/\/hyko.pl\/de\/wp-json\/wp\/v2\/media\/1030"}],"wp:attachment":[{"href":"https:\/\/hyko.pl\/de\/wp-json\/wp\/v2\/media?parent=1157"}],"wp:term":[{"taxonomy":"product_brand","embeddable":true,"href":"https:\/\/hyko.pl\/de\/wp-json\/wp\/v2\/product_brand?post=1157"},{"taxonomy":"product_cat","embeddable":true,"href":"https:\/\/hyko.pl\/de\/wp-json\/wp\/v2\/product_cat?post=1157"},{"taxonomy":"product_tag","embeddable":true,"href":"https:\/\/hyko.pl\/de\/wp-json\/wp\/v2\/product_tag?post=1157"}],"curies":[{"name":"wp","href":"https:\/\/api.w.org\/{rel}","templated":true}]}}