{"id":1174,"date":"2025-02-22T12:05:53","date_gmt":"2025-02-22T12:05:53","guid":{"rendered":"https:\/\/hyko.pl\/?post_type=product&#038;p=1174"},"modified":"2025-03-01T07:32:59","modified_gmt":"2025-03-01T07:32:59","slug":"pompa-zebata-hyko-supreme","status":"publish","type":"product","link":"https:\/\/hyko.pl\/de\/product-2\/zebra-pumpe-hyko-supreme\/","title":{"rendered":"HYKO Supreme 65 l\/min bidirektionale Zahnradpumpe (hintere Anschlussstutzen)"},"content":{"rendered":"<h2 data-start=\"0\" data-end=\"52\">HYKO Supreme 65 l\/min bidirektionale Zahnradpumpe (hintere Anschlussstutzen). Die \u00c4nderung der Pumpendrehzahl erfordert keinen mechanischen Eingriff. Tauschen Sie einfach die Anschlussstutzen.<\/h2>\n<p data-start=\"0\" data-end=\"52\"><strong data-start=\"0\" data-end=\"50\">HYKO Supreme - Zahnradpumpen der Spitzenklasse<\/strong><\/p>\n<p data-start=\"54\" data-end=\"110\">\ud83d\udd27 <strong data-start=\"57\" data-end=\"105\">Verl\u00e4sslichkeit und Effizienz unter allen Bedingungen<\/strong> \ud83d\udd27<\/p>\n<p data-start=\"112\" data-end=\"475\">HYKO Supreme Zahnradpumpen sind ein Synonym f\u00fcr Langlebigkeit, Pr\u00e4zision und hervorragende Verarbeitungsqualit\u00e4t. Konzipiert f\u00fcr den intensiven Einsatz, gew\u00e4hrleisten sie Zuverl\u00e4ssigkeit unter h\u00e4rtesten Betriebsbedingungen. Dank der Verwendung von hochwertigen Materialien und modernen Fertigungstechnologien sind unsere Pumpen die ideale L\u00f6sung f\u00fcr jedes Hydrauliksystem.<\/p>\n<p data-start=\"477\" data-end=\"682\">\ud83d\udcaa <strong data-start=\"480\" data-end=\"516\">Kompatibilit\u00e4t und Vielseitigkeit<\/strong><br data-start=\"516\" data-end=\"519\" \/>HYKO Supreme-Pumpen werden f\u00fcr den Einsatz mit allen Arten von PTOs (Nebenantrieben) empfohlen, was eine breite Palette von Anwendungen und volle Kompatibilit\u00e4t gew\u00e4hrleistet.<\/p>\n<p data-start=\"684\" data-end=\"949\">\ud83d\udd25 <strong data-start=\"687\" data-end=\"727\">Widerstandsf\u00e4higkeit gegen extreme Temperaturen<\/strong><br data-start=\"727\" data-end=\"730\" \/>HYKO Supreme Standardpumpen sind ausgestattet mit <strong data-start=\"777\" data-end=\"804\">zwei Arten von Dichtungen<\/strong>an die unterschiedlichen Arbeitsbedingungen angepasst:<br data-start=\"844\" data-end=\"847\" \/>\u2714 <strong data-start=\"849\" data-end=\"870\">NBR-Dichtung<\/strong> - Widerstand gegen <strong data-start=\"886\" data-end=\"894\">80\u00b0C<\/strong><br data-start=\"894\" data-end=\"897\" \/>\u2714 <strong data-start=\"899\" data-end=\"922\">VITON-Dichtung<\/strong> - Widerstand gegen <strong data-start=\"938\" data-end=\"947\" data-is-only-node=\"\">220\u00b0C<\/strong><\/p>\n<p data-start=\"951\" data-end=\"1208\">Dadurch eignen sich HYKO Supreme-Pumpen f\u00fcr eine Vielzahl von Anwendungen und anspruchsvollen Betriebsumgebungen. Wenn Sie eine Pumpe f\u00fcr spezielle Bedingungen ben\u00f6tigen, wenden Sie sich bitte an unsere technische Abteilung - wir werden die ideale L\u00f6sung f\u00fcr Ihre Bed\u00fcrfnisse ausw\u00e4hlen!<\/p>\n<p data-start=\"1210\" data-end=\"1567\">\ud83d\udee0 <strong data-start=\"1213\" data-end=\"1251\">L\u00e4ngere Lebensdauer und besserer Schutz<\/strong><br data-start=\"1251\" data-end=\"1254\" \/>Um eine maximale Lebensdauer und Leistung der HYKO Supreme Pumpen zu gew\u00e4hrleisten, empfehlen wir die Verwendung von <strong data-start=\"1337\" data-end=\"1364\">25\u03bcm R\u00fccklauffiltration<\/strong>was die Lebensdauer des Ger\u00e4ts erheblich verl\u00e4ngert und seine Leistung verbessert. Die Aufrechterhaltung der \u00d6lreinheit bei <strong data-start=\"1476\" data-end=\"1500\">ISO 4406 Klasse 19\/16<\/strong> minimiert das Ausfallrisiko und verl\u00e4ngert die Lebensdauer der Pumpe.<\/p>\n<p data-start=\"1569\" data-end=\"1838\">\ud83c\udf0a <strong data-start=\"1572\" data-end=\"1629\">Korrosionsbest\u00e4ndigkeitstests - eine Garantie f\u00fcr Langlebigkeit<\/strong><br data-start=\"1629\" data-end=\"1632\" \/>HYKO Supreme-Pumpen werden strengen Korrosionsbest\u00e4ndigkeitstests unterzogen. <strong data-start=\"1705\" data-end=\"1762\">ASTM B117 Salzspr\u00fchnebeltest \u00fcber einen Zeitraum von mindestens 300 Stunden<\/strong> garantiert ihre Langlebigkeit auch unter schwierigen Wetterbedingungen.<\/p>\n<p data-start=\"1840\" data-end=\"2096\">\u2699 <strong data-start=\"1842\" data-end=\"1897\">HYKO Supreme - Technologie, auf die Sie sich verlassen k\u00f6nnen!<\/strong><br data-start=\"1897\" data-end=\"1900\" \/>Wenn Sie sich f\u00fcr HYKO Supreme Zahnradpumpen entscheiden, investieren Sie in bew\u00e4hrte, langlebige und effiziente L\u00f6sungen. Unsere Produkte sind f\u00fcr Anwender entwickelt worden, die h\u00f6chste Qualit\u00e4t und Zuverl\u00e4ssigkeit erwarten.<\/p>\n<p data-start=\"2098\" data-end=\"2222\" data-is-last-node=\"\" data-is-only-node=\"\">\ud83d\udc49 <strong data-start=\"2101\" data-end=\"2219\">Sehen Sie sich unser Sortiment an und erfahren Sie, warum HYKO Supreme die beste Wahl f\u00fcr Ihr Hydrauliksystem ist!<\/strong> \ud83d\udcaf<\/p>\n<h3>HYKO - Die polnische Marke f\u00fcr Anspruchsvolle!<\/h3>\n<p>HYKO ist eine polnische Marke, die f\u00fcr diejenigen geschaffen wurde, die nach den besten L\u00f6sungen zu einem vern\u00fcnftigen Preis suchen. Unsere Priorit\u00e4t ist es, Qualit\u00e4t und Funktionalit\u00e4t zu kombinieren, die ein Standard ist, kein Luxus. \ud83d\udca1<br \/>\nMit \u00fcber 25 Jahren Erfahrung in der Branche bieten wir hochmoderne Produkte an, die auch die Erwartungen der anspruchsvollsten Kunden erf\u00fcllen. Jedes unserer Produkte ist das Ergebnis sorgf\u00e4ltig ausgew\u00e4hlter Komponenten und pr\u00e4ziser Qualit\u00e4tskontrollen.<br \/>\nWas zeichnet HYKO aus?<br \/>\n\ud83c\udf1f Spitzenqualit\u00e4t: Sorgf\u00e4ltig ausgew\u00e4hlte Komponenten von den besten europ\u00e4ischen, indischen und chinesischen Lieferanten.<br \/>\n\u2696\ufe0f Fairer Preis: Sie zahlen f\u00fcr echte Qualit\u00e4t, nicht f\u00fcr die Marke auf dem Typenschild.<br \/>\n\u2705 Zuverl\u00e4ssigkeit: Unsere Produkte \u00fcbertreffen die Normen und gew\u00e4hrleisten einen lang anhaltenden und st\u00f6rungsfreien Betrieb.<br \/>\nWarum HYKO w\u00e4hlen?<br \/>\nDie gr\u00f6\u00dften und renommiertesten Marken verwenden seit Jahren L\u00f6sungen chinesischer, indischer und europ\u00e4ischer Hersteller, die auch wir einsetzen. Kontrollierte Produktionsprozesse machen unsere Komponenten auch unter schwierigsten Bedingungen zuverl\u00e4ssig.<br \/>\nKomponentenherstellung aus Indien und China - zuverl\u00e4ssige Qualit\u00e4t zu einem guten Preis - zahlen Sie nicht f\u00fcr den Markennamen auf dem Produktschild!<br \/>\nWir beziehen unsere Komponenten nicht nur aus Europa, sondern auch von renommierten Lieferanten in Indien und China. Die Produktionsprozesse in diesen L\u00e4ndern werden sorgf\u00e4ltig \u00fcberwacht, und die Qualit\u00e4t der Bauteile \u00fcbertrifft h\u00e4ufig die europ\u00e4ischen Standards. Wir arbeiten nur mit Unternehmen zusammen, die h\u00f6chste Qualit\u00e4t und innovative Technologie garantieren. Dies erm\u00f6glicht es uns, Produkte zu wettbewerbsf\u00e4higen Preisen anzubieten und gleichzeitig die h\u00f6chsten Parameter f\u00fcr Zuverl\u00e4ssigkeit und Langlebigkeit einzuhalten.<br \/>\n\ud83d\udcaa Qualit\u00e4t und Funktionalit\u00e4t f\u00fcr faires Geld!<br \/>\nWir bei HYKO glauben, dass es m\u00f6glich ist, zuverl\u00e4ssige Produkte ohne Kompromisse zu liefern. Unsere L\u00f6sungen sind eine Investition in Leistung, Zuverl\u00e4ssigkeit und Zufriedenheit f\u00fcr die kommenden Jahre.<br \/>\nKontaktieren Sie uns noch heute und sehen Sie, wie HYKO Ihre Arbeit verbessern kann! \u2728<\/p>","protected":false},"excerpt":{"rendered":"<p data-start=\"0\" data-end=\"52\"><strong data-start=\"0\" data-end=\"50\">HYKO Supreme - Zahnradpumpen der Spitzenklasse<\/strong>\ud83d\udd27 <strong data-start=\"57\" data-end=\"105\">Verl\u00e4sslichkeit und Effizienz unter allen Bedingungen<\/strong> HYKO Supreme Zahnradpumpen sind ein Synonym f\u00fcr Langlebigkeit, Pr\u00e4zision und hervorragende Verarbeitungsqualit\u00e4t. Konzipiert f\u00fcr den intensiven Betrieb, gew\u00e4hrleisten sie Zuverl\u00e4ssigkeit unter h\u00e4rtesten Einsatzbedingungen. Dank der Verwendung von hochwertigen Materialien und modernen Fertigungstechnologien sind unsere Pumpen die ideale L\u00f6sung f\u00fcr jedes Hydrauliksystem.<\/p>","protected":false},"featured_media":1175,"comment_status":"open","ping_status":"closed","template":"","meta":{"_acf_changed":false},"product_brand":[],"product_cat":[32],"product_tag":[],"class_list":{"0":"post-1174","1":"product","2":"type-product","3":"status-publish","4":"has-post-thumbnail","6":"product_cat-pompy-zebate","8":"first","9":"instock","10":"taxable","11":"shipping-taxable","12":"purchasable","13":"product-type-simple"},"acf":[],"_links":{"self":[{"href":"https:\/\/hyko.pl\/de\/wp-json\/wp\/v2\/product\/1174","targetHints":{"allow":["GET"]}}],"collection":[{"href":"https:\/\/hyko.pl\/de\/wp-json\/wp\/v2\/product"}],"about":[{"href":"https:\/\/hyko.pl\/de\/wp-json\/wp\/v2\/types\/product"}],"replies":[{"embeddable":true,"href":"https:\/\/hyko.pl\/de\/wp-json\/wp\/v2\/comments?post=1174"}],"wp:featuredmedia":[{"embeddable":true,"href":"https:\/\/hyko.pl\/de\/wp-json\/wp\/v2\/media\/1175"}],"wp:attachment":[{"href":"https:\/\/hyko.pl\/de\/wp-json\/wp\/v2\/media?parent=1174"}],"wp:term":[{"taxonomy":"product_brand","embeddable":true,"href":"https:\/\/hyko.pl\/de\/wp-json\/wp\/v2\/product_brand?post=1174"},{"taxonomy":"product_cat","embeddable":true,"href":"https:\/\/hyko.pl\/de\/wp-json\/wp\/v2\/product_cat?post=1174"},{"taxonomy":"product_tag","embeddable":true,"href":"https:\/\/hyko.pl\/de\/wp-json\/wp\/v2\/product_tag?post=1174"}],"curies":[{"name":"wp","href":"https:\/\/api.w.org\/{rel}","templated":true}]}}