{"id":1440,"date":"2025-03-02T09:21:47","date_gmt":"2025-03-02T09:21:47","guid":{"rendered":"https:\/\/hyko.pl\/?post_type=product&#038;p=1440"},"modified":"2025-07-07T05:48:09","modified_gmt":"2025-07-07T05:48:09","slug":"zbiornik-oleju-hydraulicznego-184-litrow-aluminiowy-do-montazu-za-kabina","status":"publish","type":"product","link":"https:\/\/hyko.pl\/de\/product-2\/184-liter-aluminium-hydraulikoltank-fur-die-montage-hinter-der-kabine\/","title":{"rendered":"Hydraulik\u00f6ltank 190 Liter, Aluminium zum Einbau hinter der Kabine"},"content":{"rendered":"<h2 data-start=\"0\" data-end=\"70\">Hydraulik\u00f6ltank 190 Liter, Aluminium zum Einbau hinter der Kabine<\/h2>\n<h3 data-start=\"0\" data-end=\"70\"><strong data-start=\"4\" data-end=\"68\">HYKO Supreme - Hydraulik\u00f6ltanks f\u00fcr Lastkraftwagen<\/strong><\/h3>\n<p data-start=\"72\" data-end=\"153\"><strong data-start=\"75\" data-end=\"148\">Langlebigkeit und Zuverl\u00e4ssigkeit - HYKO Supreme Hydraulik\u00f6ltanks<\/strong><\/p>\n<p data-start=\"155\" data-end=\"545\">Hydraulische \u00d6ltanks <strong data-start=\"186\" data-end=\"202\">HYKO Supreme<\/strong> sind eine robuste und langlebige L\u00f6sung f\u00fcr Schwerlastfahrzeuge, die zuverl\u00e4ssige Hydraulikkomponenten ben\u00f6tigen. Sie werden aus Aluminium oder Stahl hergestellt und bieten eine lange Lebensdauer und Widerstandsf\u00e4higkeit gegen raue Betriebsbedingungen. Mit einer breiten Palette von Kapazit\u00e4ten und Abmessungen k\u00f6nnen sie an die individuellen Bed\u00fcrfnisse der Nutzer angepasst werden.<\/p>\n<p data-start=\"547\" data-end=\"848\"><strong data-start=\"550\" data-end=\"587\">Angepasst an verschiedene Anwendungen<\/strong><br data-start=\"587\" data-end=\"590\" \/>\u2714 F\u00e4higkeit zur Herstellung von Tanks mit <strong data-start=\"625\" data-end=\"660\">beliebige Kapazit\u00e4t und Abmessungen<\/strong><br data-start=\"660\" data-end=\"663\" \/>\u2714 <strong data-start=\"665\" data-end=\"696\">Hohe Produktionskapazit\u00e4t<\/strong>Erm\u00f6glichung der Bearbeitung gro\u00dfer Mengen von Auftr\u00e4gen<br data-start=\"750\" data-end=\"753\" \/>\u2714 Jeder Tank wird geliefert mit <strong data-start=\"789\" data-end=\"846\">Kompletter Montagesatz und Ersatzteile<\/strong><\/p>\n<h3 data-start=\"850\" data-end=\"926\"><strong data-start=\"854\" data-end=\"924\">Warum HYKO Supreme Hydraulik\u00f6ltanks w\u00e4hlen?<\/strong><\/h3>\n<p data-start=\"928\" data-end=\"1219\">\u2699 <strong data-start=\"930\" data-end=\"987\">Leicht und korrosionsbest\u00e4ndig - Aluminiumtanks<\/strong><br data-start=\"987\" data-end=\"990\" \/>\u2714 <strong data-start=\"992\" data-end=\"1070\">Empfohlen f\u00fcr Fahrzeuge, die unter schwierigen Witterungsbedingungen eingesetzt werden<\/strong>wo Korrosionsbest\u00e4ndigkeit entscheidend ist<br data-start=\"1120\" data-end=\"1123\" \/>\u2714 <strong data-start=\"1125\" data-end=\"1148\">Leichteres Design<\/strong>wodurch das Gewicht des Fahrzeugs verringert und die Kraftstoffeffizienz verbessert wird<\/p>\n<p data-start=\"1221\" data-end=\"1470\"><strong data-start=\"1224\" data-end=\"1272\">Langlebigkeit und Robustheit - Stahltanks<\/strong><br data-start=\"1272\" data-end=\"1275\" \/>\u2714 <strong data-start=\"1277\" data-end=\"1358\">Ideal f\u00fcr Fahrzeuge, die auf Schotterstra\u00dfen und in bergigem Gel\u00e4nde eingesetzt werden<\/strong><br data-start=\"1358\" data-end=\"1361\" \/>\u2714 Hergestellt aus <strong data-start=\"1374\" data-end=\"1406\">Hochwertiger Stahl ST-37<\/strong>das die Widerstandsf\u00e4higkeit gegen St\u00f6\u00dfe und intensive Nutzung erh\u00f6ht<\/p>\n<p data-start=\"1472\" data-end=\"1757\"><strong data-start=\"1475\" data-end=\"1510\">Maximale Lebensdauer der Komponenten<\/strong><br data-start=\"1510\" data-end=\"1513\" \/>\u2714 <strong data-start=\"1515\" data-end=\"1562\">Befestigungsb\u00e4nder aus rostfreiem Stahl oder phosphatiertem Stahl und lackiert<\/strong>was ihre Langlebigkeit und Widerstandsf\u00e4higkeit gegen \u00e4u\u00dfere Einfl\u00fcsse gew\u00e4hrleistet<br data-start=\"1629\" data-end=\"1632\" \/>\u2714 <strong data-start=\"1634\" data-end=\"1666\">Verst\u00e4rkte Montageb\u00fcgel<\/strong> aus ST-37-Stahl, der die Stabilit\u00e4t des Tanks und seine sichere Verwendung garantiert<\/p>\n<p data-start=\"2057\" data-end=\"2383\" data-is-last-node=\"\" data-is-only-node=\"\"><strong data-start=\"2060\" data-end=\"2116\">HYKO Supreme - Langlebigkeit und Qualit\u00e4t, die sich auszahlt<\/strong><br data-start=\"2116\" data-end=\"2119\" \/>HYKO Supreme Hydraulik\u00f6ltanks sind ein Synonym f\u00fcr <strong data-start=\"2174\" data-end=\"2219\">Robustheit, St\u00e4rke und Zuverl\u00e4ssigkeit<\/strong>. Dank der sorgf\u00e4ltig ausgew\u00e4hlten Materialien und der pr\u00e4zisen Verarbeitung sind sie die ideale L\u00f6sung f\u00fcr professionelle Lkw-Hydrauliksysteme.<\/p>\n<h3>HYKO - Die polnische Marke f\u00fcr Anspruchsvolle!<\/h3>\n<p>HYKO ist eine polnische Marke, die f\u00fcr diejenigen geschaffen wurde, die nach den besten L\u00f6sungen zu einem vern\u00fcnftigen Preis suchen. Unsere Priorit\u00e4t ist es, Qualit\u00e4t und Funktionalit\u00e4t zu kombinieren, die eher Standard als Luxus ist.<br \/>\nMit \u00fcber 25 Jahren Erfahrung in der Branche bieten wir hochmoderne Produkte an, die auch die Erwartungen der anspruchsvollsten Kunden erf\u00fcllen. Jedes unserer Produkte ist das Ergebnis sorgf\u00e4ltig ausgew\u00e4hlter Komponenten und pr\u00e4ziser Qualit\u00e4tskontrollen.<br \/>\nWas zeichnet HYKO aus?<br \/>\nSpitzenqualit\u00e4t: Sorgf\u00e4ltig ausgew\u00e4hlte Komponenten von den besten europ\u00e4ischen, indischen und chinesischen Lieferanten.<br \/>\n\u2696\ufe0f Fairer Preis: Sie zahlen f\u00fcr echte Qualit\u00e4t, nicht f\u00fcr die Marke auf dem Typenschild.<br \/>\n\u2705 Zuverl\u00e4ssigkeit: Unsere Produkte \u00fcbertreffen die Normen und gew\u00e4hrleisten einen lang anhaltenden und st\u00f6rungsfreien Betrieb.<br \/>\nWarum HYKO w\u00e4hlen?<br \/>\nDie gr\u00f6\u00dften und renommiertesten Marken verwenden seit Jahren L\u00f6sungen chinesischer, indischer und europ\u00e4ischer Hersteller, die auch wir einsetzen. Kontrollierte Produktionsprozesse machen unsere Komponenten auch unter schwierigsten Bedingungen zuverl\u00e4ssig.<br \/>\nKomponentenherstellung aus Indien und China - zuverl\u00e4ssige Qualit\u00e4t zu einem guten Preis - zahlen Sie nicht f\u00fcr den Markennamen auf dem Produktschild!<br \/>\nWir beziehen unsere Komponenten nicht nur aus Europa, sondern auch von renommierten Lieferanten in Indien und China. Die Produktionsprozesse in diesen L\u00e4ndern werden sorgf\u00e4ltig \u00fcberwacht, und die Qualit\u00e4t der Bauteile \u00fcbertrifft h\u00e4ufig die europ\u00e4ischen Standards. Wir arbeiten nur mit Unternehmen zusammen, die h\u00f6chste Qualit\u00e4t und innovative Technologie garantieren. Dies erm\u00f6glicht es uns, Produkte zu wettbewerbsf\u00e4higen Preisen anzubieten und gleichzeitig die h\u00f6chsten Parameter f\u00fcr Zuverl\u00e4ssigkeit und Langlebigkeit einzuhalten.<br \/>\nQualit\u00e4t und Funktionalit\u00e4t f\u00fcr faires Geld!<br \/>\nWir bei HYKO glauben, dass es m\u00f6glich ist, zuverl\u00e4ssige Produkte ohne Kompromisse zu liefern. Unsere L\u00f6sungen sind eine Investition in Leistung, Zuverl\u00e4ssigkeit und Zufriedenheit f\u00fcr die kommenden Jahre.<br \/>\nKontaktieren Sie uns noch heute und sehen Sie, wie HYKO Ihre Arbeit verbessern kann! \u2728<\/p>","protected":false},"excerpt":{"rendered":"<h2 data-start=\"0\" data-end=\"70\"><strong data-start=\"4\" data-end=\"68\">HYKO Supreme - Hydraulik\u00f6ltanks f\u00fcr Lastkraftwagen<\/strong> <strong data-start=\"75\" data-end=\"148\">Langlebigkeit und Zuverl\u00e4ssigkeit - HYKO Supreme Hydraulik\u00f6ltanks<\/strong><\/h2>\n<p data-start=\"0\" data-end=\"70\">Hydraulische \u00d6ltanks <strong data-start=\"186\" data-end=\"202\">HYKO Supreme<\/strong> sind eine robuste und langlebige L\u00f6sung f\u00fcr Schwerlastfahrzeuge, die zuverl\u00e4ssige Hydraulikkomponenten ben\u00f6tigen. Sie werden aus Aluminium oder Stahl hergestellt und bieten eine lange Lebensdauer und Widerstandsf\u00e4higkeit gegen raue Betriebsbedingungen. Mit einer breiten Palette von Kapazit\u00e4ten und Abmessungen k\u00f6nnen sie an die individuellen Bed\u00fcrfnisse der Nutzer angepasst werden.<\/p>","protected":false},"featured_media":1441,"comment_status":"open","ping_status":"closed","template":"","meta":{"_acf_changed":false},"product_brand":[],"product_cat":[27],"product_tag":[],"class_list":{"0":"post-1440","1":"product","2":"type-product","3":"status-publish","4":"has-post-thumbnail","6":"product_cat-zbiorniki-oleju-hydraulicznego","8":"first","9":"instock","10":"taxable","11":"shipping-taxable","12":"purchasable","13":"product-type-simple"},"acf":[],"_links":{"self":[{"href":"https:\/\/hyko.pl\/de\/wp-json\/wp\/v2\/product\/1440","targetHints":{"allow":["GET"]}}],"collection":[{"href":"https:\/\/hyko.pl\/de\/wp-json\/wp\/v2\/product"}],"about":[{"href":"https:\/\/hyko.pl\/de\/wp-json\/wp\/v2\/types\/product"}],"replies":[{"embeddable":true,"href":"https:\/\/hyko.pl\/de\/wp-json\/wp\/v2\/comments?post=1440"}],"wp:featuredmedia":[{"embeddable":true,"href":"https:\/\/hyko.pl\/de\/wp-json\/wp\/v2\/media\/1441"}],"wp:attachment":[{"href":"https:\/\/hyko.pl\/de\/wp-json\/wp\/v2\/media?parent=1440"}],"wp:term":[{"taxonomy":"product_brand","embeddable":true,"href":"https:\/\/hyko.pl\/de\/wp-json\/wp\/v2\/product_brand?post=1440"},{"taxonomy":"product_cat","embeddable":true,"href":"https:\/\/hyko.pl\/de\/wp-json\/wp\/v2\/product_cat?post=1440"},{"taxonomy":"product_tag","embeddable":true,"href":"https:\/\/hyko.pl\/de\/wp-json\/wp\/v2\/product_tag?post=1440"}],"curies":[{"name":"wp","href":"https:\/\/api.w.org\/{rel}","templated":true}]}}