{"id":1470,"date":"2025-03-02T11:32:59","date_gmt":"2025-03-02T11:32:59","guid":{"rendered":"https:\/\/hyko.pl\/?post_type=product&#038;p=1470"},"modified":"2026-02-17T17:39:10","modified_gmt":"2026-02-17T17:39:10","slug":"kolano-ssace-zestaw-adaptera-g1-1-2-bspot-%e2%86%92-kruciec-do-weza-ssacego-45-mm","status":"publish","type":"product","link":"https:\/\/hyko.pl\/de\/product-2\/ansaugkrummer-adapter-satz-g1-1-2-bspot-%e2%86%92-ansaugschlauch-kupplung-45-mm\/","title":{"rendered":"Ansaugkr\u00fcmmer | Adaptersatz G1 1\/2\u2033 BSPOT \u2192 Ansaugschlauchkupplung 45 mm"},"content":{"rendered":"<h3 data-start=\"0\" data-end=\"76\">Ansaugkr\u00fcmmer | Adaptersatz G1 1\/2\u2033 BSPOT \u2192 Ansaugschlauchkupplung 45 mm<\/h3>\n<p data-start=\"78\" data-end=\"137\"><strong data-start=\"81\" data-end=\"132\">Zuverl\u00e4ssige Verbindung in hydraulischen Systemen<\/strong><\/p>\n<p data-start=\"139\" data-end=\"460\">Adaptersatz <strong data-start=\"155\" data-end=\"173\">Ansaugkr\u00fcmmer<\/strong> <strong data-start=\"174\" data-end=\"213\">G1 1\/2\u2033 BSPOT \u2192 G1 1\/2\u2033 BSPIT L.MUTTER<\/strong> ist ein pr\u00e4zisionsgefertigtes Bauteil, das die <strong data-start=\"262\" data-end=\"297\">enge und effektive Verbindung<\/strong> in hydraulischen Systemen. Dank seiner hochwertigen Materialien und seines raffinierten Designs garantiert das Produkt Langlebigkeit und Widerstandsf\u00e4higkeit bei intensiver Nutzung.<\/p>\n<p data-start=\"462\" data-end=\"785\"><strong data-start=\"465\" data-end=\"498\">Produkt-Highlights:<\/strong><br data-start=\"498\" data-end=\"501\" \/>\u2714 <strong data-start=\"503\" data-end=\"514\">F\u00e4den:<\/strong> <strong data-start=\"515\" data-end=\"554\">G1 1\/2\u2033 BSPOT \u2192 G1 1\/2\u2033 BSPIT L.NUT\/<\/strong>Ansaugschlauchkupplung 45 mm<span style=\"font-family: -apple-system, BlinkMacSystemFont, 'Segoe UI', Roboto, 'Helvetica Neue', Arial, 'Noto Sans', sans-serif, 'Apple Color Emoji', 'Segoe UI Emoji', 'Segoe UI Symbol', 'Noto Color Emoji';\">- Kompatibilit\u00e4t mit einer breiten Palette von Hydrauliksystemen<br \/>\n<\/span>\u2714 <strong data-start=\"614\" data-end=\"637\">Robuste Konstruktion<\/strong> - widerstandsf\u00e4hig gegen hohe Dr\u00fccke und intensive Nutzung<br data-start=\"693\" data-end=\"696\" data-is-only-node=\"\" \/>\u2714 <strong data-start=\"698\" data-end=\"724\">Passgenauigkeit<\/strong> - bietet <strong data-start=\"736\" data-end=\"783\">maximale Dichtheit und Durchflusskapazit\u00e4t<\/strong><\/p>\n<p data-start=\"787\" data-end=\"1125\">\u2699 <strong data-start=\"789\" data-end=\"830\">Einsatz unter anspruchsvollen Bedingungen<\/strong><br data-start=\"830\" data-end=\"833\" \/>HYKO Supreme Ansaugkr\u00fcmmer ist die ideale L\u00f6sung f\u00fcr Systeme <strong data-start=\"899\" data-end=\"936\">Rangieren von Hydraulik\u00f6l<\/strong>die in Baumaschinen, Schwerlastfahrzeugen und Industrieanlagen eingesetzt werden. Die Konstruktion gew\u00e4hrleistet <strong data-start=\"1056\" data-end=\"1122\">Verbindungsstabilit\u00e4t und Widerstandsf\u00e4higkeit gegen\u00fcber extremen Betriebsbedingungen<\/strong>.<\/p>\n<p data-start=\"1127\" data-end=\"1427\"><strong data-start=\"1130\" data-end=\"1177\">Einfach zu installieren - schnell zu montieren und zu demontieren<\/strong><br data-start=\"1177\" data-end=\"1180\" \/>\u2714 <strong data-start=\"1182\" data-end=\"1225\">Ohne aufwendige Verarbeitung<\/strong> - einfache Integration in das System<br data-start=\"1255\" data-end=\"1258\" \/>\u2714 <strong data-start=\"1260\" data-end=\"1283\">Dauerhaftigkeit der Verbindung<\/strong> - resistent gegen Vibrationen und wechselnde Betriebsbedingungen<br data-start=\"1330\" data-end=\"1333\" \/>\u2714 <strong data-start=\"1335\" data-end=\"1367\">Vielseitigkeit der Anwendung<\/strong> - ideale L\u00f6sung f\u00fcr Absaug- und Durchflusssysteme<\/p>\n<p data-start=\"1429\" data-end=\"1734\"><strong data-start=\"1432\" data-end=\"1482\">HYKO Supreme - Qualit\u00e4t, auf die Sie sich verlassen k\u00f6nnen!<\/strong><br data-start=\"1482\" data-end=\"1485\" \/>HYKO Supreme Absaugkr\u00fcmmer garantiert <strong data-start=\"1524\" data-end=\"1584\">Zuverl\u00e4ssigkeit, Langlebigkeit und h\u00f6chste Pr\u00e4zision bei der Herstellung<\/strong>. Das Produkt wurde f\u00fcr professionelle Anwendungen entwickelt und sorgt f\u00fcr maximale Effizienz und Sicherheit in hydraulischen Systemen.<\/p>\n<p data-start=\"1736\" data-end=\"1813\" data-is-last-node=\"\" data-is-only-node=\"\"><strong data-start=\"1739\" data-end=\"1810\">Sehen Sie sich das Angebot an und w\u00e4hlen Sie die besten L\u00f6sungen f\u00fcr Ihr System!<\/strong><\/p>\n<h3>HYKO - Die polnische Marke f\u00fcr Anspruchsvolle!<\/h3>\n<p>HYKO ist eine polnische Marke, die f\u00fcr diejenigen geschaffen wurde, die nach den besten L\u00f6sungen zu einem vern\u00fcnftigen Preis suchen. Unsere Priorit\u00e4t ist es, Qualit\u00e4t und Funktionalit\u00e4t zu kombinieren, die eher Standard als Luxus ist.<br \/>\nMit \u00fcber 25 Jahren Erfahrung in der Branche bieten wir hochmoderne Produkte an, die auch die Erwartungen der anspruchsvollsten Kunden erf\u00fcllen. Jedes unserer Produkte ist das Ergebnis sorgf\u00e4ltig ausgew\u00e4hlter Komponenten und pr\u00e4ziser Qualit\u00e4tskontrollen.<br \/>\nWas zeichnet HYKO aus?<br \/>\nSpitzenqualit\u00e4t: Sorgf\u00e4ltig ausgew\u00e4hlte Komponenten von den besten europ\u00e4ischen, indischen und chinesischen Lieferanten.<br \/>\n\u2696\ufe0f Fairer Preis: Sie zahlen f\u00fcr echte Qualit\u00e4t, nicht f\u00fcr die Marke auf dem Typenschild.<br \/>\n\u2705 Zuverl\u00e4ssigkeit: Unsere Produkte \u00fcbertreffen die Normen und gew\u00e4hrleisten einen lang anhaltenden und st\u00f6rungsfreien Betrieb.<br \/>\nWarum HYKO w\u00e4hlen?<br \/>\nDie gr\u00f6\u00dften und renommiertesten Marken verwenden seit Jahren L\u00f6sungen chinesischer, indischer und europ\u00e4ischer Hersteller, die auch wir einsetzen. Kontrollierte Produktionsprozesse machen unsere Komponenten auch unter schwierigsten Bedingungen zuverl\u00e4ssig.<br \/>\nKomponentenherstellung aus Indien und China - zuverl\u00e4ssige Qualit\u00e4t zu einem guten Preis - zahlen Sie nicht f\u00fcr den Markennamen auf dem Produktschild!<br \/>\nWir beziehen unsere Komponenten nicht nur aus Europa, sondern auch von renommierten Lieferanten in Indien und China. Die Produktionsprozesse in diesen L\u00e4ndern werden sorgf\u00e4ltig \u00fcberwacht, und die Qualit\u00e4t der Bauteile \u00fcbertrifft h\u00e4ufig die europ\u00e4ischen Standards. Wir arbeiten nur mit Unternehmen zusammen, die h\u00f6chste Qualit\u00e4t und innovative Technologie garantieren. Dies erm\u00f6glicht es uns, Produkte zu wettbewerbsf\u00e4higen Preisen anzubieten und gleichzeitig die h\u00f6chsten Parameter f\u00fcr Zuverl\u00e4ssigkeit und Langlebigkeit einzuhalten.<br \/>\nQualit\u00e4t und Funktionalit\u00e4t f\u00fcr faires Geld!<br \/>\nWir bei HYKO glauben, dass es m\u00f6glich ist, zuverl\u00e4ssige Produkte ohne Kompromisse zu liefern. Unsere L\u00f6sungen sind eine Investition in Leistung, Zuverl\u00e4ssigkeit und Zufriedenheit f\u00fcr die kommenden Jahre.<br \/>\nKontaktieren Sie uns noch heute und sehen Sie, wie HYKO Ihre Arbeit verbessern kann! \u2728<\/p>","protected":false},"excerpt":{"rendered":"<h3 data-start=\"0\" data-end=\"76\">Ansaugkr\u00fcmmer | Adaptersatz G1 1\/2\u2033 BSPOT \u2192 Ansaugschlauchkupplung 45 mm<\/h3>\n<p data-start=\"78\" data-end=\"137\"><strong data-start=\"81\" data-end=\"132\">Zuverl\u00e4ssige Verbindung in hydraulischen Systemen<\/strong><\/p>\n<p data-start=\"139\" data-end=\"460\">Adaptersatz <strong data-start=\"155\" data-end=\"173\">Ansaugkr\u00fcmmer<\/strong> <strong data-start=\"174\" data-end=\"213\">G1 1\/2\u2033 BSPOT \u2192 G1 1\/2\u2033 BSPIT L.MUTTER<\/strong> ist ein pr\u00e4zisionsgefertigtes Bauteil, das die <strong data-start=\"262\" data-end=\"297\">enge und effektive Verbindung<\/strong> in hydraulischen Systemen. Dank seiner hochwertigen Materialien und seines raffinierten Designs garantiert das Produkt Langlebigkeit und Widerstandsf\u00e4higkeit bei intensiver Nutzung.<\/p>\n<p data-start=\"462\" data-end=\"785\">","protected":false},"featured_media":1471,"comment_status":"open","ping_status":"closed","template":"","meta":{"_acf_changed":false},"product_brand":[],"product_cat":[34],"product_tag":[],"class_list":{"0":"post-1470","1":"product","2":"type-product","3":"status-publish","4":"has-post-thumbnail","6":"product_cat-weze-przewody-adaptery","8":"first","9":"instock","10":"taxable","11":"shipping-taxable","12":"purchasable","13":"product-type-simple"},"acf":[],"_links":{"self":[{"href":"https:\/\/hyko.pl\/de\/wp-json\/wp\/v2\/product\/1470","targetHints":{"allow":["GET"]}}],"collection":[{"href":"https:\/\/hyko.pl\/de\/wp-json\/wp\/v2\/product"}],"about":[{"href":"https:\/\/hyko.pl\/de\/wp-json\/wp\/v2\/types\/product"}],"replies":[{"embeddable":true,"href":"https:\/\/hyko.pl\/de\/wp-json\/wp\/v2\/comments?post=1470"}],"wp:featuredmedia":[{"embeddable":true,"href":"https:\/\/hyko.pl\/de\/wp-json\/wp\/v2\/media\/1471"}],"wp:attachment":[{"href":"https:\/\/hyko.pl\/de\/wp-json\/wp\/v2\/media?parent=1470"}],"wp:term":[{"taxonomy":"product_brand","embeddable":true,"href":"https:\/\/hyko.pl\/de\/wp-json\/wp\/v2\/product_brand?post=1470"},{"taxonomy":"product_cat","embeddable":true,"href":"https:\/\/hyko.pl\/de\/wp-json\/wp\/v2\/product_cat?post=1470"},{"taxonomy":"product_tag","embeddable":true,"href":"https:\/\/hyko.pl\/de\/wp-json\/wp\/v2\/product_tag?post=1470"}],"curies":[{"name":"wp","href":"https:\/\/api.w.org\/{rel}","templated":true}]}}