{"id":1492,"date":"2025-03-02T17:34:39","date_gmt":"2025-03-02T17:34:39","guid":{"rendered":"https:\/\/hyko.pl\/?post_type=product&#038;p=1492"},"modified":"2025-03-02T18:01:51","modified_gmt":"2025-03-02T18:01:51","slug":"waz-hydrauliczny-cisnieniowy-280-bar-dwuoplotowy-1500-mm-3-4-bsp","status":"publish","type":"product","link":"https:\/\/hyko.pl\/de\/product-2\/hydraulische-vase-druck-280-bar-doppelflansch-1500-mm-3-4-bsp\/","title":{"rendered":"Hydraulikdruckschlauch 280 bar doppelt geflochten - 1500 mm - 3\/4\u2033 BSP"},"content":{"rendered":"<h2 data-start=\"0\" data-end=\"94\">Hydraulikdruckschlauch 280 bar doppelt geflochten - 1500 mm - 3\/4\u2033 BSP<\/h2>\n<h3 data-start=\"0\" data-end=\"94\"><strong data-start=\"4\" data-end=\"92\">Hochdruck-Doppelgeflechtschl\u00e4uche - zuverl\u00e4ssig und langlebig unter allen Bedingungen<\/strong><\/h3>\n<p data-start=\"96\" data-end=\"167\"><strong data-start=\"99\" data-end=\"162\">Maximale Widerstandsf\u00e4higkeit gegen Druck und intensive Nutzung<\/strong><\/p>\n<p data-start=\"169\" data-end=\"476\">Hochdruck-Schl\u00e4uche <strong data-start=\"192\" data-end=\"207\">Doppelwandig<\/strong> sind Schl\u00fcsselelemente in <strong data-start=\"231\" data-end=\"259\">hydraulische Systeme<\/strong>die erfordern <strong data-start=\"276\" data-end=\"347\">maximale Haltbarkeit und Widerstandsf\u00e4higkeit gegen\u00fcber extremen Arbeitsbedingungen<\/strong>. Dank der Verwendung von zwei Lagen Stahlgeflecht, bieten sie <strong data-start=\"411\" data-end=\"473\">zuverl\u00e4ssiger Betrieb auch bei hohen Betriebsdr\u00fccken<\/strong>.<\/p>\n<p data-start=\"478\" data-end=\"828\"><strong data-start=\"481\" data-end=\"514\">Produkt-Highlights:<\/strong><br data-start=\"514\" data-end=\"517\" \/>\u2714 <strong data-start=\"519\" data-end=\"552\">Hohe Druckbest\u00e4ndigkeit<\/strong> - doppelt geschlitzte Konstruktion f\u00fcr sicheren und stabilen Betrieb<br data-start=\"621\" data-end=\"624\" \/>\u2714 <strong data-start=\"626\" data-end=\"676\">Abriebfestigkeit und Witterungsbest\u00e4ndigkeit<\/strong> - ideal f\u00fcr den intensiven Einsatz in rauen Umgebungen<br data-start=\"735\" data-end=\"738\" \/>\u2714 <strong data-start=\"740\" data-end=\"766\">Ausgezeichnete Flexibilit\u00e4t<\/strong> - einfache Schlauchverlegung in Hydrauliksystemen<\/p>\n<p data-start=\"830\" data-end=\"1182\">\u2699 <strong data-start=\"832\" data-end=\"873\">Einsatz in anspruchsvollen Systemen<\/strong><br data-start=\"873\" data-end=\"876\" \/>Doppelt geflochtene Schl\u00e4uche werden verwendet in <strong data-start=\"917\" data-end=\"1006\">Bauwesen, Landmaschinen, schwere Fahrzeuge und industrielle Systeme<\/strong>. Die Konstruktion des Kabels erm\u00f6glicht <strong data-start=\"1040\" data-end=\"1087\">sichere \u00dcbertragung von Hydraulik\u00f6l<\/strong>\u00a0in hydraulischen Systemen.<\/p>\n<p data-start=\"1184\" data-end=\"1520\"><strong data-start=\"1187\" data-end=\"1225\">Langlebigkeit und hohe Verarbeitungsqualit\u00e4t<\/strong><br data-start=\"1225\" data-end=\"1228\" \/>\u2714 <strong data-start=\"1230\" data-end=\"1265\">Doppelt ummantelte Stahlkonstruktion<\/strong> - bietet <strong data-start=\"1277\" data-end=\"1339\">maximale Zugfestigkeit und Arbeitsdruck<\/strong><br data-start=\"1339\" data-end=\"1342\" \/>\u2714 <strong data-start=\"1344\" data-end=\"1382\">Widerstandsf\u00e4hig gegen mechanische Besch\u00e4digungen<\/strong> - ideal f\u00fcr extreme Bedingungen<br data-start=\"1427\" data-end=\"1430\" \/>\u2714 <strong data-start=\"1432\" data-end=\"1460\">Lange Lebensdauer<\/strong> - minimiert das Risiko von Pannen und Maschinenstillst\u00e4nden<\/p>\n<p data-start=\"1522\" data-end=\"1860\"><strong data-start=\"1525\" data-end=\"1573\">HYKO Supreme - Schlangen, auf die man sich verlassen kann!<\/strong><br data-start=\"1573\" data-end=\"1576\" \/>Hochdruckschl\u00e4uche mit zwei Durchg\u00e4ngen garantieren <strong data-start=\"1637\" data-end=\"1708\">\u00fcberragende Qualit\u00e4t, Langlebigkeit und Widerstandsf\u00e4higkeit gegen extreme Betriebsbedingungen<\/strong>. Dank der Verwendung moderner Materialien und pr\u00e4ziser Fertigung sind sie <strong data-start=\"1787\" data-end=\"1857\">eine zuverl\u00e4ssige L\u00f6sung f\u00fcr Hydrauliksysteme in jeder Branche<\/strong>.<\/p>\n<p data-start=\"1862\" data-end=\"1944\" data-is-last-node=\"\" data-is-only-node=\"\"><strong data-start=\"1865\" data-end=\"1941\">Schauen Sie sich das Sortiment an und w\u00e4hlen Sie die HYKO Supreme Schl\u00e4uche, die Ihren Bed\u00fcrfnissen entsprechen!<\/strong><\/p>\n<p data-start=\"78\" data-end=\"137\"><span style=\"font-family: -apple-system, BlinkMacSystemFont, 'Segoe UI', Roboto, 'Helvetica Neue', Arial, 'Noto Sans', sans-serif, 'Apple Color Emoji', 'Segoe UI Emoji', 'Segoe UI Symbol', 'Noto Color Emoji';\">HYKO - Die polnische Marke f\u00fcr Anspruchsvolle!<\/span><\/p>\n<p>HYKO ist eine polnische Marke, die f\u00fcr diejenigen geschaffen wurde, die nach den besten L\u00f6sungen zu einem vern\u00fcnftigen Preis suchen. Unsere Priorit\u00e4t ist es, Qualit\u00e4t und Funktionalit\u00e4t zu kombinieren, die eher Standard als Luxus ist.<br \/>\nMit \u00fcber 25 Jahren Erfahrung in der Branche bieten wir hochmoderne Produkte an, die auch die Erwartungen der anspruchsvollsten Kunden erf\u00fcllen. Jedes unserer Produkte ist das Ergebnis sorgf\u00e4ltig ausgew\u00e4hlter Komponenten und pr\u00e4ziser Qualit\u00e4tskontrollen.<br \/>\nWas zeichnet HYKO aus?<br \/>\nSpitzenqualit\u00e4t: Sorgf\u00e4ltig ausgew\u00e4hlte Komponenten von den besten europ\u00e4ischen, indischen und chinesischen Lieferanten.<br \/>\n\u2696\ufe0f Fairer Preis: Sie zahlen f\u00fcr echte Qualit\u00e4t, nicht f\u00fcr die Marke auf dem Typenschild.<br \/>\n\u2705 Zuverl\u00e4ssigkeit: Unsere Produkte \u00fcbertreffen die Normen und gew\u00e4hrleisten einen lang anhaltenden und st\u00f6rungsfreien Betrieb.<br \/>\nWarum HYKO w\u00e4hlen?<br \/>\nDie gr\u00f6\u00dften und renommiertesten Marken verwenden seit Jahren L\u00f6sungen chinesischer, indischer und europ\u00e4ischer Hersteller, die auch wir einsetzen. Kontrollierte Produktionsprozesse machen unsere Komponenten auch unter schwierigsten Bedingungen zuverl\u00e4ssig.<br \/>\nKomponentenherstellung aus Indien und China - zuverl\u00e4ssige Qualit\u00e4t zu einem guten Preis - zahlen Sie nicht f\u00fcr den Markennamen auf dem Produktschild!<br \/>\nWir beziehen unsere Komponenten nicht nur aus Europa, sondern auch von renommierten Lieferanten in Indien und China. Die Produktionsprozesse in diesen L\u00e4ndern werden sorgf\u00e4ltig \u00fcberwacht, und die Qualit\u00e4t der Bauteile \u00fcbertrifft h\u00e4ufig die europ\u00e4ischen Standards. Wir arbeiten nur mit Unternehmen zusammen, die h\u00f6chste Qualit\u00e4t und innovative Technologie garantieren. Dies erm\u00f6glicht es uns, Produkte zu wettbewerbsf\u00e4higen Preisen anzubieten und gleichzeitig die h\u00f6chsten Parameter f\u00fcr Zuverl\u00e4ssigkeit und Langlebigkeit einzuhalten.<br \/>\nQualit\u00e4t und Funktionalit\u00e4t f\u00fcr faires Geld!<br \/>\nWir bei HYKO glauben, dass es m\u00f6glich ist, zuverl\u00e4ssige Produkte ohne Kompromisse zu liefern. Unsere L\u00f6sungen sind eine Investition in Leistung, Zuverl\u00e4ssigkeit und Zufriedenheit f\u00fcr die kommenden Jahre.<br \/>\nKontaktieren Sie uns noch heute und sehen Sie, wie HYKO Ihre Arbeit verbessern kann! \u2728<\/p>","protected":false},"excerpt":{"rendered":"<h3 data-start=\"0\" data-end=\"94\">Hydraulikdruckschlauch 280 bar doppelt geflochten - 1500 mm<\/h3>\n<h3 data-start=\"0\" data-end=\"94\"><strong data-start=\"4\" data-end=\"92\">Hochdruck-Doppelgeflechtschl\u00e4uche - zuverl\u00e4ssig und langlebig unter allen Bedingungen<\/strong><\/h3>\n<p data-start=\"96\" data-end=\"167\"><strong data-start=\"99\" data-end=\"162\">Maximale Widerstandsf\u00e4higkeit gegen Druck und intensive Nutzung<\/strong><\/p>\n<p data-start=\"169\" data-end=\"476\">Hochdruck-Schl\u00e4uche <strong data-start=\"192\" data-end=\"207\">Doppelwandig<\/strong> sind Schl\u00fcsselelemente in <strong data-start=\"231\" data-end=\"259\">hydraulische Systeme<\/strong>die erfordern <strong data-start=\"276\" data-end=\"347\">maximale Haltbarkeit und Widerstandsf\u00e4higkeit gegen\u00fcber extremen Arbeitsbedingungen<\/strong>. Dank der Verwendung von zwei Lagen Stahlgeflecht, bieten sie <strong data-start=\"411\" data-end=\"473\">zuverl\u00e4ssiger Betrieb auch bei hohen Betriebsdr\u00fccken<\/strong>.<\/p>\n<p data-start=\"462\" data-end=\"785\">","protected":false},"featured_media":1487,"comment_status":"open","ping_status":"closed","template":"","meta":{"_acf_changed":false},"product_brand":[],"product_cat":[34],"product_tag":[],"class_list":{"0":"post-1492","1":"product","2":"type-product","3":"status-publish","4":"has-post-thumbnail","6":"product_cat-weze-przewody-adaptery","8":"first","9":"instock","10":"taxable","11":"shipping-taxable","12":"purchasable","13":"product-type-simple"},"acf":[],"_links":{"self":[{"href":"https:\/\/hyko.pl\/de\/wp-json\/wp\/v2\/product\/1492","targetHints":{"allow":["GET"]}}],"collection":[{"href":"https:\/\/hyko.pl\/de\/wp-json\/wp\/v2\/product"}],"about":[{"href":"https:\/\/hyko.pl\/de\/wp-json\/wp\/v2\/types\/product"}],"replies":[{"embeddable":true,"href":"https:\/\/hyko.pl\/de\/wp-json\/wp\/v2\/comments?post=1492"}],"wp:featuredmedia":[{"embeddable":true,"href":"https:\/\/hyko.pl\/de\/wp-json\/wp\/v2\/media\/1487"}],"wp:attachment":[{"href":"https:\/\/hyko.pl\/de\/wp-json\/wp\/v2\/media?parent=1492"}],"wp:term":[{"taxonomy":"product_brand","embeddable":true,"href":"https:\/\/hyko.pl\/de\/wp-json\/wp\/v2\/product_brand?post=1492"},{"taxonomy":"product_cat","embeddable":true,"href":"https:\/\/hyko.pl\/de\/wp-json\/wp\/v2\/product_cat?post=1492"},{"taxonomy":"product_tag","embeddable":true,"href":"https:\/\/hyko.pl\/de\/wp-json\/wp\/v2\/product_tag?post=1492"}],"curies":[{"name":"wp","href":"https:\/\/api.w.org\/{rel}","templated":true}]}}