{"id":1172,"date":"2025-02-22T11:07:37","date_gmt":"2025-02-22T11:07:37","guid":{"rendered":"https:\/\/hyko.pl\/?post_type=product&#038;p=1172"},"modified":"2026-02-17T15:05:16","modified_gmt":"2026-02-17T15:05:16","slug":"silownik-frontowy-do-wywrotu-hyko-hyperlift-ghs-135-x-3-x-3880-h-k343-dolne-mocowanie-z-kielichem","status":"publish","type":"product","link":"https:\/\/hyko.pl\/sk\/product-2\/predny-sklapaci-motor-hyko-hyperlift-ghs-135-x-3-x-3880-h-k343-spodny-drziak-so-zasuvkou\/","title":{"rendered":"Predn\u00fd skl\u00e1pac\u00ed valec HYKO - HyperLIFT - GHS 135 x 3 x 3880 H K343 - spodn\u00e1 mont\u00e1\u017e s obj\u00edmkou"},"content":{"rendered":"<h2>Skl\u00e1pac\u00ed predn\u00fd pohon HYKO HyperLIFT - <strong>\ud83d\udcaa Sila v ka\u017edom detaile \ud83d\udcaa<br \/>\n<\/strong><\/h2>\n<h4><strong>3-RO\u010cN\u00c1 Z\u00c1RUKA!<br \/>\nV\u0160ETKY STUPNE VALCOV S\u00da POCHR\u00d3MOVAN\u00c9!<br \/>\nNA V\u00ddROBOK SA VZ\u0164AHUJE 24-HODINOV\u00dd Z\u00c1RU\u010cN\u00dd PROGRAM!<\/strong><\/h4>\n<p>Gener\u00e1cia \u010deln\u00fdch pohonov HyperLIFT od spolo\u010dnosti HYKO je vo\u013ebou, ktor\u00e1 nanovo definuje \u0161tandardy v odvetv\u00ed hydraulick\u00fdch pohonov. Boli navrhnut\u00e9 s oh\u013eadom na n\u00e1ro\u010dn\u00fdch pou\u017e\u00edvate\u013eov a vyzna\u010duj\u00fa sa v\u00fdnimo\u010dn\u00fdm v\u00fdkonom, presnos\u0165ou a spo\u013eahlivos\u0165ou. Je to v\u00fdrobok, ktor\u00fd sp\u00e1ja pokro\u010dil\u00fa technol\u00f3giu s najkvalitnej\u0161\u00edmi materi\u00e1lmi a poskytuje rie\u0161enia na s\u00fa\u010dasn\u00e9 v\u00fdzvy.<\/p>\n<h2><\/h2>\n<h3><strong>Predn\u00fd skl\u00e1pac\u00ed pohon HYKO - odolnos\u0165 a dlh\u00e1 \u017eivotnos\u0165\u00a0<\/strong><\/h3>\n<ul>\n<li><strong>\ud83d\udd27 Odoln\u00fd dizajn<\/strong>: Pohony HYKO HyperLIFT s\u00fa kon\u0161truovan\u00e9 tak, aby fungovali aj v t\u00fdch najn\u00e1ro\u010dnej\u0161\u00edch podmienkach.<\/li>\n<li><strong>\ud83d\udee1\ufe0f Odolnos\u0165 proti kor\u00f3zii<\/strong>: Chr\u00f3movan\u00fd povrch s hr\u00fabkou +\/- 50 mikr\u00f3nov zaru\u010duje jedine\u010dn\u00fa odolnos\u0165 proti kor\u00f3zii a opotrebovaniu.<\/li>\n<li><strong>\u2699\ufe0f Spo\u013eahlivos\u0165<\/strong>: Materi\u00e1ly a tvarov\u00fd profil tesnen\u00ed v kombin\u00e1cii s pochr\u00f3movan\u00fdm povrchom stup\u0148ov pohonu robia z gener\u00e1cie `HYKO HyperLIFT v\u00fdrobok, ktor\u00fd nesklame!<\/li>\n<\/ul>\n<h3><strong>Skl\u00e1pac\u00ed predn\u00fd pohon HYKO - <\/strong><strong>Bezkonkuren\u010dn\u00e1 funk\u010dnos\u0165<\/strong><\/h3>\n<ul>\n<li><strong>\u23f1\ufe0f R\u00fdchla akcia<\/strong>: Kr\u00e1tke \u010dasy zdv\u00edhania a sp\u00fa\u0161\u0165ania zabezpe\u010duj\u00fa maxim\u00e1lnu prev\u00e1dzkov\u00fa efekt\u00edvnos\u0165, \u00fasporu \u010dasu a energie.<\/li>\n<li><strong>\ud83d\udd29 Modul\u00e1rna kon\u0161trukcia<\/strong>: Vyroben\u00e9 z najlep\u0161\u00edch materi\u00e1lov, ako je vysokopevnostn\u00e1 oce\u013e, pre v\u00fdnimo\u010dn\u00fa spo\u013eahlivos\u0165 a odolnos\u0165.<\/li>\n<li><strong>\ud83d\udee0\ufe0f Stabiliz\u00e1cia skl\u00e1pa\u010da<\/strong>: Inovat\u00edvna kon\u0161trukcia pohonu zlep\u0161uje kinematiku oper\u00e1cie, \u010d\u00edm zvy\u0161uje presnos\u0165 a bezpe\u010dnos\u0165 oper\u00e1cie.<\/li>\n<li>\ud83d\udcaa <strong>Prev\u00e1dzkov\u00fd tlak 250 barov: <\/strong>Valec kompatibiln\u00fd s najvy\u0161\u0161\u00edmi prev\u00e1dzkov\u00fdmi normami pre vykl\u00e1pacie syst\u00e9my n\u00e1kladn\u00fdch vozidiel.<\/li>\n<\/ul>\n<h3><strong>Skl\u00e1pac\u00ed predn\u00fd pohon HYKO - <\/strong><strong>\u013dahk\u00fd a bez\u00fadr\u017ebov\u00fd<\/strong><\/h3>\n<ul>\n<li><strong>\u2696\ufe0f Zn\u00ed\u017een\u00e1 hmotnos\u0165<\/strong>: Pohony HYKO HyperLIFT s\u00fa navrhnut\u00e9 tak, aby zni\u017eovali hmotnos\u0165 vozidla, \u010do vedie k zv\u00fd\u0161eniu nosnosti.<\/li>\n<li><strong>\ud83d\udd27 Bez\u00fadr\u017ebov\u00fd charakter<\/strong>: Bez\u00fadr\u017ebov\u00fd charakter eliminuje potrebu pravideln\u00fdch kontrol a \u00fadr\u017eby, \u010do \u010falej zni\u017euje prev\u00e1dzkov\u00e9 n\u00e1klady.<\/li>\n<\/ul>\n<h3><strong>Skl\u00e1pac\u00ed predn\u00fd pohon HYKO - <\/strong><strong>Spo\u013eahlivos\u0165 vo v\u0161etk\u00fdch situ\u00e1ci\u00e1ch<\/strong><\/h3>\n<ul>\n<li><strong>\ud83d\udd12 Najvy\u0161\u0161ia tesnos\u0165<\/strong>: Pou\u017eitie najkvalitnej\u0161\u00edch tesnen\u00ed zaru\u010duje tesnos\u0165 a spo\u013eahlivos\u0165 aj v najextr\u00e9mnej\u0161\u00edch prev\u00e1dzkov\u00fdch podmienkach.<\/li>\n<li><strong>\ud83c\udf21\ufe0f Odolnos\u0165 vo\u010di podmienkam<\/strong>: Bez oh\u013eadu na teplotu, za\u0165a\u017eenie alebo n\u00e1ro\u010dn\u00e9 prostredie - pohony HYKO HyperLIFT spo\u013eahlivo funguj\u00fa.<\/li>\n<\/ul>\n<p><strong>Zhrnutie<\/strong> Gener\u00e1cia \u010deln\u00fdch pohonov HyperLIFT spolo\u010dnosti HYKO je synonymom dokonalosti, na ktor\u00fa sa m\u00f4\u017eete spo\u013eahn\u00fa\u0165 v ka\u017edom aspekte va\u0161ej prev\u00e1dzky. Ak h\u013ead\u00e1te rie\u0161enie, ktor\u00e9 kombinuje v\u00fdkon, presnos\u0165 a dlh\u00fa \u017eivotnos\u0165, v\u00fdber pohonov HYKO je invest\u00edciou, ktor\u00e1 sa v\u00e1m dlhodobo oplat\u00ed. Kontaktujte n\u00e1s e\u0161te dnes a dozviete sa viac!<\/p>\n<p><strong>Predn\u00e9 pohony HYKO HyperLIFT<\/strong><\/p>\n<p>\u2705\u00a0<strong>Chr\u00f3movanie ka\u017edej \u010dasti - \u0161tandardne, bez pr\u00edplatku.<\/strong><br \/>\n\u00dapln\u00e9 chr\u00f3movanie ka\u017ed\u00e9ho stup\u0148a znamen\u00e1\u00a0<strong>v\u00fdrazne vy\u0161\u0161ia odolnos\u0165 proti kor\u00f3zii<\/strong>, dokonca\u00a0<strong>4-kr\u00e1t tvrd\u0161\u00ed povrch odoln\u00fd proti po\u0161kriabaniu<\/strong>men\u0161ie opotrebovanie tesnen\u00ed a\u00a0<strong>pred\u013a\u017een\u00e1 \u017eivotnos\u0165 pohonu<\/strong>. N\u00edzka drsnos\u0165 pochr\u00f3movan\u00e9ho povrchu zabezpe\u010duje\u00a0<strong>hladk\u00fd chod a n\u00edzke trenie medzi jednotliv\u00fdmi stup\u0148ami<\/strong>.<\/p>\n<p>\u2705\u00a0<strong>Modul\u00e1rna kon\u0161trukcia so zv\u00e4\u010d\u0161enou pracovnou plochou medzi jednotliv\u00fdmi stup\u0148ami.<\/strong><br \/>\nTo znamen\u00e1, \u017ee\u00a0<strong>v\u00e4\u010d\u0161ia tuhos\u0165, lep\u0161ia ovl\u00e1date\u013enos\u0165 a vysok\u00e1 stabilita pri za\u0165a\u017een\u00ed<\/strong>aj v t\u00fdch najn\u00e1ro\u010dnej\u0161\u00edch prev\u00e1dzkov\u00fdch podmienkach. Zosilnen\u00e1 kon\u0161trukcia valca.<br \/>\n\u2705\u00a0<strong>Kovan\u00e9 komponenty - oko a spodn\u00fd kr\u00fa\u017eok s \u010dapmi.<\/strong><br \/>\nV\u00fdkovky maj\u00fa\u00a0<strong>ove\u013ea pevnej\u0161ia \u0161trukt\u00fara materi\u00e1lu ako odliatky<\/strong>ktor\u00fd poskytuje\u00a0<strong>vy\u0161\u0161ia odolnos\u0165 vo\u010di pre\u0165a\u017eeniu, zlomeniu a dlhodob\u00e9mu nam\u00e1haniu<\/strong>.<\/p>\n<p>\u2705\u00a0<strong>Kol\u00edky s\u00fa povrchovo induk\u010dne kalen\u00e9.<\/strong><br \/>\nTvrden\u00e1 vonkaj\u0161ia vrstva v kombin\u00e1cii s pru\u017en\u00fdm jadrom znamen\u00e1\u00a0<strong>mnohon\u00e1sobne dlh\u0161ia \u017eivotnos\u0165<\/strong>\u017eiadne utieranie povrchu a\u00a0<strong>\u017eiadna v\u00f4\u013ea po\u010das prev\u00e1dzky<\/strong>.<\/p>\n<p>\u2705\u00a0<strong>Priemer z\u00e1kladne 175 mm.<\/strong><br \/>\nV\u00e4\u010d\u0161\u00ed priemer je\u00a0<strong>pevnej\u0161ia a stabilnej\u0161ia kon\u0161trukcia<\/strong>\u00a0a\u00a0<strong>vy\u0161\u0161ia nosnos\u0165<\/strong>s relat\u00edvne mal\u00fdm n\u00e1rastom hmotnosti pohonu.<\/p>\n<p>\u2705\u00a0<strong>HD tesnenia s nap\u00ednac\u00edm prvkom.<\/strong><br \/>\nBalenie s dvojit\u00fdm tesnen\u00edm zachov\u00e1va\u00a0<strong>pevn\u00fd tlak na chr\u00f3mov\u00e9 zrkadlo<\/strong>, \u010d\u00edm sa zaru\u010duje\u00a0<strong>maxim\u00e1lna tesnos\u0165, men\u0161ie trenie, ni\u017e\u0161ie opotrebovanie<\/strong>\u00a0a\u00a0<strong>pln\u00e1 odolnos\u0165 vo\u010di ne\u010distot\u00e1m a vysok\u00fdm tlakom<\/strong>.<\/p>\n<p>\u2705\u00a0<strong>Pracovn\u00fd tlak 250 barov + optimalizovan\u00e1 kon\u0161truk\u010dn\u00e1 hmotnos\u0165.<\/strong><br \/>\n<strong>V\u00e4\u010d\u0161\u00ed v\u00fdkon, v\u00e4\u010d\u0161ie u\u017eito\u010dn\u00e9 za\u0165a\u017eenie, menej por\u00fach.<\/strong><\/p>\n<p>\u2705\u00a0<strong>Bez\u00fadr\u017ebov\u00fd charakter pr\u00e1ce.<\/strong><br \/>\n<strong>Minim\u00e1lny servis - maxim\u00e1lny v\u00fdkon.<\/strong><\/p>\n<p>\u2705\u00a0<strong>3-ro\u010dn\u00e1 z\u00e1ruka na syst\u00e9my s filtr\u00e1ciou oleja.<\/strong><br \/>\nPri spr\u00e1vnom filtrovan\u00ed je cel\u00fd syst\u00e9m HYKO pokryt\u00fd\u00a0<strong>pln\u00e1 3-ro\u010dn\u00e1 z\u00e1ruka<\/strong>.<\/p>\n<h3>HYKO - po\u013esk\u00e1 zna\u010dka pre n\u00e1ro\u010dn\u00fdch \u013eud\u00ed!<\/h3>\n<p>HYKO je po\u013esk\u00e1 zna\u010dka vytvoren\u00e1 pre t\u00fdch, ktor\u00ed h\u013eadaj\u00fa najlep\u0161ie rie\u0161enia za rozumn\u00fa cenu. Na\u0161ou prioritou je spoji\u0165 kvalitu a funk\u010dnos\u0165, ktor\u00e1 je \u0161tandardom, nie luxusom. \ud83d\udca1<br \/>\nV\u010faka viac ako 25 rokom sk\u00fasenost\u00ed v tomto odvetv\u00ed pon\u00fakame najmodernej\u0161ie produkty, ktor\u00e9 sp\u013a\u0148aj\u00fa o\u010dak\u00e1vania aj t\u00fdch najn\u00e1ro\u010dnej\u0161\u00edch z\u00e1kazn\u00edkov. Ka\u017ed\u00fd n\u00e1\u0161 v\u00fdrobok je v\u00fdsledkom starostlivo vybran\u00fdch komponentov a prec\u00edznej kontroly kvality.<br \/>\n\u010c\u00edm sa spolo\u010dnos\u0165 HYKO odli\u0161uje?<br \/>\n\ud83c\udf1f \u0160pi\u010dkov\u00e1 kvalita: starostlivo vybran\u00e9 komponenty od najlep\u0161\u00edch eur\u00f3pskych, indick\u00fdch a \u010d\u00ednskych dod\u00e1vate\u013eov.<br \/>\n\u2696\ufe0f Spravodliv\u00e1 cena: Plat\u00edte za skuto\u010dn\u00fa kvalitu, nie za zna\u010dku na \u0161t\u00edtku.<br \/>\n\u2705 Spo\u013eahlivos\u0165: na\u0161e v\u00fdrobky presahuj\u00fa normy a zaru\u010duj\u00fa dlhodob\u00fa a bezprobl\u00e9mov\u00fa prev\u00e1dzku.<br \/>\nPre\u010do si vybra\u0165 HYKO?<br \/>\nNajv\u00e4\u010d\u0161ie a najrenomovanej\u0161ie zna\u010dky u\u017e roky pou\u017e\u00edvaj\u00fa rie\u0161enia od \u010d\u00ednskych, indick\u00fdch a eur\u00f3pskych v\u00fdrobcov, ktor\u00e9 pou\u017e\u00edvame aj my. V\u010faka kontrolovan\u00fdm v\u00fdrobn\u00fdm procesom s\u00fa na\u0161e komponenty spo\u013eahliv\u00e9 aj v t\u00fdch najn\u00e1ro\u010dnej\u0161\u00edch podmienkach.<br \/>\nV\u00fdroba komponentov z Indie a \u010c\u00edny - spo\u013eahliv\u00e1 kvalita za dobr\u00fa cenu - neplat\u00edte za zna\u010dku na \u0161t\u00edtku v\u00fdrobku!<br \/>\nNa\u0161e komponenty z\u00edskavame nielen z Eur\u00f3py, ale aj od renomovan\u00fdch dod\u00e1vate\u013eov v Indii a \u010c\u00edne. V\u00fdrobn\u00e9 procesy v t\u00fdchto krajin\u00e1ch s\u00fa starostlivo monitorovan\u00e9 a kvalita komponentov \u010dasto prevy\u0161uje eur\u00f3pske normy. Spolupracujeme len so spolo\u010dnos\u0165ami, ktor\u00e9 zaru\u010duj\u00fa najvy\u0161\u0161iu kvalitu a inovat\u00edvne technol\u00f3gie. To n\u00e1m umo\u017e\u0148uje pon\u00faka\u0165 v\u00fdrobky za konkurencieschopn\u00e9 ceny pri zachovan\u00ed najvy\u0161\u0161\u00edch parametrov spo\u013eahlivosti a \u017eivotnosti.<br \/>\n\ud83d\udcaa Kvalita a funk\u010dnos\u0165 za primeran\u00e9 peniaze!<br \/>\nV spolo\u010dnosti HYKO ver\u00edme, \u017ee je mo\u017en\u00e9 dod\u00e1va\u0165 spo\u013eahliv\u00e9 v\u00fdrobky bez kompromisov. Na\u0161e rie\u0161enia s\u00fa invest\u00edciou do v\u00fdkonu, spo\u013eahlivosti a spokojnosti na dlh\u00e9 roky.<br \/>\nKontaktujte n\u00e1s e\u0161te dnes a zistite, ako m\u00f4\u017ee HYKO zlep\u0161i\u0165 va\u0161u pr\u00e1cu! \u2728<\/p>","protected":false},"excerpt":{"rendered":"<p><strong>Predn\u00e9 pohony HYKO HyperLift<\/strong> je z\u00e1rukou spo\u013eahlivosti a v\u00fdkonu za v\u0161etk\u00fdch podmienok. V\u010faka <strong>v\u0161etky chr\u00f3mov\u00e9 kroky<\/strong> a prev\u00e1dzkov\u00fd tlak <strong>250 barov<\/strong> poskytuj\u00fa v\u00fdnimo\u010dn\u00fa trvanlivos\u0165 a odolnos\u0165 vo\u010di opotrebovaniu. V\u010faka modul\u00e1rnej kon\u0161trukcii a stabiliza\u010dn\u00e9mu syst\u00e9mu skl\u00e1pa\u010da je proces vykl\u00e1dky r\u00fdchly, plynul\u00fd a bezpe\u010dn\u00fd. HyperLift je aj o komforte pou\u017e\u00edvate\u013ea - valce s\u00fa <strong>bez\u00fadr\u017ebov\u00e9<\/strong>a ich \u017eivotnos\u0165 \u010faleko presahuje \u017eivotnos\u0165 \u0161tandardn\u00fdch rie\u0161en\u00ed. Okrem toho rad HyperLift pon\u00faka <strong>24-hodinov\u00fd z\u00e1ru\u010dn\u00fd program<\/strong>ktor\u00e1 poskytuje r\u00fdchlu servisn\u00fa podporu. Je to technol\u00f3gia, na ktor\u00fa sa m\u00f4\u017eete spo\u013eahn\u00fa\u0165.<\/p>","protected":false},"featured_media":1030,"comment_status":"open","ping_status":"closed","template":"","meta":{"_acf_changed":false},"product_brand":[],"product_cat":[22],"product_tag":[],"class_list":{"0":"post-1172","1":"product","2":"type-product","3":"status-publish","4":"has-post-thumbnail","6":"product_cat-silowniki-frontowe-czolowe-z-dolnym-mocowaniem-pokrywa","8":"first","9":"instock","10":"taxable","11":"shipping-taxable","12":"purchasable","13":"product-type-simple"},"acf":[],"_links":{"self":[{"href":"https:\/\/hyko.pl\/sk\/wp-json\/wp\/v2\/product\/1172","targetHints":{"allow":["GET"]}}],"collection":[{"href":"https:\/\/hyko.pl\/sk\/wp-json\/wp\/v2\/product"}],"about":[{"href":"https:\/\/hyko.pl\/sk\/wp-json\/wp\/v2\/types\/product"}],"replies":[{"embeddable":true,"href":"https:\/\/hyko.pl\/sk\/wp-json\/wp\/v2\/comments?post=1172"}],"wp:featuredmedia":[{"embeddable":true,"href":"https:\/\/hyko.pl\/sk\/wp-json\/wp\/v2\/media\/1030"}],"wp:attachment":[{"href":"https:\/\/hyko.pl\/sk\/wp-json\/wp\/v2\/media?parent=1172"}],"wp:term":[{"taxonomy":"product_brand","embeddable":true,"href":"https:\/\/hyko.pl\/sk\/wp-json\/wp\/v2\/product_brand?post=1172"},{"taxonomy":"product_cat","embeddable":true,"href":"https:\/\/hyko.pl\/sk\/wp-json\/wp\/v2\/product_cat?post=1172"},{"taxonomy":"product_tag","embeddable":true,"href":"https:\/\/hyko.pl\/sk\/wp-json\/wp\/v2\/product_tag?post=1172"}],"curies":[{"name":"wp","href":"https:\/\/api.w.org\/{rel}","templated":true}]}}