{"id":1178,"date":"2025-02-22T12:41:36","date_gmt":"2025-02-22T12:41:36","guid":{"rendered":"https:\/\/hyko.pl\/?post_type=product&#038;p=1178"},"modified":"2025-03-18T14:44:06","modified_gmt":"2025-03-18T14:44:06","slug":"pompa-zebata-hyko-supreme-82-l-min-dwukierunkowa-porty-podlaczenia-tyl-pompy","status":"publish","type":"product","link":"https:\/\/hyko.pl\/sk\/product-2\/hyko-supreme-82-l-min-obojsmerne-cerpadlo-zebra-zadne-pripojovacie-porty\/","title":{"rendered":"Obojsmern\u00e9 zubov\u00e9 \u010derpadlo HYKO Supreme 82 l\/min (zadn\u00e9 pripojovacie otvory)"},"content":{"rendered":"<h2 data-start=\"0\" data-end=\"52\">Obojsmern\u00e9 zubov\u00e9 \u010derpadlo HYKO Supreme 82 l\/min (zadn\u00e9 pripojovacie otvory). Zmena ot\u00e1\u010dok \u010derpadla si nevy\u017eaduje mechanick\u00fd z\u00e1sah. Sta\u010d\u00ed vymeni\u0165 pripojovacie porty.<\/h2>\n<p data-start=\"0\" data-end=\"52\"><strong data-start=\"0\" data-end=\"50\">HYKO Supreme - zubov\u00e9 \u010derpadl\u00e1 najvy\u0161\u0161ej kvality<\/strong><\/p>\n<p data-start=\"54\" data-end=\"110\"> <strong data-start=\"57\" data-end=\"105\">Spo\u013eahlivos\u0165 a \u00fa\u010dinnos\u0165 za v\u0161etk\u00fdch podmienok<\/strong> <\/p>\n<p data-start=\"112\" data-end=\"475\">Zubov\u00e9 \u010derpadl\u00e1 HYKO Supreme s\u00fa synonymom odolnosti, presnosti a vynikaj\u00facej kvality kon\u0161trukcie. S\u00fa navrhnut\u00e9 na intenz\u00edvne pou\u017e\u00edvanie a zaru\u010duj\u00fa spo\u013eahlivos\u0165 v t\u00fdch najn\u00e1ro\u010dnej\u0161\u00edch prev\u00e1dzkov\u00fdch podmienkach. V\u010faka pou\u017eitiu \u0161pi\u010dkov\u00fdch materi\u00e1lov a modern\u00fdch v\u00fdrobn\u00fdch technol\u00f3gi\u00ed s\u00fa na\u0161e \u010derpadl\u00e1 ide\u00e1lnym rie\u0161en\u00edm pre ak\u00fdko\u013evek hydraulick\u00fd syst\u00e9m.<\/p>\n<p data-start=\"477\" data-end=\"682\"> <strong data-start=\"480\" data-end=\"516\">Kompatibilita a v\u0161estrannos\u0165<\/strong><br data-start=\"516\" data-end=\"519\" \/>\u010cerpadl\u00e1 HYKO Supreme sa odpor\u00fa\u010daj\u00fa pou\u017e\u00edva\u0165 so v\u0161etk\u00fdmi typmi v\u00fdvodov\u00fdch hriade\u013eov (PTO), \u010do zaru\u010duje \u0161irok\u00fa \u0161k\u00e1lu aplik\u00e1ci\u00ed a \u00fapln\u00fa kompatibilitu.<\/p>\n<p data-start=\"684\" data-end=\"949\"> <strong data-start=\"687\" data-end=\"727\">Odolnos\u0165 vo\u010di extr\u00e9mnym teplot\u00e1m<\/strong><br data-start=\"727\" data-end=\"730\" \/>\u0160tandardn\u00e9 \u010derpadl\u00e1 HYKO Supreme s\u00fa vybaven\u00e9 <strong data-start=\"777\" data-end=\"804\">dva typy tesnen\u00ed<\/strong>prisp\u00f4soben\u00e9 r\u00f4znym pracovn\u00fdm podmienkam:<br data-start=\"844\" data-end=\"847\" \/>\u2714 <strong data-start=\"849\" data-end=\"870\">Tesnenie NBR<\/strong> - odolnos\u0165 vo\u010di <strong data-start=\"886\" data-end=\"894\">80\u00b0C<\/strong><br data-start=\"894\" data-end=\"897\" \/>\u2714 <strong data-start=\"899\" data-end=\"922\">Tesnenie VITON<\/strong> - odolnos\u0165 vo\u010di <strong data-start=\"938\" data-end=\"947\" data-is-only-node=\"\">220\u00b0C<\/strong><\/p>\n<p data-start=\"951\" data-end=\"1208\">V\u010faka tomu s\u00fa \u010derpadl\u00e1 HYKO Supreme vhodn\u00e9 pre \u0161irok\u00fa \u0161k\u00e1lu aplik\u00e1ci\u00ed a n\u00e1ro\u010dn\u00fdch prev\u00e1dzkov\u00fdch prostred\u00ed. Ak potrebujete \u010derpadlo do \u0161pecifick\u00fdch podmienok, obr\u00e1\u0165te sa na na\u0161e technick\u00e9 oddelenie - vyberieme ide\u00e1lne rie\u0161enie pre va\u0161e potreby!<\/p>\n<p data-start=\"1210\" data-end=\"1567\"> <strong data-start=\"1213\" data-end=\"1251\">Dlh\u0161ia \u017eivotnos\u0165 a lep\u0161ia ochrana<\/strong><br data-start=\"1251\" data-end=\"1254\" \/>Na zabezpe\u010denie maxim\u00e1lnej \u017eivotnosti a v\u00fdkonu \u010derpadiel HYKO Supreme odpor\u00fa\u010dame pou\u017e\u00edva\u0165 <strong data-start=\"1337\" data-end=\"1364\">Sp\u00e4tn\u00e1 filtr\u00e1cia 25 \u03bcm<\/strong>\u010do v\u00fdrazne predl\u017euje \u017eivotnos\u0165 jednotky a zlep\u0161uje jej v\u00fdkon. Udr\u017eiavanie \u010distoty oleja na <strong data-start=\"1476\" data-end=\"1500\">ISO 4406 trieda 19\/16<\/strong> minimalizuje riziko poruchy a predl\u017euje \u017eivotnos\u0165 \u010derpadla.<\/p>\n<p data-start=\"1569\" data-end=\"1838\"> <strong data-start=\"1572\" data-end=\"1629\">Sk\u00fa\u0161ky odolnosti proti kor\u00f3zii - z\u00e1ruka trvanlivosti<\/strong><br data-start=\"1629\" data-end=\"1632\" \/>\u010cerpadl\u00e1 HYKO Supreme prech\u00e1dzaj\u00fa pr\u00edsnymi testami odolnosti proti kor\u00f3zii. <strong data-start=\"1705\" data-end=\"1762\">Sk\u00fa\u0161ka so\u013enou hmlou pod\u013ea normy ASTM B117 v trvan\u00ed minim\u00e1lne 300 hod\u00edn<\/strong> zaru\u010duje ich dlh\u00fa \u017eivotnos\u0165 aj v n\u00e1ro\u010dn\u00fdch poveternostn\u00fdch podmienkach.<\/p>\n<p data-start=\"1840\" data-end=\"2096\">\u2699 <strong data-start=\"1842\" data-end=\"1897\">HYKO Supreme - technol\u00f3gia, na ktor\u00fa sa m\u00f4\u017eete spo\u013eahn\u00fa\u0165!<\/strong><br data-start=\"1897\" data-end=\"1900\" \/>Ke\u010f si vyberiete zubov\u00e9 \u010derpadl\u00e1 HYKO Supreme, investujete do osved\u010den\u00fdch, odoln\u00fdch a \u00fa\u010dinn\u00fdch rie\u0161en\u00ed. Na\u0161e v\u00fdrobky boli vyvinut\u00e9 pre pou\u017e\u00edvate\u013eov, ktor\u00ed o\u010dak\u00e1vaj\u00fa najvy\u0161\u0161iu kvalitu a spo\u013eahlivos\u0165.<\/p>\n<p data-start=\"2098\" data-end=\"2222\" data-is-last-node=\"\" data-is-only-node=\"\"> <strong data-start=\"2101\" data-end=\"2219\">Pozrite si n\u00e1\u0161 sortiment a zistite, pre\u010do je HYKO Supreme najlep\u0161ou vo\u013ebou pre v\u00e1\u0161 hydraulick\u00fd syst\u00e9m!<\/strong> <\/p>\n<h3>HYKO - po\u013esk\u00e1 zna\u010dka pre n\u00e1ro\u010dn\u00fdch \u013eud\u00ed!<\/h3>\n<p>HYKO je po\u013esk\u00e1 zna\u010dka vytvoren\u00e1 pre t\u00fdch, ktor\u00ed h\u013eadaj\u00fa najlep\u0161ie rie\u0161enia za rozumn\u00fa cenu. Na\u0161ou prioritou je kombin\u00e1cia kvality a funk\u010dnosti, ktor\u00e1 je sk\u00f4r \u0161tandardom ako luxusom.<br \/>\nV\u010faka viac ako 25 rokom sk\u00fasenost\u00ed v tomto odvetv\u00ed pon\u00fakame najmodernej\u0161ie produkty, ktor\u00e9 sp\u013a\u0148aj\u00fa o\u010dak\u00e1vania aj t\u00fdch najn\u00e1ro\u010dnej\u0161\u00edch z\u00e1kazn\u00edkov. Ka\u017ed\u00fd n\u00e1\u0161 v\u00fdrobok je v\u00fdsledkom starostlivo vybran\u00fdch komponentov a prec\u00edznej kontroly kvality.<br \/>\n\u010c\u00edm sa spolo\u010dnos\u0165 HYKO odli\u0161uje?<br \/>\n \u0160pi\u010dkov\u00e1 kvalita: Starostlivo vybran\u00e9 komponenty od najlep\u0161\u00edch eur\u00f3pskych, indick\u00fdch a \u010d\u00ednskych dod\u00e1vate\u013eov.<br \/>\n\u2696\ufe0f Spravodliv\u00e1 cena: Plat\u00edte za skuto\u010dn\u00fa kvalitu, nie za zna\u010dku na \u0161t\u00edtku.<br \/>\n\u2705 Spo\u013eahlivos\u0165: na\u0161e v\u00fdrobky presahuj\u00fa normy a zaru\u010duj\u00fa dlhodob\u00fa a bezprobl\u00e9mov\u00fa prev\u00e1dzku.<br \/>\nPre\u010do si vybra\u0165 HYKO?<br \/>\nNajv\u00e4\u010d\u0161ie a najrenomovanej\u0161ie zna\u010dky u\u017e roky pou\u017e\u00edvaj\u00fa rie\u0161enia od \u010d\u00ednskych, indick\u00fdch a eur\u00f3pskych v\u00fdrobcov, ktor\u00e9 pou\u017e\u00edvame aj my. V\u010faka kontrolovan\u00fdm v\u00fdrobn\u00fdm procesom s\u00fa na\u0161e komponenty spo\u013eahliv\u00e9 aj v t\u00fdch najn\u00e1ro\u010dnej\u0161\u00edch podmienkach.<br \/>\nV\u00fdroba komponentov z Indie a \u010c\u00edny - spo\u013eahliv\u00e1 kvalita za dobr\u00fa cenu - neplat\u00edte za zna\u010dku na \u0161t\u00edtku v\u00fdrobku!<br \/>\nNa\u0161e komponenty z\u00edskavame nielen z Eur\u00f3py, ale aj od renomovan\u00fdch dod\u00e1vate\u013eov v Indii a \u010c\u00edne. V\u00fdrobn\u00e9 procesy v t\u00fdchto krajin\u00e1ch s\u00fa starostlivo monitorovan\u00e9 a kvalita komponentov \u010dasto prevy\u0161uje eur\u00f3pske normy. Spolupracujeme len so spolo\u010dnos\u0165ami, ktor\u00e9 zaru\u010duj\u00fa najvy\u0161\u0161iu kvalitu a inovat\u00edvne technol\u00f3gie. To n\u00e1m umo\u017e\u0148uje pon\u00faka\u0165 v\u00fdrobky za konkurencieschopn\u00e9 ceny pri zachovan\u00ed najvy\u0161\u0161\u00edch parametrov spo\u013eahlivosti a \u017eivotnosti.<br \/>\n Kvalita a funk\u010dnos\u0165 za primeran\u00e9 peniaze!<br \/>\nV spolo\u010dnosti HYKO ver\u00edme, \u017ee je mo\u017en\u00e9 dod\u00e1va\u0165 spo\u013eahliv\u00e9 v\u00fdrobky bez kompromisov. Na\u0161e rie\u0161enia s\u00fa invest\u00edciou do v\u00fdkonu, spo\u013eahlivosti a spokojnosti na dlh\u00e9 roky.<br \/>\nKontaktujte n\u00e1s e\u0161te dnes a zistite, ako m\u00f4\u017ee HYKO zlep\u0161i\u0165 va\u0161u pr\u00e1cu! \u2728<\/p>","protected":false},"excerpt":{"rendered":"<p data-start=\"0\" data-end=\"52\"><strong data-start=\"0\" data-end=\"50\">HYKO Supreme - zubov\u00e9 \u010derpadl\u00e1 najvy\u0161\u0161ej kvality<\/strong> <strong data-start=\"57\" data-end=\"105\">Spo\u013eahlivos\u0165 a \u00fa\u010dinnos\u0165 za v\u0161etk\u00fdch podmienok<\/strong> Zubov\u00e9 \u010derpadl\u00e1 HYKO Supreme s\u00fa synonymom odolnosti, presnosti a vynikaj\u00facej kvality kon\u0161trukcie. S\u00fa navrhnut\u00e9 na intenz\u00edvne pou\u017e\u00edvanie a zaru\u010duj\u00fa spo\u013eahlivos\u0165 v t\u00fdch najn\u00e1ro\u010dnej\u0161\u00edch prev\u00e1dzkov\u00fdch podmienkach. V\u010faka pou\u017eitiu \u0161pi\u010dkov\u00fdch materi\u00e1lov a modern\u00fdch v\u00fdrobn\u00fdch technol\u00f3gi\u00ed s\u00fa na\u0161e \u010derpadl\u00e1 ide\u00e1lnym rie\u0161en\u00edm pre ak\u00fdko\u013evek hydraulick\u00fd syst\u00e9m.<\/p>","protected":false},"featured_media":1175,"comment_status":"open","ping_status":"closed","template":"","meta":{"_acf_changed":false},"product_brand":[],"product_cat":[32],"product_tag":[],"class_list":{"0":"post-1178","1":"product","2":"type-product","3":"status-publish","4":"has-post-thumbnail","6":"product_cat-pompy-zebate","8":"first","9":"instock","10":"taxable","11":"shipping-taxable","12":"purchasable","13":"product-type-simple"},"acf":[],"_links":{"self":[{"href":"https:\/\/hyko.pl\/sk\/wp-json\/wp\/v2\/product\/1178","targetHints":{"allow":["GET"]}}],"collection":[{"href":"https:\/\/hyko.pl\/sk\/wp-json\/wp\/v2\/product"}],"about":[{"href":"https:\/\/hyko.pl\/sk\/wp-json\/wp\/v2\/types\/product"}],"replies":[{"embeddable":true,"href":"https:\/\/hyko.pl\/sk\/wp-json\/wp\/v2\/comments?post=1178"}],"wp:featuredmedia":[{"embeddable":true,"href":"https:\/\/hyko.pl\/sk\/wp-json\/wp\/v2\/media\/1175"}],"wp:attachment":[{"href":"https:\/\/hyko.pl\/sk\/wp-json\/wp\/v2\/media?parent=1178"}],"wp:term":[{"taxonomy":"product_brand","embeddable":true,"href":"https:\/\/hyko.pl\/sk\/wp-json\/wp\/v2\/product_brand?post=1178"},{"taxonomy":"product_cat","embeddable":true,"href":"https:\/\/hyko.pl\/sk\/wp-json\/wp\/v2\/product_cat?post=1178"},{"taxonomy":"product_tag","embeddable":true,"href":"https:\/\/hyko.pl\/sk\/wp-json\/wp\/v2\/product_tag?post=1178"}],"curies":[{"name":"wp","href":"https:\/\/api.w.org\/{rel}","templated":true}]}}