{"id":1182,"date":"2025-02-23T10:30:49","date_gmt":"2025-02-23T10:30:49","guid":{"rendered":"https:\/\/hyko.pl\/?post_type=product&#038;p=1182"},"modified":"2025-03-01T07:24:40","modified_gmt":"2025-03-01T07:24:40","slug":"pompa-zebata-hyko-supreme-eco-65-l-min-dwukierunkowa-porty-podlaczenia-tyl-pompy","status":"publish","type":"product","link":"https:\/\/hyko.pl\/sk\/product-2\/cerpadlo-zebra-hyko-supreme-eco-65-l-min-obojsmerne-zadne-pripojky\/","title":{"rendered":"Obojsmern\u00e9 zubov\u00e9 \u010derpadlo HYKO Supreme ECO 65 l\/min (zadn\u00e9 pripojovacie otvory)"},"content":{"rendered":"<h2 data-start=\"0\" data-end=\"52\">Obojsmern\u00e9 zubov\u00e9 \u010derpadlo HYKO Supreme ECO 65 l\/min (zadn\u00e9 pripojovacie otvory). Zmena ot\u00e1\u010dok \u010derpadla si nevy\u017eaduje mechanick\u00fd z\u00e1sah. Sta\u010d\u00ed vymeni\u0165 pripojovacie porty.<\/h2>\n<p data-start=\"0\" data-end=\"62\"><strong data-start=\"0\" data-end=\"60\">HYKO Supreme - zubov\u00e9 \u010derpadl\u00e1 pre najn\u00e1ro\u010dnej\u0161\u00edch z\u00e1kazn\u00edkov<\/strong><\/p>\n<p data-start=\"64\" data-end=\"107\">\ud83d\udd27 <strong data-start=\"67\" data-end=\"102\">Maxim\u00e1lny v\u00fdkon a \u017eivotnos\u0165<\/strong> \ud83d\udd27<\/p>\n<p data-start=\"109\" data-end=\"453\">Zubov\u00e9 \u010derpadl\u00e1 HYKO Supreme s\u00fa synonymom spo\u013eahlivosti a \u0161pi\u010dkovej kvality spracovania. S\u00fa navrhnut\u00e9 na dlh\u00fa a bezprobl\u00e9mov\u00fa prev\u00e1dzku a funguj\u00fa aj v t\u00fdch najn\u00e1ro\u010dnej\u0161\u00edch prev\u00e1dzkov\u00fdch podmienkach. V\u010faka modern\u00fdm technologick\u00fdm rie\u0161eniam zabezpe\u010duj\u00fa maxim\u00e1lnu \u00fa\u010dinnos\u0165 a bezprobl\u00e9mov\u00fa prev\u00e1dzku v hydraulick\u00fdch syst\u00e9moch.<\/p>\n<p data-start=\"455\" data-end=\"682\">\ud83d\udcaa <strong data-start=\"458\" data-end=\"500\">Kompatibilita a \u0161irok\u00e1 \u0161k\u00e1la aplik\u00e1ci\u00ed<\/strong><\/p>\n<p data-start=\"0\" data-end=\"245\">\u010cerpadl\u00e1 HYKO Supreme radu ECO sa odpor\u00fa\u010daj\u00fa pou\u017e\u00edva\u0165 s koaxi\u00e1lnymi lo\u017eiskami PTO (Co-Axial PTO), \u010do zaru\u010duje ich v\u00fdnimo\u010dn\u00fa \u00fa\u010dinnos\u0165 a spo\u013eahlivos\u0165 v najr\u00f4znej\u0161\u00edch aplik\u00e1ci\u00e1ch. S\u00e9ria ECO tie\u017e znamen\u00e1 \u00fasporu u\u017e od f\u00e1zy n\u00e1kupu! Pri v\u00fdbere spr\u00e1vneho rie\u0161enia treba venova\u0165 osobitn\u00fa pozornos\u0165 kr\u00fatiacemu momentu pr\u00eddavn\u00e9ho zariadenia a jeho kon\u0161trukcii. \u010cerpadl\u00e1 tohto radu s\u00fa zvy\u010dajne kompatibiln\u00e9 s pr\u00eddavn\u00fdmi zariadeniami s vysok\u00fdm kr\u00fatiacim momentom, \u010do zaru\u010duje optim\u00e1lny v\u00fdkon a odolnos\u0165 v n\u00e1ro\u010dn\u00fdch prev\u00e1dzkov\u00fdch podmienkach.<\/p>\n<p data-start=\"684\" data-end=\"976\">\ud83d\udd25 <strong data-start=\"687\" data-end=\"727\">Odolnos\u0165 vo\u010di extr\u00e9mnym teplot\u00e1m<\/strong><br data-start=\"727\" data-end=\"730\" \/>\u0160tandardn\u00e9 \u010derpadl\u00e1 HYKO Supreme s\u00fa vybaven\u00e9 <strong data-start=\"782\" data-end=\"809\">dva typy tesnen\u00ed<\/strong>ktor\u00e9 zaru\u010duj\u00fa vynikaj\u00faci v\u00fdkon v \u0161irokom rozsahu podmienok:<br data-start=\"871\" data-end=\"874\" \/>\u2714 <strong data-start=\"876\" data-end=\"897\">Tesnenie NBR<\/strong> - odolnos\u0165 vo\u010di <strong data-start=\"913\" data-end=\"921\">80\u00b0C<\/strong><br data-start=\"921\" data-end=\"924\" \/>\u2714 <strong data-start=\"926\" data-end=\"949\">Tesnenie VITON<\/strong> - odolnos\u0165 vo\u010di <strong data-start=\"965\" data-end=\"974\" data-is-only-node=\"\">220\u00b0C<\/strong><\/p>\n<p data-start=\"978\" data-end=\"1131\">Ak m\u00e1te \u0161pecifick\u00e9 po\u017eiadavky na pr\u00e1cu v in\u00fdch podmienkach, obr\u00e1\u0165te sa na na\u0161e technick\u00e9 oddelenie - pom\u00f4\u017eeme v\u00e1m n\u00e1js\u0165 ide\u00e1lne rie\u0161enie!<\/p>\n<p data-start=\"1133\" data-end=\"1510\">\ud83d\udee0 <strong data-start=\"1136\" data-end=\"1178\">Dlh\u0161ia \u017eivotnos\u0165 a spo\u013eahliv\u00e1 ochrana<\/strong><br data-start=\"1178\" data-end=\"1181\" \/>Na zabezpe\u010denie maxim\u00e1lnej \u017eivotnosti a v\u00fdkonu \u010derpadiel HYKO Supreme odpor\u00fa\u010dame pou\u017e\u00edva\u0165 <strong data-start=\"1265\" data-end=\"1292\">Sp\u00e4tn\u00e1 filtr\u00e1cia 25 \u03bcm<\/strong>\u010do v\u00fdrazne predl\u017euje \u017eivotnos\u0165 jednotky a zvy\u0161uje jej \u00fa\u010dinnos\u0165. Udr\u017eiavanie \u010distoty oleja na <strong data-start=\"1406\" data-end=\"1430\">ISO 4406 trieda 19\/16<\/strong> minimalizuje riziko poruchy a zabezpe\u010duje dlh\u0161iu \u017eivotnos\u0165 \u010derpadla.<\/p>\n<p data-start=\"1512\" data-end=\"1784\">\ud83c\udf0a <strong data-start=\"1515\" data-end=\"1567\">Odolnos\u0165 proti kor\u00f3zii - z\u00e1ruka dlhej \u017eivotnosti<\/strong><br data-start=\"1567\" data-end=\"1570\" \/>\u010cerpadl\u00e1 HYKO Supreme prech\u00e1dzaj\u00fa pr\u00edsnymi testami odolnosti proti kor\u00f3zii. <strong data-start=\"1643\" data-end=\"1700\">Sk\u00fa\u0161ka so\u013enou hmlou pod\u013ea normy ASTM B117 v trvan\u00ed minim\u00e1lne 300 hod\u00edn<\/strong> zabezpe\u010duje ich odolnos\u0165 vo\u010di nepriazniv\u00fdm poveternostn\u00fdm podmienkam a predl\u017euje ich \u017eivotnos\u0165.<\/p>\n<p data-start=\"1786\" data-end=\"2097\">\u2699 <strong data-start=\"1788\" data-end=\"1843\">HYKO Supreme - technol\u00f3gia, na ktor\u00fa sa m\u00f4\u017eete spo\u013eahn\u00fa\u0165!<\/strong><br data-start=\"1843\" data-end=\"1846\" \/>Ke\u010f si vyberiete zubov\u00e9 \u010derpadl\u00e1 HYKO Supreme, vyber\u00e1te si v\u00fdrobky vytvoren\u00e9 pre profesion\u00e1lov, ktor\u00ed o\u010dak\u00e1vaj\u00fa najvy\u0161\u0161iu kvalitu a spo\u013eahlivos\u0165. S\u00fa to inovat\u00edvne rie\u0161enia, ktor\u00e9 zaru\u010duj\u00fa stabiln\u00fa a efekt\u00edvnu prev\u00e1dzku v ka\u017edom hydraulickom syst\u00e9me.<\/p>\n<p data-start=\"2099\" data-end=\"2222\" data-is-last-node=\"\" data-is-only-node=\"\">\ud83d\udc49 <strong data-start=\"2102\" data-end=\"2219\">Pozrite si n\u00e1\u0161 sortiment a zistite, pre\u010do je HYKO Supreme najlep\u0161ou vo\u013ebou pre v\u00e1\u0161 hydraulick\u00fd syst\u00e9m!<\/strong> \ud83d\udcaf<\/p>\n<h3>HYKO - po\u013esk\u00e1 zna\u010dka pre n\u00e1ro\u010dn\u00fdch \u013eud\u00ed!<\/h3>\n<p>HYKO je po\u013esk\u00e1 zna\u010dka vytvoren\u00e1 pre t\u00fdch, ktor\u00ed h\u013eadaj\u00fa najlep\u0161ie rie\u0161enia za rozumn\u00fa cenu. Na\u0161ou prioritou je spoji\u0165 kvalitu a funk\u010dnos\u0165, ktor\u00e1 je \u0161tandardom, nie luxusom. \ud83d\udca1<br \/>\nV\u010faka viac ako 25 rokom sk\u00fasenost\u00ed v tomto odvetv\u00ed pon\u00fakame najmodernej\u0161ie produkty, ktor\u00e9 sp\u013a\u0148aj\u00fa o\u010dak\u00e1vania aj t\u00fdch najn\u00e1ro\u010dnej\u0161\u00edch z\u00e1kazn\u00edkov. Ka\u017ed\u00fd n\u00e1\u0161 v\u00fdrobok je v\u00fdsledkom starostlivo vybran\u00fdch komponentov a prec\u00edznej kontroly kvality.<br \/>\n\u010c\u00edm sa spolo\u010dnos\u0165 HYKO odli\u0161uje?<br \/>\n\ud83c\udf1f \u0160pi\u010dkov\u00e1 kvalita: starostlivo vybran\u00e9 komponenty od najlep\u0161\u00edch eur\u00f3pskych, indick\u00fdch a \u010d\u00ednskych dod\u00e1vate\u013eov.<br \/>\n\u2696\ufe0f Spravodliv\u00e1 cena: Plat\u00edte za skuto\u010dn\u00fa kvalitu, nie za zna\u010dku na \u0161t\u00edtku.<br \/>\n\u2705 Spo\u013eahlivos\u0165: na\u0161e v\u00fdrobky presahuj\u00fa normy a zaru\u010duj\u00fa dlhodob\u00fa a bezprobl\u00e9mov\u00fa prev\u00e1dzku.<br \/>\nPre\u010do si vybra\u0165 HYKO?<br \/>\nNajv\u00e4\u010d\u0161ie a najrenomovanej\u0161ie zna\u010dky u\u017e roky pou\u017e\u00edvaj\u00fa rie\u0161enia od \u010d\u00ednskych, indick\u00fdch a eur\u00f3pskych v\u00fdrobcov, ktor\u00e9 pou\u017e\u00edvame aj my. V\u010faka kontrolovan\u00fdm v\u00fdrobn\u00fdm procesom s\u00fa na\u0161e komponenty spo\u013eahliv\u00e9 aj v t\u00fdch najn\u00e1ro\u010dnej\u0161\u00edch podmienkach.<br \/>\nV\u00fdroba komponentov z Indie a \u010c\u00edny - spo\u013eahliv\u00e1 kvalita za dobr\u00fa cenu - neplat\u00edte za zna\u010dku na \u0161t\u00edtku v\u00fdrobku!<br \/>\nNa\u0161e komponenty z\u00edskavame nielen z Eur\u00f3py, ale aj od renomovan\u00fdch dod\u00e1vate\u013eov v Indii a \u010c\u00edne. V\u00fdrobn\u00e9 procesy v t\u00fdchto krajin\u00e1ch s\u00fa starostlivo monitorovan\u00e9 a kvalita komponentov \u010dasto prevy\u0161uje eur\u00f3pske normy. Spolupracujeme len so spolo\u010dnos\u0165ami, ktor\u00e9 zaru\u010duj\u00fa najvy\u0161\u0161iu kvalitu a inovat\u00edvne technol\u00f3gie. To n\u00e1m umo\u017e\u0148uje pon\u00faka\u0165 v\u00fdrobky za konkurencieschopn\u00e9 ceny pri zachovan\u00ed najvy\u0161\u0161\u00edch parametrov spo\u013eahlivosti a \u017eivotnosti.<br \/>\n\ud83d\udcaa Kvalita a funk\u010dnos\u0165 za primeran\u00e9 peniaze!<br \/>\nV spolo\u010dnosti HYKO ver\u00edme, \u017ee je mo\u017en\u00e9 dod\u00e1va\u0165 spo\u013eahliv\u00e9 v\u00fdrobky bez kompromisov. Na\u0161e rie\u0161enia s\u00fa invest\u00edciou do v\u00fdkonu, spo\u013eahlivosti a spokojnosti na dlh\u00e9 roky.<br \/>\nKontaktujte n\u00e1s e\u0161te dnes a zistite, ako m\u00f4\u017ee HYKO zlep\u0161i\u0165 va\u0161u pr\u00e1cu! \u2728<\/p>","protected":false},"excerpt":{"rendered":"<p data-start=\"0\" data-end=\"52\"><strong data-start=\"0\" data-end=\"50\">HYKO Supreme - zubov\u00e9 \u010derpadl\u00e1 najvy\u0161\u0161ej kvality<\/strong>\ud83d\udd27 <strong data-start=\"57\" data-end=\"105\">Spo\u013eahlivos\u0165 a \u00fa\u010dinnos\u0165 za v\u0161etk\u00fdch podmienok<\/strong> \ud83d\udd27 Zubov\u00e9 \u010derpadl\u00e1 HYKO Supreme s\u00fa synonymom odolnosti, presnosti a vynikaj\u00facej kvality vyhotovenia. S\u00fa navrhnut\u00e9 na intenz\u00edvnu prev\u00e1dzku a zaru\u010duj\u00fa spo\u013eahlivos\u0165 v t\u00fdch najn\u00e1ro\u010dnej\u0161\u00edch prev\u00e1dzkov\u00fdch podmienkach. V\u010faka pou\u017eitiu \u0161pi\u010dkov\u00fdch materi\u00e1lov a modern\u00fdch v\u00fdrobn\u00fdch technol\u00f3gi\u00ed s\u00fa na\u0161e \u010derpadl\u00e1 ide\u00e1lnym rie\u0161en\u00edm pre ak\u00fdko\u013evek hydraulick\u00fd syst\u00e9m.<\/p>","protected":false},"featured_media":1175,"comment_status":"open","ping_status":"closed","template":"","meta":{"_acf_changed":false},"product_brand":[],"product_cat":[32],"product_tag":[],"class_list":{"0":"post-1182","1":"product","2":"type-product","3":"status-publish","4":"has-post-thumbnail","6":"product_cat-pompy-zebate","8":"first","9":"instock","10":"taxable","11":"shipping-taxable","12":"purchasable","13":"product-type-simple"},"acf":[],"_links":{"self":[{"href":"https:\/\/hyko.pl\/sk\/wp-json\/wp\/v2\/product\/1182","targetHints":{"allow":["GET"]}}],"collection":[{"href":"https:\/\/hyko.pl\/sk\/wp-json\/wp\/v2\/product"}],"about":[{"href":"https:\/\/hyko.pl\/sk\/wp-json\/wp\/v2\/types\/product"}],"replies":[{"embeddable":true,"href":"https:\/\/hyko.pl\/sk\/wp-json\/wp\/v2\/comments?post=1182"}],"wp:featuredmedia":[{"embeddable":true,"href":"https:\/\/hyko.pl\/sk\/wp-json\/wp\/v2\/media\/1175"}],"wp:attachment":[{"href":"https:\/\/hyko.pl\/sk\/wp-json\/wp\/v2\/media?parent=1182"}],"wp:term":[{"taxonomy":"product_brand","embeddable":true,"href":"https:\/\/hyko.pl\/sk\/wp-json\/wp\/v2\/product_brand?post=1182"},{"taxonomy":"product_cat","embeddable":true,"href":"https:\/\/hyko.pl\/sk\/wp-json\/wp\/v2\/product_cat?post=1182"},{"taxonomy":"product_tag","embeddable":true,"href":"https:\/\/hyko.pl\/sk\/wp-json\/wp\/v2\/product_tag?post=1182"}],"curies":[{"name":"wp","href":"https:\/\/api.w.org\/{rel}","templated":true}]}}