{"id":1429,"date":"2025-03-01T12:22:05","date_gmt":"2025-03-01T12:22:05","guid":{"rendered":"https:\/\/hyko.pl\/?post_type=product&#038;p=1429"},"modified":"2025-07-07T05:37:14","modified_gmt":"2025-07-07T05:37:14","slug":"zbiornik-oleju-hydraulicznego-80-litrow-stalowy-do-montazu-za-kabina","status":"publish","type":"product","link":"https:\/\/hyko.pl\/sk\/product-2\/80-litrova-ocelova-nadrz-na-hydraulicky-olej-na-montaz-za-kabinu\/","title":{"rendered":"N\u00e1dr\u017e na hydraulick\u00fd olej 87 litrov z ocele na mont\u00e1\u017e za kab\u00ednu"},"content":{"rendered":"<h2 data-start=\"0\" data-end=\"70\">N\u00e1dr\u017e na hydraulick\u00fd olej 87 litrov z ocele na mont\u00e1\u017e za kab\u00ednu<\/h2>\n<h3 data-start=\"0\" data-end=\"70\"><strong data-start=\"4\" data-end=\"68\">HYKO Supreme - N\u00e1dr\u017ee na hydraulick\u00fd olej pre n\u00e1kladn\u00e9 vozidl\u00e1<\/strong><\/h3>\n<p data-start=\"72\" data-end=\"153\"><strong data-start=\"75\" data-end=\"148\">Trvanlivos\u0165 a spo\u013eahlivos\u0165 - n\u00e1dr\u017ee na hydraulick\u00fd olej HYKO Supreme<\/strong><\/p>\n<p data-start=\"155\" data-end=\"545\">N\u00e1dr\u017ee na hydraulick\u00fd olej <strong data-start=\"186\" data-end=\"202\">HYKO Supreme<\/strong> s\u00fa robustn\u00fdm a odoln\u00fdm rie\u0161en\u00edm pre \u0165a\u017ekoton\u00e1\u017ene vozidl\u00e1, ktor\u00e9 si vy\u017eaduj\u00fa spo\u013eahliv\u00e9 hydraulick\u00e9 komponenty. Vyr\u00e1baj\u00fa sa z hlin\u00edka alebo ocele a poskytuj\u00fa dlh\u00fa \u017eivotnos\u0165 a odolnos\u0165 vo\u010di n\u00e1ro\u010dn\u00fdm prev\u00e1dzkov\u00fdm podmienkam. V\u010faka \u0161irok\u00e9mu rozsahu kapac\u00edt a rozmerov ich mo\u017eno prisp\u00f4sobi\u0165 individu\u00e1lnym potreb\u00e1m pou\u017e\u00edvate\u013ea.<\/p>\n<p data-start=\"547\" data-end=\"848\"><strong data-start=\"550\" data-end=\"587\">Prisp\u00f4soben\u00e9 r\u00f4znym aplik\u00e1ci\u00e1m<\/strong><br data-start=\"587\" data-end=\"590\" \/>\u2714 Schopnos\u0165 vyr\u00e1ba\u0165 n\u00e1dr\u017ee s <strong data-start=\"625\" data-end=\"660\">ak\u00e1ko\u013evek kapacita a rozmery<\/strong><br data-start=\"660\" data-end=\"663\" \/>\u2714 <strong data-start=\"665\" data-end=\"696\">Vysok\u00e1 v\u00fdrobn\u00e1 kapacita<\/strong>umo\u017e\u0148uje spracov\u00e1va\u0165 ve\u013ek\u00e9 objemy objedn\u00e1vok.<br data-start=\"750\" data-end=\"753\" \/>\u2714 Ka\u017ed\u00e1 n\u00e1dr\u017e sa dod\u00e1va s <strong data-start=\"789\" data-end=\"846\">kompletn\u00e1 mont\u00e1\u017ena s\u00faprava a n\u00e1hradn\u00e9 diely<\/strong><\/p>\n<h3 data-start=\"850\" data-end=\"926\"><strong data-start=\"854\" data-end=\"924\">Pre\u010do si vybra\u0165 hydraulick\u00e9 olejov\u00e9 n\u00e1dr\u017ee HYKO Supreme?<\/strong><\/h3>\n<p data-start=\"928\" data-end=\"1219\">\u2699 <strong data-start=\"930\" data-end=\"987\">\u013dahk\u00e9 a odoln\u00e9 proti kor\u00f3zii - hlin\u00edkov\u00e9 n\u00e1dr\u017ee<\/strong><br data-start=\"987\" data-end=\"990\" \/>\u2714 <strong data-start=\"992\" data-end=\"1070\">Odpor\u00fa\u010da sa pre vozidl\u00e1 prev\u00e1dzkovan\u00e9 v nepriazniv\u00fdch poveternostn\u00fdch podmienkach<\/strong>kde je rozhoduj\u00faca odolnos\u0165 proti kor\u00f3zii<br data-start=\"1120\" data-end=\"1123\" \/>\u2714 <strong data-start=\"1125\" data-end=\"1148\">\u013dah\u0161\u00ed dizajn<\/strong>\u010do zni\u017euje hmotnos\u0165 vozidla a zlep\u0161uje jeho palivov\u00fa \u00faspornos\u0165.<\/p>\n<p data-start=\"1221\" data-end=\"1470\"><strong data-start=\"1224\" data-end=\"1272\">Odolnos\u0165 a robustnos\u0165 - oce\u013eov\u00e9 n\u00e1dr\u017ee<\/strong><br data-start=\"1272\" data-end=\"1275\" \/>\u2714 <strong data-start=\"1277\" data-end=\"1358\">Ide\u00e1lne pre vozidl\u00e1 jazdiace po \u0161trkov\u00fdch cest\u00e1ch a v horskom ter\u00e9ne<\/strong><br data-start=\"1358\" data-end=\"1361\" \/>\u2714 Vyroben\u00e9 z <strong data-start=\"1374\" data-end=\"1406\">vysokokvalitn\u00e1 oce\u013e ST-37<\/strong>\u010do zvy\u0161uje odolnos\u0165 vo\u010di n\u00e1razom a intenz\u00edvnemu pou\u017e\u00edvaniu<\/p>\n<p data-start=\"1472\" data-end=\"1757\"><strong data-start=\"1475\" data-end=\"1510\">Maxim\u00e1lna \u017eivotnos\u0165 komponentov<\/strong><br data-start=\"1510\" data-end=\"1513\" \/>\u2714 <strong data-start=\"1515\" data-end=\"1562\">Upev\u0148ovacie p\u00e1sky z nehrdzavej\u00facej ocele alebo fosf\u00e1tovanej ocele a lakovan\u00e9<\/strong>\u010do zaru\u010duje ich dlh\u00fa \u017eivotnos\u0165 a odolnos\u0165 vo\u010di vonkaj\u0161\u00edm faktorom.<br data-start=\"1629\" data-end=\"1632\" \/>\u2714 <strong data-start=\"1634\" data-end=\"1666\">Zosilnen\u00e9 mont\u00e1\u017ene konzoly<\/strong> vyroben\u00e9 z ocele ST-37, ktor\u00e1 zaru\u010duje stabilitu n\u00e1dr\u017ee a jej bezpe\u010dn\u00e9 pou\u017e\u00edvanie<\/p>\n<p data-start=\"2057\" data-end=\"2383\" data-is-last-node=\"\" data-is-only-node=\"\"><strong data-start=\"2060\" data-end=\"2116\">HYKO Supreme - odolnos\u0165 a kvalita, ktor\u00e1 sa oplat\u00ed<\/strong><br data-start=\"2116\" data-end=\"2119\" \/>N\u00e1dr\u017ee na hydraulick\u00fd olej HYKO Supreme s\u00fa synonymom <strong data-start=\"2174\" data-end=\"2219\">robustnos\u0165, pevnos\u0165 a spo\u013eahlivos\u0165<\/strong>. V\u010faka starostlivo vybran\u00fdm materi\u00e1lom a prec\u00edznemu spracovaniu s\u00fa ide\u00e1lnym rie\u0161en\u00edm pre profesion\u00e1lne hydraulick\u00e9 syst\u00e9my n\u00e1kladn\u00fdch vozidiel.<\/p>\n<h3>HYKO - po\u013esk\u00e1 zna\u010dka pre n\u00e1ro\u010dn\u00fdch \u013eud\u00ed!<\/h3>\n<p>HYKO je po\u013esk\u00e1 zna\u010dka vytvoren\u00e1 pre t\u00fdch, ktor\u00ed h\u013eadaj\u00fa najlep\u0161ie rie\u0161enia za rozumn\u00fa cenu. Na\u0161ou prioritou je kombin\u00e1cia kvality a funk\u010dnosti, ktor\u00e1 je sk\u00f4r \u0161tandardom ako luxusom.<br \/>\nV\u010faka viac ako 25 rokom sk\u00fasenost\u00ed v tomto odvetv\u00ed pon\u00fakame najmodernej\u0161ie produkty, ktor\u00e9 sp\u013a\u0148aj\u00fa o\u010dak\u00e1vania aj t\u00fdch najn\u00e1ro\u010dnej\u0161\u00edch z\u00e1kazn\u00edkov. Ka\u017ed\u00fd n\u00e1\u0161 v\u00fdrobok je v\u00fdsledkom starostlivo vybran\u00fdch komponentov a prec\u00edznej kontroly kvality.<br \/>\n\u010c\u00edm sa spolo\u010dnos\u0165 HYKO odli\u0161uje?<br \/>\n\u0160pi\u010dkov\u00e1 kvalita: Starostlivo vybran\u00e9 komponenty od najlep\u0161\u00edch eur\u00f3pskych, indick\u00fdch a \u010d\u00ednskych dod\u00e1vate\u013eov.<br \/>\n\u2696\ufe0f Spravodliv\u00e1 cena: Plat\u00edte za skuto\u010dn\u00fa kvalitu, nie za zna\u010dku na \u0161t\u00edtku.<br \/>\n\u2705 Spo\u013eahlivos\u0165: na\u0161e v\u00fdrobky presahuj\u00fa normy a zaru\u010duj\u00fa dlhodob\u00fa a bezprobl\u00e9mov\u00fa prev\u00e1dzku.<br \/>\nPre\u010do si vybra\u0165 HYKO?<br \/>\nNajv\u00e4\u010d\u0161ie a najrenomovanej\u0161ie zna\u010dky u\u017e roky pou\u017e\u00edvaj\u00fa rie\u0161enia od \u010d\u00ednskych, indick\u00fdch a eur\u00f3pskych v\u00fdrobcov, ktor\u00e9 pou\u017e\u00edvame aj my. V\u010faka kontrolovan\u00fdm v\u00fdrobn\u00fdm procesom s\u00fa na\u0161e komponenty spo\u013eahliv\u00e9 aj v t\u00fdch najn\u00e1ro\u010dnej\u0161\u00edch podmienkach.<br \/>\nV\u00fdroba komponentov z Indie a \u010c\u00edny - spo\u013eahliv\u00e1 kvalita za dobr\u00fa cenu - neplat\u00edte za zna\u010dku na \u0161t\u00edtku v\u00fdrobku!<br \/>\nNa\u0161e komponenty z\u00edskavame nielen z Eur\u00f3py, ale aj od renomovan\u00fdch dod\u00e1vate\u013eov v Indii a \u010c\u00edne. V\u00fdrobn\u00e9 procesy v t\u00fdchto krajin\u00e1ch s\u00fa starostlivo monitorovan\u00e9 a kvalita komponentov \u010dasto prevy\u0161uje eur\u00f3pske normy. Spolupracujeme len so spolo\u010dnos\u0165ami, ktor\u00e9 zaru\u010duj\u00fa najvy\u0161\u0161iu kvalitu a inovat\u00edvne technol\u00f3gie. To n\u00e1m umo\u017e\u0148uje pon\u00faka\u0165 v\u00fdrobky za konkurencieschopn\u00e9 ceny pri zachovan\u00ed najvy\u0161\u0161\u00edch parametrov spo\u013eahlivosti a \u017eivotnosti.<br \/>\nKvalita a funk\u010dnos\u0165 za primeran\u00e9 peniaze!<br \/>\nV spolo\u010dnosti HYKO ver\u00edme, \u017ee je mo\u017en\u00e9 dod\u00e1va\u0165 spo\u013eahliv\u00e9 v\u00fdrobky bez kompromisov. Na\u0161e rie\u0161enia s\u00fa invest\u00edciou do v\u00fdkonu, spo\u013eahlivosti a spokojnosti na dlh\u00e9 roky.<br \/>\nKontaktujte n\u00e1s e\u0161te dnes a zistite, ako m\u00f4\u017ee HYKO zlep\u0161i\u0165 va\u0161u pr\u00e1cu! \u2728<\/p>","protected":false},"excerpt":{"rendered":"<h2 data-start=\"0\" data-end=\"70\"><strong data-start=\"4\" data-end=\"68\">HYKO Supreme - N\u00e1dr\u017ee na hydraulick\u00fd olej pre n\u00e1kladn\u00e9 vozidl\u00e1<\/strong> <strong data-start=\"75\" data-end=\"148\">Trvanlivos\u0165 a spo\u013eahlivos\u0165 - n\u00e1dr\u017ee na hydraulick\u00fd olej HYKO Supreme<\/strong><\/h2>\n<p data-start=\"0\" data-end=\"70\">N\u00e1dr\u017ee na hydraulick\u00fd olej <strong data-start=\"186\" data-end=\"202\">HYKO Supreme<\/strong> s\u00fa robustn\u00fdm a odoln\u00fdm rie\u0161en\u00edm pre \u0165a\u017ekoton\u00e1\u017ene vozidl\u00e1, ktor\u00e9 si vy\u017eaduj\u00fa spo\u013eahliv\u00e9 hydraulick\u00e9 komponenty. Vyr\u00e1baj\u00fa sa z hlin\u00edka alebo ocele a poskytuj\u00fa dlh\u00fa \u017eivotnos\u0165 a odolnos\u0165 vo\u010di n\u00e1ro\u010dn\u00fdm prev\u00e1dzkov\u00fdm podmienkam. V\u010faka \u0161irok\u00e9mu rozsahu kapac\u00edt a rozmerov ich mo\u017eno prisp\u00f4sobi\u0165 individu\u00e1lnym potreb\u00e1m pou\u017e\u00edvate\u013ea.<\/p>","protected":false},"featured_media":1427,"comment_status":"open","ping_status":"closed","template":"","meta":{"_acf_changed":false},"product_brand":[],"product_cat":[27],"product_tag":[],"class_list":{"0":"post-1429","1":"product","2":"type-product","3":"status-publish","4":"has-post-thumbnail","6":"product_cat-zbiorniki-oleju-hydraulicznego","8":"first","9":"instock","10":"taxable","11":"shipping-taxable","12":"purchasable","13":"product-type-simple"},"acf":[],"_links":{"self":[{"href":"https:\/\/hyko.pl\/sk\/wp-json\/wp\/v2\/product\/1429","targetHints":{"allow":["GET"]}}],"collection":[{"href":"https:\/\/hyko.pl\/sk\/wp-json\/wp\/v2\/product"}],"about":[{"href":"https:\/\/hyko.pl\/sk\/wp-json\/wp\/v2\/types\/product"}],"replies":[{"embeddable":true,"href":"https:\/\/hyko.pl\/sk\/wp-json\/wp\/v2\/comments?post=1429"}],"wp:featuredmedia":[{"embeddable":true,"href":"https:\/\/hyko.pl\/sk\/wp-json\/wp\/v2\/media\/1427"}],"wp:attachment":[{"href":"https:\/\/hyko.pl\/sk\/wp-json\/wp\/v2\/media?parent=1429"}],"wp:term":[{"taxonomy":"product_brand","embeddable":true,"href":"https:\/\/hyko.pl\/sk\/wp-json\/wp\/v2\/product_brand?post=1429"},{"taxonomy":"product_cat","embeddable":true,"href":"https:\/\/hyko.pl\/sk\/wp-json\/wp\/v2\/product_cat?post=1429"},{"taxonomy":"product_tag","embeddable":true,"href":"https:\/\/hyko.pl\/sk\/wp-json\/wp\/v2\/product_tag?post=1429"}],"curies":[{"name":"wp","href":"https:\/\/api.w.org\/{rel}","templated":true}]}}