{"id":1458,"date":"2025-03-02T10:54:53","date_gmt":"2025-03-02T10:54:53","guid":{"rendered":"https:\/\/hyko.pl\/?post_type=product&#038;p=1458"},"modified":"2026-02-17T17:40:51","modified_gmt":"2026-02-17T17:40:51","slug":"zbiornik-oleju-hydraulicznego-93-litrow-stalowy-do-montazu-za-kabina-kopia","status":"publish","type":"product","link":"https:\/\/hyko.pl\/sk\/product-2\/nadrz-na-hydraulicky-olej-93-litrov-ocelova-na-montaz-za-kabinu-kopia\/","title":{"rendered":"Priamy adapt\u00e9r BSP 1 1\/4\u2033, 1\u2033, 3\/4\u2033, 1\/2\u2033 - vsuvka, vsuvka"},"content":{"rendered":"<h2 data-start=\"0\" data-end=\"58\"><strong data-start=\"4\" data-end=\"56\">Priamy adapt\u00e9r BSP - Spo\u013eahliv\u00e9 spojenia v hydraulike - \u0160roubenie, vsuvka\/adapt\u00e9r priamy BSP 1 1\/4\u2033, 1\u2033, 3\/4\u2033, 1\/2\u2033<\/strong><\/h2>\n<p data-start=\"60\" data-end=\"119\"><strong data-start=\"63\" data-end=\"114\">Priame adapt\u00e9ry BSP - robustn\u00e9 a v\u0161estrann\u00e9<\/strong><\/p>\n<p data-start=\"121\" data-end=\"396\">Priame adapt\u00e9ry BSP (spojky, konektory) s\u00fa k\u013e\u00fa\u010dov\u00fdmi komponentmi hydraulick\u00fdch syst\u00e9mov, ktor\u00e9 poskytuj\u00fa odoln\u00e9 a spo\u013eahliv\u00e9 spojenia. S\u00fa vybaven\u00e9 tesniacou podlo\u017ekou a ku\u017ee\u013eov\u00fdm sedlom. <strong data-start=\"319\" data-end=\"326\">60\u00b0<\/strong>, zaru\u010duj\u00fa maxim\u00e1lnu tesnos\u0165 a odolnos\u0165 vo\u010di vysok\u00fdm tlakom.<\/p>\n<p data-start=\"398\" data-end=\"657\"><strong data-start=\"401\" data-end=\"429\">Technick\u00e9 \u0161pecifik\u00e1cie:<\/strong><br data-start=\"429\" data-end=\"432\" \/>\u2714 <strong data-start=\"434\" data-end=\"456\">Dostupn\u00e9 ve\u013ekosti:<\/strong> <strong data-start=\"457\" data-end=\"487\">BSP 1 1\/4\", 1\", 3\/4\", 1\/2<\/strong><br data-start=\"487\" data-end=\"490\" \/>\u2714 <strong data-start=\"492\" data-end=\"505\">Materi\u00e1l:<\/strong> Oce\u013e <strong data-start=\"511\" data-end=\"524\">11SMn30Pb<\/strong> - pre trvanlivos\u0165 a odolnos\u0165 proti opotrebovaniu<br data-start=\"575\" data-end=\"578\" \/>\u2714 <strong data-start=\"580\" data-end=\"596\">\u0160tandard BSP<\/strong> - kompatibilita so \u0161irokou \u0161k\u00e1lou hydraulick\u00fdch komponentov<\/p>\n<p data-start=\"659\" data-end=\"996\">\u2699 <strong data-start=\"661\" data-end=\"698\">Naj\u010dastej\u0161ia vo\u013eba v priemysle<\/strong><br data-start=\"698\" data-end=\"701\" \/>\u0160roubenia BSP patria medzi naj\u010dastej\u0161ie pou\u017e\u00edvan\u00e9 komponenty v hydraulick\u00fdch syst\u00e9moch, \u010do sp\u00f4sobuje, \u017ee ich <strong data-start=\"808\" data-end=\"830\">v\u00fdber a integr\u00e1cia<\/strong> s ostatn\u00fdmi komponentmi s\u00fa ve\u013emi jednoduch\u00e9. V\u010faka ich ob\u013e\u00fabenosti sa kompatibiln\u00e9 komponenty daj\u00fa \u013eahko n\u00e1js\u0165, \u010do v\u00fdrazne skracuje \u010das potrebn\u00fd na n\u00e1vrh a in\u0161tal\u00e1ciu.<\/p>\n<p data-start=\"998\" data-end=\"1318\"><strong data-start=\"1001\" data-end=\"1038\">R\u00fdchla in\u0161tal\u00e1cia - maxim\u00e1lne pohodlie<\/strong><br data-start=\"1038\" data-end=\"1041\" \/>\u2714 <strong data-start=\"1043\" data-end=\"1086\">Nie je potrebn\u00e9 zv\u00e1ranie ani z\u00e1vitovanie<\/strong> - r\u00fdchla in\u0161tal\u00e1cia a demont\u00e1\u017e<br data-start=\"1117\" data-end=\"1120\" \/>\u2714 <strong data-start=\"1122\" data-end=\"1139\">Jednoduch\u00e9 ovl\u00e1danie<\/strong> - ide\u00e1lne pre nov\u00e9 in\u0161tal\u00e1cie aj moderniz\u00e1ciu existuj\u00facich syst\u00e9mov.<br data-start=\"1232\" data-end=\"1235\" \/>\u2714 <strong data-start=\"1237\" data-end=\"1260\">Trvanlivos\u0165 spojenia<\/strong> - op\u00e4tovn\u00e1 in\u0161tal\u00e1cia nem\u00e1 vplyv na kvalitu tesnenia<\/p>\n<p data-start=\"1320\" data-end=\"1526\"><strong data-start=\"1323\" data-end=\"1357\">Stavte na kvalitu HYKO Supreme!<\/strong><br data-start=\"1357\" data-end=\"1360\" \/>\u0160roubenia BSP s\u00fa osved\u010denou vo\u013ebou v hydraulickej silovej hydraulike. V\u010faka svojej robustnej kon\u0161trukcii a v\u0161estrannosti sa pou\u017e\u00edvaj\u00fa v \u0161irokom spektre priemyseln\u00fdch aplik\u00e1ci\u00ed.<\/p>\n<p data-start=\"1528\" data-end=\"1622\" data-is-last-node=\"\" data-is-only-node=\"\"><strong data-start=\"1531\" data-end=\"1619\">Pozrite si ponuku a vyberte si spo\u013eahliv\u00e9 rie\u0161enia pre svoj vodovodn\u00fd syst\u00e9m!<\/strong><\/p>\n<h3>HYKO - po\u013esk\u00e1 zna\u010dka pre n\u00e1ro\u010dn\u00fdch \u013eud\u00ed!<\/h3>\n<p>HYKO je po\u013esk\u00e1 zna\u010dka vytvoren\u00e1 pre t\u00fdch, ktor\u00ed h\u013eadaj\u00fa najlep\u0161ie rie\u0161enia za rozumn\u00fa cenu. Na\u0161ou prioritou je kombin\u00e1cia kvality a funk\u010dnosti, ktor\u00e1 je sk\u00f4r \u0161tandardom ako luxusom.<br \/>\nV\u010faka viac ako 25 rokom sk\u00fasenost\u00ed v tomto odvetv\u00ed pon\u00fakame najmodernej\u0161ie produkty, ktor\u00e9 sp\u013a\u0148aj\u00fa o\u010dak\u00e1vania aj t\u00fdch najn\u00e1ro\u010dnej\u0161\u00edch z\u00e1kazn\u00edkov. Ka\u017ed\u00fd n\u00e1\u0161 v\u00fdrobok je v\u00fdsledkom starostlivo vybran\u00fdch komponentov a prec\u00edznej kontroly kvality.<br \/>\n\u010c\u00edm sa spolo\u010dnos\u0165 HYKO odli\u0161uje?<br \/>\n\u0160pi\u010dkov\u00e1 kvalita: Starostlivo vybran\u00e9 komponenty od najlep\u0161\u00edch eur\u00f3pskych, indick\u00fdch a \u010d\u00ednskych dod\u00e1vate\u013eov.<br \/>\n\u2696\ufe0f Spravodliv\u00e1 cena: Plat\u00edte za skuto\u010dn\u00fa kvalitu, nie za zna\u010dku na \u0161t\u00edtku.<br \/>\n\u2705 Spo\u013eahlivos\u0165: na\u0161e v\u00fdrobky presahuj\u00fa normy a zaru\u010duj\u00fa dlhodob\u00fa a bezprobl\u00e9mov\u00fa prev\u00e1dzku.<br \/>\nPre\u010do si vybra\u0165 HYKO?<br \/>\nNajv\u00e4\u010d\u0161ie a najrenomovanej\u0161ie zna\u010dky u\u017e roky pou\u017e\u00edvaj\u00fa rie\u0161enia od \u010d\u00ednskych, indick\u00fdch a eur\u00f3pskych v\u00fdrobcov, ktor\u00e9 pou\u017e\u00edvame aj my. V\u010faka kontrolovan\u00fdm v\u00fdrobn\u00fdm procesom s\u00fa na\u0161e komponenty spo\u013eahliv\u00e9 aj v t\u00fdch najn\u00e1ro\u010dnej\u0161\u00edch podmienkach.<br \/>\nV\u00fdroba komponentov z Indie a \u010c\u00edny - spo\u013eahliv\u00e1 kvalita za dobr\u00fa cenu - neplat\u00edte za zna\u010dku na \u0161t\u00edtku v\u00fdrobku!<br \/>\nNa\u0161e komponenty z\u00edskavame nielen z Eur\u00f3py, ale aj od renomovan\u00fdch dod\u00e1vate\u013eov v Indii a \u010c\u00edne. V\u00fdrobn\u00e9 procesy v t\u00fdchto krajin\u00e1ch s\u00fa starostlivo monitorovan\u00e9 a kvalita komponentov \u010dasto prevy\u0161uje eur\u00f3pske normy. Spolupracujeme len so spolo\u010dnos\u0165ami, ktor\u00e9 zaru\u010duj\u00fa najvy\u0161\u0161iu kvalitu a inovat\u00edvne technol\u00f3gie. To n\u00e1m umo\u017e\u0148uje pon\u00faka\u0165 v\u00fdrobky za konkurencieschopn\u00e9 ceny pri zachovan\u00ed najvy\u0161\u0161\u00edch parametrov spo\u013eahlivosti a \u017eivotnosti.<br \/>\nKvalita a funk\u010dnos\u0165 za primeran\u00e9 peniaze!<br \/>\nV spolo\u010dnosti HYKO ver\u00edme, \u017ee je mo\u017en\u00e9 dod\u00e1va\u0165 spo\u013eahliv\u00e9 v\u00fdrobky bez kompromisov. Na\u0161e rie\u0161enia s\u00fa invest\u00edciou do v\u00fdkonu, spo\u013eahlivosti a spokojnosti na dlh\u00e9 roky.<br \/>\nKontaktujte n\u00e1s e\u0161te dnes a zistite, ako m\u00f4\u017ee HYKO zlep\u0161i\u0165 va\u0161u pr\u00e1cu! \u2728<\/p>","protected":false},"excerpt":{"rendered":"<p data-start=\"60\" data-end=\"119\"><strong data-start=\"63\" data-end=\"114\">Priame adapt\u00e9ry BSP - robustn\u00e9 a v\u0161estrann\u00e9<\/strong><\/p>\n<p data-start=\"121\" data-end=\"396\">Priame adapt\u00e9ry BSP (spojky, konektory) s\u00fa k\u013e\u00fa\u010dov\u00fdmi komponentmi hydraulick\u00fdch syst\u00e9mov, ktor\u00e9 poskytuj\u00fa odoln\u00e9 a spo\u013eahliv\u00e9 spojenia. S\u00fa vybaven\u00e9 tesniacou podlo\u017ekou a ku\u017ee\u013eov\u00fdm sedlom. <strong data-start=\"319\" data-end=\"326\">60\u00b0<\/strong>, zaru\u010duj\u00fa maxim\u00e1lnu tesnos\u0165 a odolnos\u0165 vo\u010di vysok\u00fdm tlakom.<\/p>","protected":false},"featured_media":1459,"comment_status":"open","ping_status":"closed","template":"","meta":{"_acf_changed":false},"product_brand":[],"product_cat":[34],"product_tag":[],"class_list":{"0":"post-1458","1":"product","2":"type-product","3":"status-publish","4":"has-post-thumbnail","6":"product_cat-weze-przewody-adaptery","8":"first","9":"instock","10":"taxable","11":"shipping-taxable","12":"product-type-variable"},"acf":[],"_links":{"self":[{"href":"https:\/\/hyko.pl\/sk\/wp-json\/wp\/v2\/product\/1458","targetHints":{"allow":["GET"]}}],"collection":[{"href":"https:\/\/hyko.pl\/sk\/wp-json\/wp\/v2\/product"}],"about":[{"href":"https:\/\/hyko.pl\/sk\/wp-json\/wp\/v2\/types\/product"}],"replies":[{"embeddable":true,"href":"https:\/\/hyko.pl\/sk\/wp-json\/wp\/v2\/comments?post=1458"}],"wp:featuredmedia":[{"embeddable":true,"href":"https:\/\/hyko.pl\/sk\/wp-json\/wp\/v2\/media\/1459"}],"wp:attachment":[{"href":"https:\/\/hyko.pl\/sk\/wp-json\/wp\/v2\/media?parent=1458"}],"wp:term":[{"taxonomy":"product_brand","embeddable":true,"href":"https:\/\/hyko.pl\/sk\/wp-json\/wp\/v2\/product_brand?post=1458"},{"taxonomy":"product_cat","embeddable":true,"href":"https:\/\/hyko.pl\/sk\/wp-json\/wp\/v2\/product_cat?post=1458"},{"taxonomy":"product_tag","embeddable":true,"href":"https:\/\/hyko.pl\/sk\/wp-json\/wp\/v2\/product_tag?post=1458"}],"curies":[{"name":"wp","href":"https:\/\/api.w.org\/{rel}","templated":true}]}}