{"id":1464,"date":"2025-03-02T11:19:10","date_gmt":"2025-03-02T11:19:10","guid":{"rendered":"https:\/\/hyko.pl\/?post_type=product&#038;p=1464"},"modified":"2026-02-17T17:39:52","modified_gmt":"2026-02-17T17:39:52","slug":"adapter-ssacy-g1-1-2-bspot-eo-o45","status":"publish","type":"product","link":"https:\/\/hyko.pl\/sk\/product-2\/saci-adapter-g1-1-2-bspot-eo-o45\/","title":{"rendered":"Sac\u00ed adapt\u00e9r G1 1\/2\u2033 BSPOT EO - \u00d845"},"content":{"rendered":"<h2 data-start=\"50\" data-end=\"111\">Sac\u00ed adapt\u00e9r G1 1\/2\u2033 BSPOT EO - \u00d845<\/h2>\n<p data-start=\"50\" data-end=\"111\"><strong data-start=\"53\" data-end=\"106\">Robustn\u00e9 pripojenie pre n\u00e1ro\u010dn\u00e9 aplik\u00e1cie<\/strong><\/p>\n<p data-start=\"113\" data-end=\"442\"><strong data-start=\"127\" data-end=\"153\">Sac\u00ed adapt\u00e9r G1 1\/2\u2033 BSPOT EO - \u00d845<\/strong> je vysoko v\u00fdkonn\u00fd hydraulick\u00fd komponent ur\u010den\u00fd pre <strong data-start=\"219\" data-end=\"274\">hydraulick\u00e9 syst\u00e9my v n\u00e1ro\u010dn\u00fdch aplik\u00e1ci\u00e1ch<\/strong>. V\u010faka \u0161tandardu <strong data-start=\"295\" data-end=\"343\">BSPOT (britsk\u00fd \u0161tandardn\u00fd vonkaj\u0161\u00ed z\u00e1vit potrubia)<\/strong> poskytuje <strong data-start=\"353\" data-end=\"400\">maxim\u00e1lna tesnos\u0165 a trvanlivos\u0165 spoja<\/strong> v r\u00f4znych priemyseln\u00fdch syst\u00e9moch.<\/p>\n<p data-start=\"444\" data-end=\"738\"><strong data-start=\"447\" data-end=\"480\">Najd\u00f4le\u017eitej\u0161ie vlastnosti produktu:<\/strong><br data-start=\"480\" data-end=\"483\" \/>\u2714 <strong data-start=\"485\" data-end=\"495\">Vl\u00e1kno:<\/strong> <strong data-start=\"496\" data-end=\"516\">G1 1\/2\u2033 BSPOT EO<\/strong> - kompatibilita so \u0161irokou \u0161k\u00e1lou hydraulick\u00fdch syst\u00e9mov<br data-start=\"571\" data-end=\"574\" \/>\u2714 <strong data-start=\"576\" data-end=\"589\">Priemer:<\/strong> <strong data-start=\"590\" data-end=\"597\" data-is-only-node=\"\">\u00d845<\/strong> - Presn\u00e1 mont\u00e1\u017e na hydraulick\u00e9 vedenia<br data-start=\"650\" data-end=\"653\" \/>\u2714 <strong data-start=\"655\" data-end=\"668\">Materi\u00e1l:<\/strong> Vysokokvalitn\u00e1 oce\u013e, odoln\u00e1 vo\u010di intenz\u00edvnemu pou\u017e\u00edvaniu a kor\u00f3zii<\/p>\n<p data-start=\"740\" data-end=\"1082\">\u2699 <strong data-start=\"742\" data-end=\"770\">Robustnos\u0165 a spo\u013eahlivos\u0165<\/strong><br data-start=\"770\" data-end=\"773\" \/>Hadicov\u00e9 koncovky BSPOT EO sa be\u017ene pou\u017e\u00edvaj\u00fa v <strong data-start=\"823\" data-end=\"870\">vysokotlakov\u00e9 hydraulick\u00e9 syst\u00e9my v sacom potrub\u00ed<\/strong>\u010do z nich rob\u00ed vynikaj\u00facu vo\u013ebu pre <strong data-start=\"912\" data-end=\"983\">stavebn\u00e9 stroje, \u00fa\u017eitkov\u00e9 vozidl\u00e1 a priemyseln\u00e9 syst\u00e9my<\/strong>. Kon\u0161trukcia z\u00e1vitu zabezpe\u010duje <strong data-start=\"1013\" data-end=\"1079\">stabilita spojenia a odolnos\u0165 vo\u010di extr\u00e9mnym prev\u00e1dzkov\u00fdm podmienkam<\/strong>.<\/p>\n<p data-start=\"1084\" data-end=\"1400\"><strong data-start=\"1087\" data-end=\"1134\">Jednoduch\u00e1 in\u0161tal\u00e1cia - r\u00fdchla mont\u00e1\u017e a demont\u00e1\u017e<\/strong><br data-start=\"1134\" data-end=\"1137\" \/>\u2714 <strong data-start=\"1139\" data-end=\"1182\">Bez potreby zlo\u017eit\u00e9ho spracovania<\/strong> - jednoduch\u00e1 integr\u00e1cia do syst\u00e9mu<br data-start=\"1212\" data-end=\"1215\" \/>\u2714 <strong data-start=\"1217\" data-end=\"1240\">Trvanlivos\u0165 spojenia<\/strong> - op\u00e4tovn\u00e9 pou\u017eitie nem\u00e1 vplyv na tesnos\u0165 a kvalitu mont\u00e1\u017ee<br data-start=\"1299\" data-end=\"1302\" \/>\u2714 <strong data-start=\"1304\" data-end=\"1336\">Univerz\u00e1lnos\u0165 pou\u017eitia<\/strong> - ide\u00e1lne pre n\u00e1ro\u010dn\u00e9 hydraulick\u00e9 syst\u00e9my<\/p>\n<p data-start=\"1402\" data-end=\"1673\"><strong data-start=\"1405\" data-end=\"1453\">HYKO Supreme - kvalita, ktorej m\u00f4\u017eete d\u00f4verova\u0165!<\/strong><br data-start=\"1453\" data-end=\"1456\" \/>Koncovky had\u00edc s\u00fa z\u00e1rukou <strong data-start=\"1500\" data-end=\"1563\">spo\u013eahlivos\u0165, odolnos\u0165 a najvy\u0161\u0161ie \u0161tandardy spracovania<\/strong>. V\u010faka svojej robustnej kon\u0161trukcii s\u00fa ide\u00e1lne pre ak\u00e9ko\u013evek n\u00e1ro\u010dn\u00e9 hydraulick\u00e9 aplik\u00e1cie.<\/p>\n<p data-start=\"1675\" data-end=\"1752\" data-is-last-node=\"\" data-is-only-node=\"\"><strong data-start=\"1678\" data-end=\"1749\">Pozrite si ponuku a vyberte si najlep\u0161ie rie\u0161enie pre svoj syst\u00e9m!<\/strong><\/p>\n<h3>HYKO - po\u013esk\u00e1 zna\u010dka pre n\u00e1ro\u010dn\u00fdch \u013eud\u00ed!<\/h3>\n<p>HYKO je po\u013esk\u00e1 zna\u010dka vytvoren\u00e1 pre t\u00fdch, ktor\u00ed h\u013eadaj\u00fa najlep\u0161ie rie\u0161enia za rozumn\u00fa cenu. Na\u0161ou prioritou je kombin\u00e1cia kvality a funk\u010dnosti, ktor\u00e1 je sk\u00f4r \u0161tandardom ako luxusom.<br \/>\nV\u010faka viac ako 25 rokom sk\u00fasenost\u00ed v tomto odvetv\u00ed pon\u00fakame najmodernej\u0161ie produkty, ktor\u00e9 sp\u013a\u0148aj\u00fa o\u010dak\u00e1vania aj t\u00fdch najn\u00e1ro\u010dnej\u0161\u00edch z\u00e1kazn\u00edkov. Ka\u017ed\u00fd n\u00e1\u0161 v\u00fdrobok je v\u00fdsledkom starostlivo vybran\u00fdch komponentov a prec\u00edznej kontroly kvality.<br \/>\n\u010c\u00edm sa spolo\u010dnos\u0165 HYKO odli\u0161uje?<br \/>\n\u0160pi\u010dkov\u00e1 kvalita: Starostlivo vybran\u00e9 komponenty od najlep\u0161\u00edch eur\u00f3pskych, indick\u00fdch a \u010d\u00ednskych dod\u00e1vate\u013eov.<br \/>\n\u2696\ufe0f Spravodliv\u00e1 cena: Plat\u00edte za skuto\u010dn\u00fa kvalitu, nie za zna\u010dku na \u0161t\u00edtku.<br \/>\n\u2705 Spo\u013eahlivos\u0165: na\u0161e v\u00fdrobky presahuj\u00fa normy a zaru\u010duj\u00fa dlhodob\u00fa a bezprobl\u00e9mov\u00fa prev\u00e1dzku.<br \/>\nPre\u010do si vybra\u0165 HYKO?<br \/>\nNajv\u00e4\u010d\u0161ie a najrenomovanej\u0161ie zna\u010dky u\u017e roky pou\u017e\u00edvaj\u00fa rie\u0161enia od \u010d\u00ednskych, indick\u00fdch a eur\u00f3pskych v\u00fdrobcov, ktor\u00e9 pou\u017e\u00edvame aj my. V\u010faka kontrolovan\u00fdm v\u00fdrobn\u00fdm procesom s\u00fa na\u0161e komponenty spo\u013eahliv\u00e9 aj v t\u00fdch najn\u00e1ro\u010dnej\u0161\u00edch podmienkach.<br \/>\nV\u00fdroba komponentov z Indie a \u010c\u00edny - spo\u013eahliv\u00e1 kvalita za dobr\u00fa cenu - neplat\u00edte za zna\u010dku na \u0161t\u00edtku v\u00fdrobku!<br \/>\nNa\u0161e komponenty z\u00edskavame nielen z Eur\u00f3py, ale aj od renomovan\u00fdch dod\u00e1vate\u013eov v Indii a \u010c\u00edne. V\u00fdrobn\u00e9 procesy v t\u00fdchto krajin\u00e1ch s\u00fa starostlivo monitorovan\u00e9 a kvalita komponentov \u010dasto prevy\u0161uje eur\u00f3pske normy. Spolupracujeme len so spolo\u010dnos\u0165ami, ktor\u00e9 zaru\u010duj\u00fa najvy\u0161\u0161iu kvalitu a inovat\u00edvne technol\u00f3gie. To n\u00e1m umo\u017e\u0148uje pon\u00faka\u0165 v\u00fdrobky za konkurencieschopn\u00e9 ceny pri zachovan\u00ed najvy\u0161\u0161\u00edch parametrov spo\u013eahlivosti a \u017eivotnosti.<br \/>\nKvalita a funk\u010dnos\u0165 za primeran\u00e9 peniaze!<br \/>\nV spolo\u010dnosti HYKO ver\u00edme, \u017ee je mo\u017en\u00e9 dod\u00e1va\u0165 spo\u013eahliv\u00e9 v\u00fdrobky bez kompromisov. Na\u0161e rie\u0161enia s\u00fa invest\u00edciou do v\u00fdkonu, spo\u013eahlivosti a spokojnosti na dlh\u00e9 roky.<br \/>\nKontaktujte n\u00e1s e\u0161te dnes a zistite, ako m\u00f4\u017ee HYKO zlep\u0161i\u0165 va\u0161u pr\u00e1cu! \u2728<\/p>","protected":false},"excerpt":{"rendered":"<p data-start=\"50\" data-end=\"111\"><strong data-start=\"53\" data-end=\"106\">Robustn\u00e9 pripojenie pre n\u00e1ro\u010dn\u00e9 aplik\u00e1cie<\/strong><\/p>\n<p data-start=\"113\" data-end=\"442\"><strong data-start=\"127\" data-end=\"153\">Sac\u00ed adapt\u00e9r G1 1\/2\u2033 BSPOT EO - \u00d845<\/strong> je vysoko v\u00fdkonn\u00fd hydraulick\u00fd komponent ur\u010den\u00fd pre <strong data-start=\"219\" data-end=\"274\">hydraulick\u00e9 syst\u00e9my v n\u00e1ro\u010dn\u00fdch aplik\u00e1ci\u00e1ch<\/strong>. V\u010faka \u0161tandardu <strong data-start=\"295\" data-end=\"343\">BSPOT (britsk\u00fd \u0161tandardn\u00fd vonkaj\u0161\u00ed z\u00e1vit potrubia)<\/strong> poskytuje <strong data-start=\"353\" data-end=\"400\">maxim\u00e1lna tesnos\u0165 a trvanlivos\u0165 spoja<\/strong> v r\u00f4znych priemyseln\u00fdch syst\u00e9moch.<\/p>","protected":false},"featured_media":1469,"comment_status":"open","ping_status":"closed","template":"","meta":{"_acf_changed":false},"product_brand":[],"product_cat":[34],"product_tag":[],"class_list":{"0":"post-1464","1":"product","2":"type-product","3":"status-publish","4":"has-post-thumbnail","6":"product_cat-weze-przewody-adaptery","8":"first","9":"instock","10":"taxable","11":"shipping-taxable","12":"purchasable","13":"product-type-simple"},"acf":[],"_links":{"self":[{"href":"https:\/\/hyko.pl\/sk\/wp-json\/wp\/v2\/product\/1464","targetHints":{"allow":["GET"]}}],"collection":[{"href":"https:\/\/hyko.pl\/sk\/wp-json\/wp\/v2\/product"}],"about":[{"href":"https:\/\/hyko.pl\/sk\/wp-json\/wp\/v2\/types\/product"}],"replies":[{"embeddable":true,"href":"https:\/\/hyko.pl\/sk\/wp-json\/wp\/v2\/comments?post=1464"}],"wp:featuredmedia":[{"embeddable":true,"href":"https:\/\/hyko.pl\/sk\/wp-json\/wp\/v2\/media\/1469"}],"wp:attachment":[{"href":"https:\/\/hyko.pl\/sk\/wp-json\/wp\/v2\/media?parent=1464"}],"wp:term":[{"taxonomy":"product_brand","embeddable":true,"href":"https:\/\/hyko.pl\/sk\/wp-json\/wp\/v2\/product_brand?post=1464"},{"taxonomy":"product_cat","embeddable":true,"href":"https:\/\/hyko.pl\/sk\/wp-json\/wp\/v2\/product_cat?post=1464"},{"taxonomy":"product_tag","embeddable":true,"href":"https:\/\/hyko.pl\/sk\/wp-json\/wp\/v2\/product_tag?post=1464"}],"curies":[{"name":"wp","href":"https:\/\/api.w.org\/{rel}","templated":true}]}}