{"id":1470,"date":"2025-03-02T11:32:59","date_gmt":"2025-03-02T11:32:59","guid":{"rendered":"https:\/\/hyko.pl\/?post_type=product&#038;p=1470"},"modified":"2026-02-17T17:39:10","modified_gmt":"2026-02-17T17:39:10","slug":"kolano-ssace-zestaw-adaptera-g1-1-2-bspot-%e2%86%92-kruciec-do-weza-ssacego-45-mm","status":"publish","type":"product","link":"https:\/\/hyko.pl\/sk\/product-2\/sada-adapterov-sacieho-kolena-g1-1-2-bspot-%e2%86%92-spojka-sacej-hadice-45-mm\/","title":{"rendered":"Sacie koleno | S\u00faprava adapt\u00e9rov G1 1\/2\u2033 BSPOT \u2192 Spojka sacej hadice 45 mm"},"content":{"rendered":"<h3 data-start=\"0\" data-end=\"76\">Sacie koleno | S\u00faprava adapt\u00e9rov G1 1\/2\u2033 BSPOT \u2192 Spojka sacej hadice 45 mm<\/h3>\n<p data-start=\"78\" data-end=\"137\"><strong data-start=\"81\" data-end=\"132\">Spo\u013eahliv\u00e9 pripojenie v hydraulick\u00fdch syst\u00e9moch<\/strong><\/p>\n<p data-start=\"139\" data-end=\"460\">S\u00faprava adapt\u00e9rov <strong data-start=\"155\" data-end=\"173\">sacie koleno<\/strong> <strong data-start=\"174\" data-end=\"213\">G1 1\/2\u2033 BSPOT \u2192 G1 1\/2\u2033 BSPIT L.NUT<\/strong> je presne vyroben\u00fd komponent, ktor\u00fd poskytuje <strong data-start=\"262\" data-end=\"297\">tesn\u00e9 a efekt\u00edvne spojenie<\/strong> v hydraulick\u00fdch syst\u00e9moch. V\u010faka vysokokvalitn\u00fdm materi\u00e1lom a prepracovanej kon\u0161trukcii zaru\u010duje v\u00fdrobok trvanlivos\u0165 a odolnos\u0165 pri intenz\u00edvnom pou\u017e\u00edvan\u00ed.<\/p>\n<p data-start=\"462\" data-end=\"785\"><strong data-start=\"465\" data-end=\"498\">Najd\u00f4le\u017eitej\u0161ie vlastnosti produktu:<\/strong><br data-start=\"498\" data-end=\"501\" \/>\u2714 <strong data-start=\"503\" data-end=\"514\">Vl\u00e1kna:<\/strong> <strong data-start=\"515\" data-end=\"554\">G1 1\/2\u2033 BSPOT \u2192 G1 1\/2\u2033 BSPIT L.NUT\/<\/strong>Spojka nas\u00e1vacej hadice 45 mm<span style=\"font-family: -apple-system, BlinkMacSystemFont, 'Segoe UI', Roboto, 'Helvetica Neue', Arial, 'Noto Sans', sans-serif, 'Apple Color Emoji', 'Segoe UI Emoji', 'Segoe UI Symbol', 'Noto Color Emoji';\">- kompatibilita so \u0161irokou \u0161k\u00e1lou hydraulick\u00fdch syst\u00e9mov<br \/>\n<\/span>\u2714 <strong data-start=\"614\" data-end=\"637\">Robustn\u00e1 kon\u0161trukcia<\/strong> - odoln\u00e9 vo\u010di vysok\u00fdm tlakom a intenz\u00edvnemu pou\u017e\u00edvaniu<br data-start=\"693\" data-end=\"696\" data-is-only-node=\"\" \/>\u2714 <strong data-start=\"698\" data-end=\"724\">Presn\u00e9 ulo\u017eenie<\/strong> - poskytuje <strong data-start=\"736\" data-end=\"783\">maxim\u00e1lna tesnos\u0165 a prietokov\u00e1 kapacita<\/strong><\/p>\n<p data-start=\"787\" data-end=\"1125\">\u2699 <strong data-start=\"789\" data-end=\"830\">Pou\u017e\u00edvanie v n\u00e1ro\u010dn\u00fdch podmienkach<\/strong><br data-start=\"830\" data-end=\"833\" \/>Sacie koleno HYKO Supreme je ide\u00e1lnym rie\u0161en\u00edm pre syst\u00e9my <strong data-start=\"899\" data-end=\"936\">pre\u010derp\u00e1vanie hydraulick\u00e9ho oleja<\/strong>pou\u017e\u00edvan\u00e9 v stavebn\u00fdch strojoch, \u0165a\u017ek\u00fdch n\u00e1kladn\u00fdch vozidl\u00e1ch a priemyseln\u00fdch zariadeniach. Kon\u0161trukcia zabezpe\u010duje <strong data-start=\"1056\" data-end=\"1122\">stabilita spojenia a odolnos\u0165 vo\u010di extr\u00e9mnym prev\u00e1dzkov\u00fdm podmienkam<\/strong>.<\/p>\n<p data-start=\"1127\" data-end=\"1427\"><strong data-start=\"1130\" data-end=\"1177\">Jednoduch\u00e1 in\u0161tal\u00e1cia - r\u00fdchla mont\u00e1\u017e a demont\u00e1\u017e<\/strong><br data-start=\"1177\" data-end=\"1180\" \/>\u2714 <strong data-start=\"1182\" data-end=\"1225\">Bez potreby zlo\u017eit\u00e9ho spracovania<\/strong> - jednoduch\u00e1 integr\u00e1cia do syst\u00e9mu<br data-start=\"1255\" data-end=\"1258\" \/>\u2714 <strong data-start=\"1260\" data-end=\"1283\">Trvanlivos\u0165 spojenia<\/strong> - odolnos\u0165 vo\u010di vibr\u00e1ci\u00e1m a r\u00f4znym prev\u00e1dzkov\u00fdm podmienkam<br data-start=\"1330\" data-end=\"1333\" \/>\u2714 <strong data-start=\"1335\" data-end=\"1367\">Univerz\u00e1lnos\u0165 pou\u017eitia<\/strong> - ide\u00e1lne rie\u0161enie pre nas\u00e1vacie a prietokov\u00e9 syst\u00e9my<\/p>\n<p data-start=\"1429\" data-end=\"1734\"><strong data-start=\"1432\" data-end=\"1482\">HYKO Supreme - kvalita, na ktor\u00fa sa m\u00f4\u017eete spo\u013eahn\u00fa\u0165!<\/strong><br data-start=\"1482\" data-end=\"1485\" \/>HYKO Supreme sacie koleno zaru\u010duje <strong data-start=\"1524\" data-end=\"1584\">spo\u013eahlivos\u0165, trvanlivos\u0165 a najvy\u0161\u0161ia presnos\u0165 v\u00fdroby<\/strong>. Tento v\u00fdrobok je ur\u010den\u00fd na profesion\u00e1lne pou\u017eitie a zabezpe\u010duje maxim\u00e1lnu \u00fa\u010dinnos\u0165 a bezpe\u010dnos\u0165 hydraulick\u00fdch syst\u00e9mov.<\/p>\n<p data-start=\"1736\" data-end=\"1813\" data-is-last-node=\"\" data-is-only-node=\"\"><strong data-start=\"1739\" data-end=\"1810\">Pozrite si ponuku a vyberte si najlep\u0161ie rie\u0161enie pre svoj syst\u00e9m!<\/strong><\/p>\n<h3>HYKO - po\u013esk\u00e1 zna\u010dka pre n\u00e1ro\u010dn\u00fdch \u013eud\u00ed!<\/h3>\n<p>HYKO je po\u013esk\u00e1 zna\u010dka vytvoren\u00e1 pre t\u00fdch, ktor\u00ed h\u013eadaj\u00fa najlep\u0161ie rie\u0161enia za rozumn\u00fa cenu. Na\u0161ou prioritou je kombin\u00e1cia kvality a funk\u010dnosti, ktor\u00e1 je sk\u00f4r \u0161tandardom ako luxusom.<br \/>\nV\u010faka viac ako 25 rokom sk\u00fasenost\u00ed v tomto odvetv\u00ed pon\u00fakame najmodernej\u0161ie produkty, ktor\u00e9 sp\u013a\u0148aj\u00fa o\u010dak\u00e1vania aj t\u00fdch najn\u00e1ro\u010dnej\u0161\u00edch z\u00e1kazn\u00edkov. Ka\u017ed\u00fd n\u00e1\u0161 v\u00fdrobok je v\u00fdsledkom starostlivo vybran\u00fdch komponentov a prec\u00edznej kontroly kvality.<br \/>\n\u010c\u00edm sa spolo\u010dnos\u0165 HYKO odli\u0161uje?<br \/>\n\u0160pi\u010dkov\u00e1 kvalita: Starostlivo vybran\u00e9 komponenty od najlep\u0161\u00edch eur\u00f3pskych, indick\u00fdch a \u010d\u00ednskych dod\u00e1vate\u013eov.<br \/>\n\u2696\ufe0f Spravodliv\u00e1 cena: Plat\u00edte za skuto\u010dn\u00fa kvalitu, nie za zna\u010dku na \u0161t\u00edtku.<br \/>\n\u2705 Spo\u013eahlivos\u0165: na\u0161e v\u00fdrobky presahuj\u00fa normy a zaru\u010duj\u00fa dlhodob\u00fa a bezprobl\u00e9mov\u00fa prev\u00e1dzku.<br \/>\nPre\u010do si vybra\u0165 HYKO?<br \/>\nNajv\u00e4\u010d\u0161ie a najrenomovanej\u0161ie zna\u010dky u\u017e roky pou\u017e\u00edvaj\u00fa rie\u0161enia od \u010d\u00ednskych, indick\u00fdch a eur\u00f3pskych v\u00fdrobcov, ktor\u00e9 pou\u017e\u00edvame aj my. V\u010faka kontrolovan\u00fdm v\u00fdrobn\u00fdm procesom s\u00fa na\u0161e komponenty spo\u013eahliv\u00e9 aj v t\u00fdch najn\u00e1ro\u010dnej\u0161\u00edch podmienkach.<br \/>\nV\u00fdroba komponentov z Indie a \u010c\u00edny - spo\u013eahliv\u00e1 kvalita za dobr\u00fa cenu - neplat\u00edte za zna\u010dku na \u0161t\u00edtku v\u00fdrobku!<br \/>\nNa\u0161e komponenty z\u00edskavame nielen z Eur\u00f3py, ale aj od renomovan\u00fdch dod\u00e1vate\u013eov v Indii a \u010c\u00edne. V\u00fdrobn\u00e9 procesy v t\u00fdchto krajin\u00e1ch s\u00fa starostlivo monitorovan\u00e9 a kvalita komponentov \u010dasto prevy\u0161uje eur\u00f3pske normy. Spolupracujeme len so spolo\u010dnos\u0165ami, ktor\u00e9 zaru\u010duj\u00fa najvy\u0161\u0161iu kvalitu a inovat\u00edvne technol\u00f3gie. To n\u00e1m umo\u017e\u0148uje pon\u00faka\u0165 v\u00fdrobky za konkurencieschopn\u00e9 ceny pri zachovan\u00ed najvy\u0161\u0161\u00edch parametrov spo\u013eahlivosti a \u017eivotnosti.<br \/>\nKvalita a funk\u010dnos\u0165 za primeran\u00e9 peniaze!<br \/>\nV spolo\u010dnosti HYKO ver\u00edme, \u017ee je mo\u017en\u00e9 dod\u00e1va\u0165 spo\u013eahliv\u00e9 v\u00fdrobky bez kompromisov. Na\u0161e rie\u0161enia s\u00fa invest\u00edciou do v\u00fdkonu, spo\u013eahlivosti a spokojnosti na dlh\u00e9 roky.<br \/>\nKontaktujte n\u00e1s e\u0161te dnes a zistite, ako m\u00f4\u017ee HYKO zlep\u0161i\u0165 va\u0161u pr\u00e1cu! \u2728<\/p>","protected":false},"excerpt":{"rendered":"<h3 data-start=\"0\" data-end=\"76\">Sacie koleno | S\u00faprava adapt\u00e9rov G1 1\/2\u2033 BSPOT \u2192 Spojka sacej hadice 45 mm<\/h3>\n<p data-start=\"78\" data-end=\"137\"><strong data-start=\"81\" data-end=\"132\">Spo\u013eahliv\u00e9 pripojenie v hydraulick\u00fdch syst\u00e9moch<\/strong><\/p>\n<p data-start=\"139\" data-end=\"460\">S\u00faprava adapt\u00e9rov <strong data-start=\"155\" data-end=\"173\">sacie koleno<\/strong> <strong data-start=\"174\" data-end=\"213\">G1 1\/2\u2033 BSPOT \u2192 G1 1\/2\u2033 BSPIT L.NUT<\/strong> je presne vyroben\u00fd komponent, ktor\u00fd poskytuje <strong data-start=\"262\" data-end=\"297\">tesn\u00e9 a efekt\u00edvne spojenie<\/strong> v hydraulick\u00fdch syst\u00e9moch. V\u010faka vysokokvalitn\u00fdm materi\u00e1lom a prepracovanej kon\u0161trukcii zaru\u010duje v\u00fdrobok trvanlivos\u0165 a odolnos\u0165 pri intenz\u00edvnom pou\u017e\u00edvan\u00ed.<\/p>\n<p data-start=\"462\" data-end=\"785\">","protected":false},"featured_media":1471,"comment_status":"open","ping_status":"closed","template":"","meta":{"_acf_changed":false},"product_brand":[],"product_cat":[34],"product_tag":[],"class_list":{"0":"post-1470","1":"product","2":"type-product","3":"status-publish","4":"has-post-thumbnail","6":"product_cat-weze-przewody-adaptery","8":"first","9":"instock","10":"taxable","11":"shipping-taxable","12":"purchasable","13":"product-type-simple"},"acf":[],"_links":{"self":[{"href":"https:\/\/hyko.pl\/sk\/wp-json\/wp\/v2\/product\/1470","targetHints":{"allow":["GET"]}}],"collection":[{"href":"https:\/\/hyko.pl\/sk\/wp-json\/wp\/v2\/product"}],"about":[{"href":"https:\/\/hyko.pl\/sk\/wp-json\/wp\/v2\/types\/product"}],"replies":[{"embeddable":true,"href":"https:\/\/hyko.pl\/sk\/wp-json\/wp\/v2\/comments?post=1470"}],"wp:featuredmedia":[{"embeddable":true,"href":"https:\/\/hyko.pl\/sk\/wp-json\/wp\/v2\/media\/1471"}],"wp:attachment":[{"href":"https:\/\/hyko.pl\/sk\/wp-json\/wp\/v2\/media?parent=1470"}],"wp:term":[{"taxonomy":"product_brand","embeddable":true,"href":"https:\/\/hyko.pl\/sk\/wp-json\/wp\/v2\/product_brand?post=1470"},{"taxonomy":"product_cat","embeddable":true,"href":"https:\/\/hyko.pl\/sk\/wp-json\/wp\/v2\/product_cat?post=1470"},{"taxonomy":"product_tag","embeddable":true,"href":"https:\/\/hyko.pl\/sk\/wp-json\/wp\/v2\/product_tag?post=1470"}],"curies":[{"name":"wp","href":"https:\/\/api.w.org\/{rel}","templated":true}]}}