{"id":1472,"date":"2025-03-02T11:59:12","date_gmt":"2025-03-02T11:59:12","guid":{"rendered":"https:\/\/hyko.pl\/?post_type=product&#038;p=1472"},"modified":"2026-02-17T17:43:14","modified_gmt":"2026-02-17T17:43:14","slug":"obejma-do-weza-ssacego-o56-61-mm","status":"publish","type":"product","link":"https:\/\/hyko.pl\/sk\/product-2\/svorka-sacieho-potrubia-o56-61-mm\/","title":{"rendered":"Svorka sacieho potrubia | \u00d856-61 mm"},"content":{"rendered":"<h2 data-start=\"0\" data-end=\"51\"><strong data-start=\"4\" data-end=\"49\">Svorka sacieho potrubia | \u00d856-61 mm<\/strong><\/h2>\n<p data-start=\"53\" data-end=\"95\"><strong data-start=\"56\" data-end=\"90\">Robustn\u00e9 a spo\u013eahliv\u00e9 upevnenie<\/strong><\/p>\n<p data-start=\"97\" data-end=\"370\">Svorka nas\u00e1vacej hadice <strong data-start=\"127\" data-end=\"140\">\u00d856-61 mm<\/strong> je vysokokvalitn\u00e9 rie\u0161enie, ktor\u00e9 poskytuje <strong data-start=\"186\" data-end=\"220\">stabiln\u00e9 a pevn\u00e9 spojenie<\/strong> v hydraulick\u00fdch syst\u00e9moch. Je navrhnut\u00fd pre vysoko za\u0165a\u017eovan\u00e9 syst\u00e9my a zaru\u010duje trvanlivos\u0165 a odolnos\u0165 vo\u010di n\u00e1ro\u010dn\u00fdm pracovn\u00fdm podmienkam.<\/p>\n<p data-start=\"372\" data-end=\"681\"><strong data-start=\"375\" data-end=\"408\">Najd\u00f4le\u017eitej\u0161ie vlastnosti produktu:<\/strong><br data-start=\"408\" data-end=\"411\" \/>\u2714 <strong data-start=\"413\" data-end=\"433\">Rozsah priemerov:<\/strong> <strong data-start=\"434\" data-end=\"447\">\u00d856-61 mm<\/strong> - ide\u00e1lna mont\u00e1\u017e pre \u0161tandardn\u00e9 sacie hadice<br data-start=\"499\" data-end=\"502\" \/>\u2714 <strong data-start=\"504\" data-end=\"534\">Vysokokvalitn\u00e9 materi\u00e1ly<\/strong> - odoln\u00e9 vo\u010di mechanick\u00e9mu po\u0161kodeniu<br data-start=\"581\" data-end=\"584\" data-is-only-node=\"\" \/>\u2714 <strong data-start=\"586\" data-end=\"613\">Maxim\u00e1lna up\u00ednacia sila<\/strong> - zabezpe\u010duje pevn\u00e9 spojenie aj pri vysokom za\u0165a\u017een\u00ed<\/p>\n<p data-start=\"683\" data-end=\"1004\">\u2699 <strong data-start=\"685\" data-end=\"727\">Pou\u017eitie v hydraulick\u00fdch syst\u00e9moch<\/strong><br data-start=\"727\" data-end=\"730\" \/>Sacia hadicov\u00e1 svorka je nepostr\u00e1date\u013enou s\u00fa\u010das\u0165ou syst\u00e9mov <strong data-start=\"810\" data-end=\"845\">hydraulick\u00fd<\/strong>Robustn\u00e9 svorky zabra\u0148uj\u00fa \u00faniku a uvo\u013eneniu k\u00e1blov. Robustn\u00e9 svorky zabra\u0148uj\u00fa \u00faniku a uvo\u013eneniu k\u00e1blov.<\/p>\n<p data-start=\"1006\" data-end=\"1322\"><strong data-start=\"1009\" data-end=\"1053\">Jednoduch\u00e1 in\u0161tal\u00e1cia - r\u00fdchla a bezpe\u010dn\u00e1<\/strong><br data-start=\"1053\" data-end=\"1056\" \/>\u2714 <strong data-start=\"1058\" data-end=\"1093\">Bezpe\u010dn\u00e1 a odoln\u00e1 kon\u0161trukcia<\/strong> - odolnos\u0165 vo\u010di vysok\u00fdm tlakom a vibr\u00e1ci\u00e1m<br data-start=\"1134\" data-end=\"1137\" \/>\u2714 <strong data-start=\"1139\" data-end=\"1166\">Jednoduch\u00e1 mont\u00e1\u017e a demont\u00e1\u017e<\/strong> - r\u00fdchla mont\u00e1\u017e do syst\u00e9mu bez potreby \u0161pecializovan\u00e9ho n\u00e1radia<br data-start=\"1243\" data-end=\"1246\" \/>\u2714 <strong data-start=\"1248\" data-end=\"1283\">Vynikaj\u00faca stabilita pripojenia<\/strong> - minimalizuje riziko \u00faniku<\/p>\n<p data-start=\"1324\" data-end=\"1631\"><strong data-start=\"1327\" data-end=\"1385\">HYKO Supreme - spo\u013eahlivos\u0165 a odolnos\u0165 pri ka\u017edej in\u0161tal\u00e1cii!<\/strong><br data-start=\"1385\" data-end=\"1388\" \/>Svorka nas\u00e1vacej hadice je z\u00e1rukou <strong data-start=\"1444\" data-end=\"1503\">spo\u013eahlivos\u0165, trvanlivos\u0165 a \u0161pi\u010dkov\u00e1 kvalita spracovania<\/strong>. V\u010faka svojej prec\u00edznej kon\u0161trukcii a robustn\u00fdm materi\u00e1lom je ide\u00e1lny pre profesion\u00e1lne hydraulick\u00e9 syst\u00e9my.<\/p>\n<p data-start=\"1633\" data-end=\"1712\" data-is-last-node=\"\" data-is-only-node=\"\"><strong data-start=\"1636\" data-end=\"1709\">Pozrite si ponuku a vyberte si najlep\u0161ie rie\u0161enie pre va\u0161u in\u0161tal\u00e1ciu!<\/strong><\/p>\n<h3>HYKO - po\u013esk\u00e1 zna\u010dka pre n\u00e1ro\u010dn\u00fdch \u013eud\u00ed!<\/h3>\n<p>HYKO je po\u013esk\u00e1 zna\u010dka vytvoren\u00e1 pre t\u00fdch, ktor\u00ed h\u013eadaj\u00fa najlep\u0161ie rie\u0161enia za rozumn\u00fa cenu. Na\u0161ou prioritou je kombin\u00e1cia kvality a funk\u010dnosti, ktor\u00e1 je sk\u00f4r \u0161tandardom ako luxusom.<br \/>\nV\u010faka viac ako 25 rokom sk\u00fasenost\u00ed v tomto odvetv\u00ed pon\u00fakame najmodernej\u0161ie produkty, ktor\u00e9 sp\u013a\u0148aj\u00fa o\u010dak\u00e1vania aj t\u00fdch najn\u00e1ro\u010dnej\u0161\u00edch z\u00e1kazn\u00edkov. Ka\u017ed\u00fd n\u00e1\u0161 v\u00fdrobok je v\u00fdsledkom starostlivo vybran\u00fdch komponentov a prec\u00edznej kontroly kvality.<br \/>\n\u010c\u00edm sa spolo\u010dnos\u0165 HYKO odli\u0161uje?<br \/>\n\u0160pi\u010dkov\u00e1 kvalita: Starostlivo vybran\u00e9 komponenty od najlep\u0161\u00edch eur\u00f3pskych, indick\u00fdch a \u010d\u00ednskych dod\u00e1vate\u013eov.<br \/>\n\u2696\ufe0f Spravodliv\u00e1 cena: Plat\u00edte za skuto\u010dn\u00fa kvalitu, nie za zna\u010dku na \u0161t\u00edtku.<br \/>\n\u2705 Spo\u013eahlivos\u0165: na\u0161e v\u00fdrobky presahuj\u00fa normy a zaru\u010duj\u00fa dlhodob\u00fa a bezprobl\u00e9mov\u00fa prev\u00e1dzku.<br \/>\nPre\u010do si vybra\u0165 HYKO?<br \/>\nNajv\u00e4\u010d\u0161ie a najrenomovanej\u0161ie zna\u010dky u\u017e roky pou\u017e\u00edvaj\u00fa rie\u0161enia od \u010d\u00ednskych, indick\u00fdch a eur\u00f3pskych v\u00fdrobcov, ktor\u00e9 pou\u017e\u00edvame aj my. V\u010faka kontrolovan\u00fdm v\u00fdrobn\u00fdm procesom s\u00fa na\u0161e komponenty spo\u013eahliv\u00e9 aj v t\u00fdch najn\u00e1ro\u010dnej\u0161\u00edch podmienkach.<br \/>\nV\u00fdroba komponentov z Indie a \u010c\u00edny - spo\u013eahliv\u00e1 kvalita za dobr\u00fa cenu - neplat\u00edte za zna\u010dku na \u0161t\u00edtku v\u00fdrobku!<br \/>\nNa\u0161e komponenty z\u00edskavame nielen z Eur\u00f3py, ale aj od renomovan\u00fdch dod\u00e1vate\u013eov v Indii a \u010c\u00edne. V\u00fdrobn\u00e9 procesy v t\u00fdchto krajin\u00e1ch s\u00fa starostlivo monitorovan\u00e9 a kvalita komponentov \u010dasto prevy\u0161uje eur\u00f3pske normy. Spolupracujeme len so spolo\u010dnos\u0165ami, ktor\u00e9 zaru\u010duj\u00fa najvy\u0161\u0161iu kvalitu a inovat\u00edvne technol\u00f3gie. To n\u00e1m umo\u017e\u0148uje pon\u00faka\u0165 v\u00fdrobky za konkurencieschopn\u00e9 ceny pri zachovan\u00ed najvy\u0161\u0161\u00edch parametrov spo\u013eahlivosti a \u017eivotnosti.<br \/>\nKvalita a funk\u010dnos\u0165 za primeran\u00e9 peniaze!<br \/>\nV spolo\u010dnosti HYKO ver\u00edme, \u017ee je mo\u017en\u00e9 dod\u00e1va\u0165 spo\u013eahliv\u00e9 v\u00fdrobky bez kompromisov. Na\u0161e rie\u0161enia s\u00fa invest\u00edciou do v\u00fdkonu, spo\u013eahlivosti a spokojnosti na dlh\u00e9 roky.<br \/>\nKontaktujte n\u00e1s e\u0161te dnes a zistite, ako m\u00f4\u017ee HYKO zlep\u0161i\u0165 va\u0161u pr\u00e1cu! \u2728<\/p>","protected":false},"excerpt":{"rendered":"<h2 data-start=\"0\" data-end=\"51\"><strong data-start=\"4\" data-end=\"49\">Svorka sacieho potrubia | \u00d856-61 mm<\/strong><\/h2>\n<p data-start=\"53\" data-end=\"95\"><strong data-start=\"56\" data-end=\"90\">Robustn\u00e9 a spo\u013eahliv\u00e9 upevnenie<\/strong><\/p>\n<p data-start=\"97\" data-end=\"370\">Svorka nas\u00e1vacej hadice <strong data-start=\"127\" data-end=\"140\">\u00d856-61 mm<\/strong> je vysokokvalitn\u00e9 rie\u0161enie, ktor\u00e9 poskytuje <strong data-start=\"186\" data-end=\"220\">stabiln\u00e9 a pevn\u00e9 spojenie<\/strong> v hydraulick\u00fdch syst\u00e9moch. Je navrhnut\u00fd pre vysoko za\u0165a\u017eovan\u00e9 syst\u00e9my a zaru\u010duje trvanlivos\u0165 a odolnos\u0165 vo\u010di n\u00e1ro\u010dn\u00fdm pracovn\u00fdm podmienkam.<\/p>","protected":false},"featured_media":1473,"comment_status":"open","ping_status":"closed","template":"","meta":{"_acf_changed":false},"product_brand":[],"product_cat":[34],"product_tag":[],"class_list":{"0":"post-1472","1":"product","2":"type-product","3":"status-publish","4":"has-post-thumbnail","6":"product_cat-weze-przewody-adaptery","8":"first","9":"instock","10":"taxable","11":"shipping-taxable","12":"purchasable","13":"product-type-simple"},"acf":[],"_links":{"self":[{"href":"https:\/\/hyko.pl\/sk\/wp-json\/wp\/v2\/product\/1472","targetHints":{"allow":["GET"]}}],"collection":[{"href":"https:\/\/hyko.pl\/sk\/wp-json\/wp\/v2\/product"}],"about":[{"href":"https:\/\/hyko.pl\/sk\/wp-json\/wp\/v2\/types\/product"}],"replies":[{"embeddable":true,"href":"https:\/\/hyko.pl\/sk\/wp-json\/wp\/v2\/comments?post=1472"}],"wp:featuredmedia":[{"embeddable":true,"href":"https:\/\/hyko.pl\/sk\/wp-json\/wp\/v2\/media\/1473"}],"wp:attachment":[{"href":"https:\/\/hyko.pl\/sk\/wp-json\/wp\/v2\/media?parent=1472"}],"wp:term":[{"taxonomy":"product_brand","embeddable":true,"href":"https:\/\/hyko.pl\/sk\/wp-json\/wp\/v2\/product_brand?post=1472"},{"taxonomy":"product_cat","embeddable":true,"href":"https:\/\/hyko.pl\/sk\/wp-json\/wp\/v2\/product_cat?post=1472"},{"taxonomy":"product_tag","embeddable":true,"href":"https:\/\/hyko.pl\/sk\/wp-json\/wp\/v2\/product_tag?post=1472"}],"curies":[{"name":"wp","href":"https:\/\/api.w.org\/{rel}","templated":true}]}}