{"id":1475,"date":"2025-03-02T15:46:34","date_gmt":"2025-03-02T15:46:34","guid":{"rendered":"https:\/\/hyko.pl\/?post_type=product&#038;p=1475"},"modified":"2025-03-02T16:06:59","modified_gmt":"2025-03-02T16:06:59","slug":"silownik-podskrzyniowy-hyko-neoforce-ghs116-4-1720k","status":"publish","type":"product","link":"https:\/\/hyko.pl\/sk\/product-2\/hyko-neoforce-ghs116-4-1720k-motor-sub-box\/","title":{"rendered":"Podskrinkov\u00fd valec HYKO NeoFORCE GHS116-4-1720K"},"content":{"rendered":"<h2 data-start=\"0\" data-end=\"77\"><strong data-start=\"4\" data-end=\"75\">Podskrinkov\u00fd valec HYKO NeoFORCE GHS116-4-1720K<\/strong><\/h2>\n<h3 data-start=\"0\" data-end=\"77\"><strong data-start=\"4\" data-end=\"75\">Hypodermick\u00fd aktu\u00e1tor HYKO NeoFORCE - v\u00fdkon, odolnos\u0165 a spo\u013eahlivos\u0165<\/strong><\/h3>\n<p data-start=\"79\" data-end=\"133\"><strong data-start=\"82\" data-end=\"128\">Maxim\u00e1lny zdv\u00edhac\u00ed v\u00fdkon a sila<\/strong><\/p>\n<p data-start=\"135\" data-end=\"426\">Podlahov\u00fd pohon <strong data-start=\"158\" data-end=\"175\">HYKO NeoFORCE<\/strong> je najmodernej\u0161ie rie\u0161enie pre n\u00e1ro\u010dn\u00e9 syst\u00e9my vykl\u00e1pania \u00fa\u017eitkov\u00fdch vozidiel. Navrhnut\u00e9 pre <strong data-start=\"285\" data-end=\"323\">maxim\u00e1lny v\u00fdkon a \u017eivotnos\u0165<\/strong>, poskytn\u00fa\u0165 <strong data-start=\"336\" data-end=\"367\">bezkonkuren\u010dn\u00e1 zdv\u00edhacia sila<\/strong> a dlh\u00fa \u017eivotnos\u0165 v najn\u00e1ro\u010dnej\u0161\u00edch prev\u00e1dzkov\u00fdch podmienkach.<\/p>\n<p data-start=\"428\" data-end=\"756\"><strong data-start=\"431\" data-end=\"464\">Najd\u00f4le\u017eitej\u0161ie vlastnosti produktu:<\/strong><br data-start=\"464\" data-end=\"467\" \/>\u2714 <strong data-start=\"469\" data-end=\"505\">Kompaktn\u00e1 a robustn\u00e1 kon\u0161trukcia<\/strong> - umo\u017e\u0148uje in\u0161tal\u00e1ciu do r\u00f4znych typov vozidiel<br data-start=\"550\" data-end=\"553\" \/>\u2714 <strong data-start=\"555\" data-end=\"580\">Maxim\u00e1lna stabilita<\/strong> - zni\u017euje riziko po\u0161kodenia vozidla po\u010das vykl\u00e1pania<br data-start=\"641\" data-end=\"644\" \/>\u2714 <strong data-start=\"646\" data-end=\"685\">Odolnos\u0165 vo\u010di extr\u00e9mnemu za\u0165a\u017eeniu<\/strong> - zaru\u010duje spo\u013eahliv\u00fa prev\u00e1dzku aj v t\u00fdch najn\u00e1ro\u010dnej\u0161\u00edch podmienkach<\/p>\n<p data-start=\"758\" data-end=\"1071\">\u2699 <strong data-start=\"760\" data-end=\"811\">Dlh\u00e1 \u017eivotnos\u0165 a minim\u00e1lna \u00fadr\u017eba<\/strong><br data-start=\"811\" data-end=\"814\" \/>Aktu\u00e1tory <strong data-start=\"824\" data-end=\"841\">HYKO NeoFORCE<\/strong> s\u00fa navrhnut\u00e9 tak, aby poskytovali <strong data-start=\"884\" data-end=\"939\">maxim\u00e1lna \u017eivotnos\u0165 a minim\u00e1lne po\u017eiadavky na \u00fadr\u017ebu<\/strong>. V\u010faka pou\u017eitiu vysokokvalitn\u00fdch materi\u00e1lov a prec\u00edznemu in\u017einierstvu je ich prev\u00e1dzka <strong data-start=\"1037\" data-end=\"1068\">\u00fasporn\u00e9 a bezprobl\u00e9mov\u00e9<\/strong>.<\/p>\n<p data-start=\"1073\" data-end=\"1436\"><strong data-start=\"1076\" data-end=\"1114\">V\u0161estrannos\u0165 a jednoduch\u00e1 in\u0161tal\u00e1cia<\/strong><br data-start=\"1114\" data-end=\"1117\" \/>\u2714 <strong data-start=\"1119\" data-end=\"1161\">Prisp\u00f4sobenie r\u00f4znym typom vozidiel<\/strong> - Pohony HYKO NeoFORCE s\u00fa vhodn\u00e9 pre \u0161irok\u00fa \u0161k\u00e1lu kon\u0161trukci\u00ed skl\u00e1pa\u010dov<br data-start=\"1233\" data-end=\"1236\" \/>\u2714 <strong data-start=\"1238\" data-end=\"1291\">Bezprobl\u00e9mov\u00e1 integr\u00e1cia do hydraulick\u00e9ho syst\u00e9mu<\/strong> - r\u00fdchla in\u0161tal\u00e1cia a vysok\u00e1 kompatibilita<br data-start=\"1331\" data-end=\"1334\" \/>\u2714 <strong data-start=\"1336\" data-end=\"1360\">Odoln\u00e9 tesnenia<\/strong> - zabezpe\u010duj\u00fa maxim\u00e1lnu tesnos\u0165 a odolnos\u0165 vo\u010di intenz\u00edvnemu pou\u017e\u00edvaniu<\/p>\n<p data-start=\"1438\" data-end=\"1784\"><strong data-start=\"1441\" data-end=\"1497\">HYKO NeoFORCE - technol\u00f3gia, na ktor\u00fa sa m\u00f4\u017eete spo\u013eahn\u00fa\u0165!<\/strong><br data-start=\"1497\" data-end=\"1500\" \/>Pohony pod skrinku <strong data-start=\"1523\" data-end=\"1540\">HYKO NeoFORCE<\/strong> je osved\u010den\u00fdm rie\u0161en\u00edm pre t\u00fdch, ktor\u00ed chc\u00fa <strong data-start=\"1593\" data-end=\"1634\">spo\u013eahlivos\u0165, pevnos\u0165 a dlh\u00e1 \u017eivotnos\u0165<\/strong>. V\u010faka ich robustnej kon\u0161trukcii, vysokej stabilite a n\u00edzkym n\u00e1rokom na \u00fadr\u017ebu <strong data-start=\"1725\" data-end=\"1781\">najlep\u0161ia vo\u013eba pre modern\u00e9 skl\u00e1pacie syst\u00e9my<\/strong>.<\/p>\n<p data-start=\"1786\" data-end=\"1865\" data-is-last-node=\"\" data-is-only-node=\"\"><strong data-start=\"1789\" data-end=\"1862\">Pozrite si ponuku a vyberte si pohony HYKO NeoFORCE pre svoje vozidlo!<\/strong><\/p>\n<p data-start=\"78\" data-end=\"137\"><span style=\"font-family: -apple-system, BlinkMacSystemFont, 'Segoe UI', Roboto, 'Helvetica Neue', Arial, 'Noto Sans', sans-serif, 'Apple Color Emoji', 'Segoe UI Emoji', 'Segoe UI Symbol', 'Noto Color Emoji';\">HYKO - po\u013esk\u00e1 zna\u010dka pre n\u00e1ro\u010dn\u00fdch \u013eud\u00ed!<\/span><\/p>\n<p>HYKO je po\u013esk\u00e1 zna\u010dka vytvoren\u00e1 pre t\u00fdch, ktor\u00ed h\u013eadaj\u00fa najlep\u0161ie rie\u0161enia za rozumn\u00fa cenu. Na\u0161ou prioritou je kombin\u00e1cia kvality a funk\u010dnosti, ktor\u00e1 je sk\u00f4r \u0161tandardom ako luxusom.<br \/>\nV\u010faka viac ako 25 rokom sk\u00fasenost\u00ed v tomto odvetv\u00ed pon\u00fakame najmodernej\u0161ie produkty, ktor\u00e9 sp\u013a\u0148aj\u00fa o\u010dak\u00e1vania aj t\u00fdch najn\u00e1ro\u010dnej\u0161\u00edch z\u00e1kazn\u00edkov. Ka\u017ed\u00fd n\u00e1\u0161 v\u00fdrobok je v\u00fdsledkom starostlivo vybran\u00fdch komponentov a prec\u00edznej kontroly kvality.<br \/>\n\u010c\u00edm sa spolo\u010dnos\u0165 HYKO odli\u0161uje?<br \/>\n\u0160pi\u010dkov\u00e1 kvalita: Starostlivo vybran\u00e9 komponenty od najlep\u0161\u00edch eur\u00f3pskych, indick\u00fdch a \u010d\u00ednskych dod\u00e1vate\u013eov.<br \/>\n\u2696\ufe0f Spravodliv\u00e1 cena: Plat\u00edte za skuto\u010dn\u00fa kvalitu, nie za zna\u010dku na \u0161t\u00edtku.<br \/>\n\u2705 Spo\u013eahlivos\u0165: na\u0161e v\u00fdrobky presahuj\u00fa normy a zaru\u010duj\u00fa dlhodob\u00fa a bezprobl\u00e9mov\u00fa prev\u00e1dzku.<br \/>\nPre\u010do si vybra\u0165 HYKO?<br \/>\nNajv\u00e4\u010d\u0161ie a najrenomovanej\u0161ie zna\u010dky u\u017e roky pou\u017e\u00edvaj\u00fa rie\u0161enia od \u010d\u00ednskych, indick\u00fdch a eur\u00f3pskych v\u00fdrobcov, ktor\u00e9 pou\u017e\u00edvame aj my. V\u010faka kontrolovan\u00fdm v\u00fdrobn\u00fdm procesom s\u00fa na\u0161e komponenty spo\u013eahliv\u00e9 aj v t\u00fdch najn\u00e1ro\u010dnej\u0161\u00edch podmienkach.<br \/>\nV\u00fdroba komponentov z Indie a \u010c\u00edny - spo\u013eahliv\u00e1 kvalita za dobr\u00fa cenu - neplat\u00edte za zna\u010dku na \u0161t\u00edtku v\u00fdrobku!<br \/>\nNa\u0161e komponenty z\u00edskavame nielen z Eur\u00f3py, ale aj od renomovan\u00fdch dod\u00e1vate\u013eov v Indii a \u010c\u00edne. V\u00fdrobn\u00e9 procesy v t\u00fdchto krajin\u00e1ch s\u00fa starostlivo monitorovan\u00e9 a kvalita komponentov \u010dasto prevy\u0161uje eur\u00f3pske normy. Spolupracujeme len so spolo\u010dnos\u0165ami, ktor\u00e9 zaru\u010duj\u00fa najvy\u0161\u0161iu kvalitu a inovat\u00edvne technol\u00f3gie. To n\u00e1m umo\u017e\u0148uje pon\u00faka\u0165 v\u00fdrobky za konkurencieschopn\u00e9 ceny pri zachovan\u00ed najvy\u0161\u0161\u00edch parametrov spo\u013eahlivosti a \u017eivotnosti.<br \/>\nKvalita a funk\u010dnos\u0165 za primeran\u00e9 peniaze!<br \/>\nV spolo\u010dnosti HYKO ver\u00edme, \u017ee je mo\u017en\u00e9 dod\u00e1va\u0165 spo\u013eahliv\u00e9 v\u00fdrobky bez kompromisov. Na\u0161e rie\u0161enia s\u00fa invest\u00edciou do v\u00fdkonu, spo\u013eahlivosti a spokojnosti na dlh\u00e9 roky.<br \/>\nKontaktujte n\u00e1s e\u0161te dnes a zistite, ako m\u00f4\u017ee HYKO zlep\u0161i\u0165 va\u0161u pr\u00e1cu! \u2728<\/p>","protected":false},"excerpt":{"rendered":"<h3 data-start=\"0\" data-end=\"77\"><strong data-start=\"4\" data-end=\"75\">Hypodermick\u00fd aktu\u00e1tor HYKO NeoFORCE - v\u00fdkon, odolnos\u0165 a spo\u013eahlivos\u0165<\/strong><\/h3>\n<p data-start=\"79\" data-end=\"133\"><strong data-start=\"82\" data-end=\"128\">Maxim\u00e1lny zdv\u00edhac\u00ed v\u00fdkon a sila<\/strong><\/p>\n<p data-start=\"135\" data-end=\"426\">Podlahov\u00fd pohon <strong data-start=\"158\" data-end=\"175\">HYKO NeoFORCE<\/strong> je najmodernej\u0161ie rie\u0161enie pre n\u00e1ro\u010dn\u00e9 syst\u00e9my vykl\u00e1pania \u00fa\u017eitkov\u00fdch vozidiel. Navrhnut\u00e9 pre <strong data-start=\"285\" data-end=\"323\">maxim\u00e1lny v\u00fdkon a \u017eivotnos\u0165<\/strong>, poskytn\u00fa\u0165 <strong data-start=\"336\" data-end=\"367\">bezkonkuren\u010dn\u00e1 zdv\u00edhacia sila<\/strong> a dlh\u00fa \u017eivotnos\u0165 v najn\u00e1ro\u010dnej\u0161\u00edch prev\u00e1dzkov\u00fdch podmienkach.<\/p>\n<p data-start=\"462\" data-end=\"785\">","protected":false},"featured_media":1476,"comment_status":"open","ping_status":"closed","template":"","meta":{"_acf_changed":false},"product_brand":[],"product_cat":[23],"product_tag":[],"class_list":{"0":"post-1475","1":"product","2":"type-product","3":"status-publish","4":"has-post-thumbnail","6":"product_cat-silowniki-pod-skrzyniowe","8":"first","9":"instock","10":"taxable","11":"shipping-taxable","12":"purchasable","13":"product-type-simple"},"acf":[],"_links":{"self":[{"href":"https:\/\/hyko.pl\/sk\/wp-json\/wp\/v2\/product\/1475","targetHints":{"allow":["GET"]}}],"collection":[{"href":"https:\/\/hyko.pl\/sk\/wp-json\/wp\/v2\/product"}],"about":[{"href":"https:\/\/hyko.pl\/sk\/wp-json\/wp\/v2\/types\/product"}],"replies":[{"embeddable":true,"href":"https:\/\/hyko.pl\/sk\/wp-json\/wp\/v2\/comments?post=1475"}],"wp:featuredmedia":[{"embeddable":true,"href":"https:\/\/hyko.pl\/sk\/wp-json\/wp\/v2\/media\/1476"}],"wp:attachment":[{"href":"https:\/\/hyko.pl\/sk\/wp-json\/wp\/v2\/media?parent=1475"}],"wp:term":[{"taxonomy":"product_brand","embeddable":true,"href":"https:\/\/hyko.pl\/sk\/wp-json\/wp\/v2\/product_brand?post=1475"},{"taxonomy":"product_cat","embeddable":true,"href":"https:\/\/hyko.pl\/sk\/wp-json\/wp\/v2\/product_cat?post=1475"},{"taxonomy":"product_tag","embeddable":true,"href":"https:\/\/hyko.pl\/sk\/wp-json\/wp\/v2\/product_tag?post=1475"}],"curies":[{"name":"wp","href":"https:\/\/api.w.org\/{rel}","templated":true}]}}