{"id":1747,"date":"2025-03-18T19:56:06","date_gmt":"2025-03-18T19:56:06","guid":{"rendered":"https:\/\/hyko.pl\/?post_type=product&#038;p=1747"},"modified":"2025-03-18T20:24:44","modified_gmt":"2025-03-18T20:24:44","slug":"sterowanie-pneumatyczne-hyko-do-zaworu-sterowanie-wywrotem-oraz-pto-z-sygnalizacja-swietlna-i-zlaczkami-elektrycznymi-kopia","status":"publish","type":"product","link":"https:\/\/hyko.pl\/sk\/product-2\/pneumaticke-ovladanie-hyko-pre-sklapaci-ventil-a-pto-so-svetelnou-signalizaciou-a-elektrickymi-pripojkami-kopia\/","title":{"rendered":"Pneumatick\u00e9 ovl\u00e1danie HYKO pre ventil (ovl\u00e1danie vykl\u00e1pania a PTO) so svetelnou signaliz\u00e1ciou a elektrick\u00fdmi pr\u00edpojkami"},"content":{"rendered":"<h2 data-start=\"0\" data-end=\"68\">Pneumatick\u00e9 ovl\u00e1danie HYKO pre ventil (ovl\u00e1danie vykl\u00e1pania a PTO) so svetelnou signaliz\u00e1ciou a elektrick\u00fdmi pr\u00edpojkami<\/h2>\n<h3 data-start=\"0\" data-end=\"68\"><strong data-start=\"4\" data-end=\"66\">Pneumatick\u00e9 riadenie HYKO - presn\u00e9 riadenie nakl\u00e1pania<\/strong><\/h3>\n<p data-start=\"70\" data-end=\"140\"><strong data-start=\"73\" data-end=\"135\">Ovl\u00e1danie vykl\u00e1pania s maxim\u00e1lnou presnos\u0165ou a bezpe\u010dnos\u0165ou<\/strong><\/p>\n<p data-start=\"142\" data-end=\"508\">Pneumatick\u00e9 ovl\u00e1danie <strong data-start=\"166\" data-end=\"174\">HYKO<\/strong> je spo\u013eahliv\u00fdm rie\u0161en\u00edm na zabezpe\u010denie <strong data-start=\"214\" data-end=\"253\">\u00fapln\u00e1 kontrola nad vykl\u00e1pan\u00edm<\/strong>. V\u010faka pou\u017eitiu <strong data-start=\"275\" data-end=\"302\">proporcion\u00e1lny ventil<\/strong>pou\u017e\u00edvate\u013e m\u00f4\u017ee <strong data-start=\"320\" data-end=\"362\">nastavenie r\u00fdchlosti sp\u00fa\u0161\u0165ania boxu<\/strong>aby vyhovovali pracovn\u00fdm podmienkam. Robustn\u00e1 kon\u0161trukcia a vysok\u00e1 kvalita spracovania s\u00fa z\u00e1rukou <strong data-start=\"459\" data-end=\"505\">dlh\u00e1 \u017eivotnos\u0165 a bezporuchov\u00e1 prev\u00e1dzka<\/strong>.<\/p>\n<p data-start=\"510\" data-end=\"907\"><strong data-start=\"513\" data-end=\"553\">K\u013e\u00fa\u010dov\u00e9 vlastnosti ovl\u00e1dania HYKO:<\/strong><br data-start=\"553\" data-end=\"556\" \/>\u2714 <strong data-start=\"558\" data-end=\"604\">Presn\u00e9 nastavenie r\u00fdchlosti sp\u00fa\u0161\u0165ania<\/strong> - proporcion\u00e1lne p\u00e1kov\u00e9 ovl\u00e1danie vzduchu<br data-start=\"662\" data-end=\"665\" \/>\u2714 <strong data-start=\"667\" data-end=\"719\">Automatick\u00e9 odpojenie PTO po\u010das sp\u00fa\u0161\u0165ania<\/strong> - ochrana proti pre\u0165a\u017eeniu syst\u00e9mu<br data-start=\"756\" data-end=\"759\" \/>\u2714 <strong data-start=\"761\" data-end=\"810\">Jasn\u00e9 smerov\u00e9 zna\u010denie (hore\/dole)<\/strong> - intuit\u00edvne ovl\u00e1danie<br data-start=\"831\" data-end=\"834\" \/>\u2714 <strong data-start=\"836\" data-end=\"879\">Mosadzn\u00fd tlmi\u010d hluku M5 na v\u00fdstupe vzduchu<\/strong> - tich\u00e1 a efekt\u00edvna prev\u00e1dzka<\/p>\n<p data-start=\"909\" data-end=\"1409\">\u2699 <strong data-start=\"911\" data-end=\"930\">Technick\u00e9 \u00fadaje<\/strong><br data-start=\"930\" data-end=\"933\" \/>\u2714 <strong data-start=\"935\" data-end=\"957\">Prev\u00e1dzkov\u00fd tlak:<\/strong> <strong data-start=\"958\" data-end=\"970\">5-12 barov<\/strong><br data-start=\"970\" data-end=\"973\" \/>\u2714 <strong data-start=\"975\" data-end=\"1003\">Rozsah prev\u00e1dzkov\u00fdch tepl\u00f4t:<\/strong> <strong data-start=\"1004\" data-end=\"1025\">od -40 \u00b0C do +80 \u00b0C<\/strong><br data-start=\"1025\" data-end=\"1028\" data-is-only-node=\"\" \/>\u2714 <strong data-start=\"1030\" data-end=\"1066\">Pneumatick\u00e9 pripojovacie z\u00e1vity:<\/strong><br data-start=\"1066\" data-end=\"1069\" \/><strong data-start=\"1072\" data-end=\"1097\">1 (Pr\u00edvod vzduchu):<\/strong> G1\/8\", h\u013abka 10 mm<br data-start=\"1120\" data-end=\"1123\" \/><strong data-start=\"1126\" data-end=\"1151\">3 (v\u00fdfuk vzduchu):<\/strong> M5x0,8, h\u013abka 5 mm<br data-start=\"1174\" data-end=\"1177\" \/><strong data-start=\"1180\" data-end=\"1218\">21 (Sp\u00fa\u0161\u0165anie pr\u00edvodn\u00e9ho ventilu):<\/strong> G1\/8\", h\u013abka 10 mm<br data-start=\"1241\" data-end=\"1244\" \/><strong data-start=\"1247\" data-end=\"1281\">22 (Pr\u00edvod skl\u00e1pacieho ventilu):<\/strong> G1\/8\", h\u013abka 10 mm<br data-start=\"1304\" data-end=\"1307\" \/><strong data-start=\"1310\" data-end=\"1334\">23 (ovl\u00e1danie PTO):<\/strong> G1\/8\", h\u013abka 10 mm<br data-start=\"1357\" data-end=\"1360\" \/>\u2714 <strong data-start=\"1362\" data-end=\"1397\">Priemer vzduchov\u00e9ho potrubia:<\/strong> <strong data-start=\"1398\" data-end=\"1407\">\u00d86 mm<\/strong><\/p>\n<p data-start=\"1411\" data-end=\"1726\"><strong data-start=\"1414\" data-end=\"1437\">Kontroln\u00e9 poz\u00edcie:<\/strong><br data-start=\"1437\" data-end=\"1440\" \/><strong data-start=\"1443\" data-end=\"1451\">STOP<\/strong> - blokovanie (pre spustenie zdvihnite hlavu)<br data-start=\"1494\" data-end=\"1497\" \/><strong data-start=\"1500\" data-end=\"1510\">EXTR\u00c9MNE<\/strong> - nakloni\u0165 skrinku (zatla\u010di\u0165 p\u00e1\u010dku dopredu).<br data-start=\"1559\" data-end=\"1562\" \/><strong data-start=\"1565\" data-end=\"1580\">VYHL\u00c1SENIE<\/strong> - vr\u00e1tenie skrinky do p\u00f4vodnej polohy (pohyb p\u00e1ky dozadu)<br data-start=\"1647\" data-end=\"1650\" \/><strong data-start=\"1653\" data-end=\"1670\">ZAPNUT\u00dd V\u00ddVODOV\u00dd HRIADE\u013d<\/strong> - aktiv\u00e1cia nadstavca (zatla\u010dte p\u00e1\u010dku nahor)<\/p>\n<p data-start=\"1728\" data-end=\"2009\"><strong data-start=\"1731\" data-end=\"1777\">HYKO - kontrola, na ktor\u00fa sa m\u00f4\u017eete spo\u013eahn\u00fa\u0165!<\/strong><br data-start=\"1777\" data-end=\"1780\" \/>Pneumatick\u00e9 ovl\u00e1dacie prvky HYKO s\u00fa <strong data-start=\"1812\" data-end=\"1855\">presnos\u0165, bezpe\u010dnos\u0165 a spo\u013eahlivos\u0165<\/strong> pri akomko\u013evek vykl\u00e1pan\u00ed. V\u010faka <strong data-start=\"1890\" data-end=\"1933\">jednoduch\u00e1 obsluha a robustn\u00e1 kon\u0161trukcia<\/strong>, poskytn\u00fa\u0165 <strong data-start=\"1946\" data-end=\"2006\">komfort a dlh\u00e1 \u017eivotnos\u0165 v n\u00e1ro\u010dn\u00fdch podmienkach<\/strong>.<\/p>\n<p data-start=\"2011\" data-end=\"2113\" data-is-last-node=\"\" data-is-only-node=\"\"><strong data-start=\"2014\" data-end=\"2110\">Pozrite si sortiment HYKO a vyberte si najlep\u0161ie pneumatick\u00e9 ovl\u00e1danie pre svoj skl\u00e1pac\u00ed syst\u00e9m!<\/strong><\/p>\n<h3>HYKO - po\u013esk\u00e1 zna\u010dka pre n\u00e1ro\u010dn\u00fdch \u013eud\u00ed!<\/h3>\n<p>HYKO je po\u013esk\u00e1 zna\u010dka vytvoren\u00e1 pre t\u00fdch, ktor\u00ed h\u013eadaj\u00fa najlep\u0161ie rie\u0161enia za rozumn\u00fa cenu. Na\u0161ou prioritou je kombin\u00e1cia kvality a funk\u010dnosti, ktor\u00e1 je sk\u00f4r \u0161tandardom ako luxusom.<br \/>\nV\u010faka viac ako 25 rokom sk\u00fasenost\u00ed v tomto odvetv\u00ed pon\u00fakame najmodernej\u0161ie produkty, ktor\u00e9 sp\u013a\u0148aj\u00fa o\u010dak\u00e1vania aj t\u00fdch najn\u00e1ro\u010dnej\u0161\u00edch z\u00e1kazn\u00edkov. Ka\u017ed\u00fd n\u00e1\u0161 v\u00fdrobok je v\u00fdsledkom starostlivo vybran\u00fdch komponentov a prec\u00edznej kontroly kvality.<br \/>\n\u010c\u00edm sa spolo\u010dnos\u0165 HYKO odli\u0161uje?<br \/>\n\u0160pi\u010dkov\u00e1 kvalita: Starostlivo vybran\u00e9 komponenty od najlep\u0161\u00edch eur\u00f3pskych, indick\u00fdch a \u010d\u00ednskych dod\u00e1vate\u013eov.<br \/>\n\u2696\ufe0f Spravodliv\u00e1 cena: Plat\u00edte za skuto\u010dn\u00fa kvalitu, nie za zna\u010dku na \u0161t\u00edtku.<br \/>\n\u2705 Spo\u013eahlivos\u0165: na\u0161e v\u00fdrobky presahuj\u00fa normy a zaru\u010duj\u00fa dlhodob\u00fa a bezprobl\u00e9mov\u00fa prev\u00e1dzku.<br \/>\nPre\u010do si vybra\u0165 HYKO?<br \/>\nNajv\u00e4\u010d\u0161ie a najrenomovanej\u0161ie zna\u010dky u\u017e roky pou\u017e\u00edvaj\u00fa rie\u0161enia od \u010d\u00ednskych, indick\u00fdch a eur\u00f3pskych v\u00fdrobcov, ktor\u00e9 pou\u017e\u00edvame aj my. V\u010faka kontrolovan\u00fdm v\u00fdrobn\u00fdm procesom s\u00fa na\u0161e komponenty spo\u013eahliv\u00e9 aj v t\u00fdch najn\u00e1ro\u010dnej\u0161\u00edch podmienkach.<br \/>\nV\u00fdroba komponentov z Indie a \u010c\u00edny - spo\u013eahliv\u00e1 kvalita za dobr\u00fa cenu - neplat\u00edte za zna\u010dku na \u0161t\u00edtku v\u00fdrobku!<br \/>\nNa\u0161e komponenty z\u00edskavame nielen z Eur\u00f3py, ale aj od renomovan\u00fdch dod\u00e1vate\u013eov v Indii a \u010c\u00edne. V\u00fdrobn\u00e9 procesy v t\u00fdchto krajin\u00e1ch s\u00fa starostlivo monitorovan\u00e9 a kvalita komponentov \u010dasto prevy\u0161uje eur\u00f3pske normy. Spolupracujeme len so spolo\u010dnos\u0165ami, ktor\u00e9 zaru\u010duj\u00fa najvy\u0161\u0161iu kvalitu a inovat\u00edvne technol\u00f3gie. To n\u00e1m umo\u017e\u0148uje pon\u00faka\u0165 v\u00fdrobky za konkurencieschopn\u00e9 ceny pri zachovan\u00ed najvy\u0161\u0161\u00edch parametrov spo\u013eahlivosti a \u017eivotnosti.<br \/>\nKvalita a funk\u010dnos\u0165 za primeran\u00e9 peniaze!<br \/>\nV spolo\u010dnosti HYKO ver\u00edme, \u017ee je mo\u017en\u00e9 dod\u00e1va\u0165 spo\u013eahliv\u00e9 v\u00fdrobky bez kompromisov. Na\u0161e rie\u0161enia s\u00fa invest\u00edciou do v\u00fdkonu, spo\u013eahlivosti a spokojnosti na dlh\u00e9 roky.<br \/>\nKontaktujte n\u00e1s e\u0161te dnes a zistite, ako m\u00f4\u017ee HYKO zlep\u0161i\u0165 va\u0161u pr\u00e1cu! \u2728<\/p>","protected":false},"excerpt":{"rendered":"<h2 data-start=\"0\" data-end=\"68\">Pneumatick\u00e9 ovl\u00e1danie HYKO pre ventil (ovl\u00e1danie vykl\u00e1pania a PTO) so svetelnou signaliz\u00e1ciou a elektrick\u00fdmi pr\u00edpojkami<\/h2>\n<h3 data-start=\"0\" data-end=\"68\"><strong data-start=\"73\" data-end=\"135\">Ovl\u00e1danie vykl\u00e1pania s maxim\u00e1lnou presnos\u0165ou a bezpe\u010dnos\u0165ou<\/strong><\/h3>\n<p data-start=\"142\" data-end=\"508\">Pneumatick\u00e9 ovl\u00e1danie <strong data-start=\"166\" data-end=\"174\">HYKO<\/strong> je spo\u013eahliv\u00fdm rie\u0161en\u00edm na zabezpe\u010denie <strong data-start=\"214\" data-end=\"253\">\u00fapln\u00e1 kontrola nad vykl\u00e1pan\u00edm<\/strong>. V\u010faka pou\u017eitiu <strong data-start=\"275\" data-end=\"302\">proporcion\u00e1lny ventil<\/strong>pou\u017e\u00edvate\u013e m\u00f4\u017ee <strong data-start=\"320\" data-end=\"362\">nastavenie r\u00fdchlosti sp\u00fa\u0161\u0165ania boxu<\/strong>aby vyhovovali pracovn\u00fdm podmienkam. Robustn\u00e1 kon\u0161trukcia a vysok\u00e1 kvalita spracovania s\u00fa z\u00e1rukou <strong data-start=\"459\" data-end=\"505\">dlh\u00e1 \u017eivotnos\u0165 a bezporuchov\u00e1 prev\u00e1dzka<\/strong>.<\/p>","protected":false},"featured_media":1745,"comment_status":"open","ping_status":"closed","template":"","meta":{"_acf_changed":false},"product_brand":[],"product_cat":[30],"product_tag":[],"class_list":{"0":"post-1747","1":"product","2":"type-product","3":"status-publish","4":"has-post-thumbnail","6":"product_cat-sterowania-pneumatyczne","8":"first","9":"instock","10":"taxable","11":"shipping-taxable","12":"purchasable","13":"product-type-simple"},"acf":[],"_links":{"self":[{"href":"https:\/\/hyko.pl\/sk\/wp-json\/wp\/v2\/product\/1747","targetHints":{"allow":["GET"]}}],"collection":[{"href":"https:\/\/hyko.pl\/sk\/wp-json\/wp\/v2\/product"}],"about":[{"href":"https:\/\/hyko.pl\/sk\/wp-json\/wp\/v2\/types\/product"}],"replies":[{"embeddable":true,"href":"https:\/\/hyko.pl\/sk\/wp-json\/wp\/v2\/comments?post=1747"}],"wp:featuredmedia":[{"embeddable":true,"href":"https:\/\/hyko.pl\/sk\/wp-json\/wp\/v2\/media\/1745"}],"wp:attachment":[{"href":"https:\/\/hyko.pl\/sk\/wp-json\/wp\/v2\/media?parent=1747"}],"wp:term":[{"taxonomy":"product_brand","embeddable":true,"href":"https:\/\/hyko.pl\/sk\/wp-json\/wp\/v2\/product_brand?post=1747"},{"taxonomy":"product_cat","embeddable":true,"href":"https:\/\/hyko.pl\/sk\/wp-json\/wp\/v2\/product_cat?post=1747"},{"taxonomy":"product_tag","embeddable":true,"href":"https:\/\/hyko.pl\/sk\/wp-json\/wp\/v2\/product_tag?post=1747"}],"curies":[{"name":"wp","href":"https:\/\/api.w.org\/{rel}","templated":true}]}}